{"id":55665,"date":"2024-10-01T16:14:03","date_gmt":"2024-10-01T16:14:03","guid":{"rendered":"https:\/\/de-prime.com\/?p=55665"},"modified":"2024-10-01T16:42:26","modified_gmt":"2024-10-01T16:42:26","slug":"bestway-luftbett-203x152x22-cm-67003","status":"publish","type":"product","link":"https:\/\/de-prime.com\/index.php\/product\/bestway-luftbett-203x152x22-cm-67003\/","title":{"rendered":"Bestway Luftbett 203\u00d7152\u00d722 cm 67003"},"content":{"rendered":"<p>Dieses beflockte Doppel-Luftbett 67003 von Bestway, das eine starke Vinylspulenkonstruktion hat, ist \u00e4u\u00dferst komfortabel und eine gute Wahl f\u00fcr Campingreisen. Die wasserdichte, beflockte Oberschicht verhindert das Verrutschen der Bettlaken und sorgt f\u00fcr zus\u00e4tzlichen Komfort. Diese leichte, aufblasbare Matratze mit einer L\u00e4nge von 203 cm kann auf eine H\u00f6he von 22 cm aufgeblasen werden, sodass Sie auf dem Campingplatz bequem schlafen k\u00f6nnen. Das Luftbett kann schnell aufgepumpt und entleert werden. Au\u00dferdem kann es zur einfachen Aufbewahrung oder Transport leicht zusammengefaltet werden. Bitte beachten Sie: Keine Pumpe im Lieferumfang enthalten!<\/p>\n<ul>\n<li>Farbe: Marineblau<\/li>\n<li>Abmessungen: 203 x 152 x 22 cm (L x B x H)<\/li>\n<li>Starke Vinylspulenkonstruktion<\/li>\n<li>F\u00fcr drinnen und drau\u00dfen geeignet<\/li>\n<li>Bestway Artikelnummer: 67003<\/li>\n<li>Material: PVC: 100%<\/li>\n<\/ul>\n","protected":false},"excerpt":{"rendered":"<ul>\n<li>Farbe: Marineblau<\/li>\n<li>Abmessungen: 203 x 152 x 22 cm (L x B x H)<\/li>\n<li>Starke Vinylspulenkonstruktion<\/li>\n<li>F\u00fcr drinnen und drau\u00dfen geeignet<\/li>\n<li>Bestway Artikelnummer: 67003<\/li>\n<li>Material: PVC: 100%<\/li>\n<\/ul>\n","protected":false},"featured_media":10000055665,"comment_status":"closed","ping_status":"closed","template":"","meta":[],"product_brand":[],"product_cat":[6859,6862,6927,6837,6836],"product_tag":[],"class_list":{"0":"post-55665","1":"product","2":"type-product","3":"status-publish","4":"has-post-thumbnail","6":"product_cat-camping-wandern","7":"product_cat-camping-moebel","8":"product_cat-luftbetten","9":"product_cat-outdoor-aktivitaeten","10":"product_cat-sportartikel","12":"first","13":"outofstock","14":"taxable","15":"shipping-taxable","16":"purchasable","17":"product-type-simple","18":"add-to-wishlist-after_add_to_cart"},"jetpack_sharing_enabled":true,"_links":{"self":[{"href":"https:\/\/de-prime.com\/index.php\/wp-json\/wp\/v2\/product\/55665","targetHints":{"allow":["GET"]}}],"collection":[{"href":"https:\/\/de-prime.com\/index.php\/wp-json\/wp\/v2\/product"}],"about":[{"href":"https:\/\/de-prime.com\/index.php\/wp-json\/wp\/v2\/types\/product"}],"replies":[{"embeddable":true,"href":"https:\/\/de-prime.com\/index.php\/wp-json\/wp\/v2\/comments?post=55665"}],"wp:featuredmedia":[{"embeddable":true,"href":"https:\/\/de-prime.com\/index.php\/wp-json\/"}],"wp:attachment":[{"href":"https:\/\/de-prime.com\/index.php\/wp-json\/wp\/v2\/media?parent=55665"}],"wp:term":[{"taxonomy":"product_brand","embeddable":true,"href":"https:\/\/de-prime.com\/index.php\/wp-json\/wp\/v2\/product_brand?post=55665"},{"taxonomy":"product_cat","embeddable":true,"href":"https:\/\/de-prime.com\/index.php\/wp-json\/wp\/v2\/product_cat?post=55665"},{"taxonomy":"product_tag","embeddable":true,"href":"https:\/\/de-prime.com\/index.php\/wp-json\/wp\/v2\/product_tag?post=55665"}],"curies":[{"name":"wp","href":"https:\/\/api.w.org\/{rel}","templated":true}]}}