{"id":55664,"date":"2024-10-01T16:14:03","date_gmt":"2024-10-01T16:14:03","guid":{"rendered":"https:\/\/de-prime.com\/?p=55664"},"modified":"2024-10-01T16:42:25","modified_gmt":"2024-10-01T16:42:25","slug":"bestway-luftmatratze-aufblasbar-beflockt-191x137x22-cm-67002","status":"publish","type":"product","link":"https:\/\/de-prime.com\/index.php\/product\/bestway-luftmatratze-aufblasbar-beflockt-191x137x22-cm-67002\/","title":{"rendered":"Bestway Luftmatratze Aufblasbar Beflockt 191\u00d7137\u00d722 cm 67002"},"content":{"rendered":"<p>Dieses beflockte Doppel-Luftbett Bestway 67002 hat eine starke Vinylspulenkonstruktion und ist daher sehr komfortabel und perfekt f\u00fcr Campen! Die wasserfeste, beflockte Oberschicht verhindert das Verrutschen von Bettlaken und sorgt f\u00fcr hohen Liegekomfort. Diese leichte, aufblasbare Matratze, mit einer L\u00e4nge von 191 cm, kann bis zu einer H\u00f6he von 22 cm aufgeblasen werden und sorgt f\u00fcr eine angenehme Nachtruhe auf dem Campingplatz. Die Luftmatratze kann schnell aufgepumpt und entleert werden. Es l\u00e4sst sich au\u00dferdem leicht zusammenfalten f\u00fcr eine einfache Aufbewahrung oder Transport. Bitte beachten Sie: Keine Pumpe im Lieferumfang enthalten!<\/p>\n<ul>\n<li>Farbe: Marineblau<\/li>\n<li>Abmessungen: 191 x 137 x 22 cm (L x B x H)<\/li>\n<li>Starke Vinylspulenkonstruktion<\/li>\n<li>F\u00fcr drinnen und drau\u00dfen geeignet<\/li>\n<li>Bestway Artikelnummer: 67002<\/li>\n<li>Material: PVC: 100%<\/li>\n<\/ul>\n","protected":false},"excerpt":{"rendered":"<ul>\n<li>Farbe: Marineblau<\/li>\n<li>Abmessungen: 191 x 137 x 22 cm (L x B x H)<\/li>\n<li>Starke Vinylspulenkonstruktion<\/li>\n<li>F\u00fcr drinnen und drau\u00dfen geeignet<\/li>\n<li>Bestway Artikelnummer: 67002<\/li>\n<li>Material: PVC: 100%<\/li>\n<\/ul>\n","protected":false},"featured_media":10000055664,"comment_status":"closed","ping_status":"closed","template":"","meta":[],"product_brand":[],"product_cat":[6859,6862,6927,6837,6836],"product_tag":[],"class_list":{"0":"post-55664","1":"product","2":"type-product","3":"status-publish","4":"has-post-thumbnail","6":"product_cat-camping-wandern","7":"product_cat-camping-moebel","8":"product_cat-luftbetten","9":"product_cat-outdoor-aktivitaeten","10":"product_cat-sportartikel","12":"first","13":"instock","14":"taxable","15":"shipping-taxable","16":"purchasable","17":"product-type-simple","18":"add-to-wishlist-after_add_to_cart"},"jetpack_sharing_enabled":true,"_links":{"self":[{"href":"https:\/\/de-prime.com\/index.php\/wp-json\/wp\/v2\/product\/55664","targetHints":{"allow":["GET"]}}],"collection":[{"href":"https:\/\/de-prime.com\/index.php\/wp-json\/wp\/v2\/product"}],"about":[{"href":"https:\/\/de-prime.com\/index.php\/wp-json\/wp\/v2\/types\/product"}],"replies":[{"embeddable":true,"href":"https:\/\/de-prime.com\/index.php\/wp-json\/wp\/v2\/comments?post=55664"}],"wp:featuredmedia":[{"embeddable":true,"href":"https:\/\/de-prime.com\/index.php\/wp-json\/"}],"wp:attachment":[{"href":"https:\/\/de-prime.com\/index.php\/wp-json\/wp\/v2\/media?parent=55664"}],"wp:term":[{"taxonomy":"product_brand","embeddable":true,"href":"https:\/\/de-prime.com\/index.php\/wp-json\/wp\/v2\/product_brand?post=55664"},{"taxonomy":"product_cat","embeddable":true,"href":"https:\/\/de-prime.com\/index.php\/wp-json\/wp\/v2\/product_cat?post=55664"},{"taxonomy":"product_tag","embeddable":true,"href":"https:\/\/de-prime.com\/index.php\/wp-json\/wp\/v2\/product_tag?post=55664"}],"curies":[{"name":"wp","href":"https:\/\/api.w.org\/{rel}","templated":true}]}}