{"id":55658,"date":"2024-10-01T16:14:02","date_gmt":"2024-10-01T16:14:02","guid":{"rendered":"https:\/\/de-prime.com\/?p=55658"},"modified":"2024-10-01T16:42:03","modified_gmt":"2024-10-01T16:42:03","slug":"laufrad-95-zoll-raeder-rosa","status":"publish","type":"product","link":"https:\/\/de-prime.com\/index.php\/product\/laufrad-95-zoll-raeder-rosa\/","title":{"rendered":"Laufrad 9,5 Zoll R\u00e4der Rosa"},"content":{"rendered":"<p>Mit diesem Lernlaufrad kann Ihr Kind schon von klein auf trainieren, das Gleichgewicht zu halten, zu koordinieren und die Muskulatur zu st\u00e4rken. Die 9,5-Zoll-R\u00e4der aus EVA sind wartungsfrei, leicht und bieten ein angenehmes Fahrerlebnis. Der Stahlrahmen sorgt f\u00fcr hohe Stabilit\u00e4t und hohe Widerstandsf\u00e4higkeit gegen Besch\u00e4digungen. Der ergonomische Lenker aus Stahl bietet einen sicheren und komfortablen Halt. Mit diesem Fahrrad k\u00f6nnen Ihre Kinder schnell das Konzept des Laufens begreifen und werden sofort ein Erfolgserlebnis haben.<\/p>\n<ul>\n<li>Farbe: Rosa<\/li>\n<li>Rahmen-Material: Stahl<\/li>\n<li>Gesamtma\u00dfe: 73 x 38 x 54 cm (L x B x H)<\/li>\n<li>Max. Belastbarkeit: 25 kg<\/li>\n<li>9,5 Zoll EVA-R\u00e4der<\/li>\n<li>Stabiler Stahlrahmen<\/li>\n<li>Lenker und Gabel aus Stahl<\/li>\n<li>PVC-Sattel mit Sattelst\u00fctze<\/li>\n<li>Unisex<\/li>\n<li>Geeignet zum \u00dcben des Gleichgewichts<\/li>\n<li><strong>Achtung:<\/strong> Dieses Spielzeug hat keine Bremse.<\/li>\n<li>WARNHINWEIS: Nicht f\u00fcr Kinder unter 36 Monaten geeignet.<\/li>\n<li>WARNHINWEIS: Nur f\u00fcr den Hausgebrauch.<\/li>\n<li>WARNHINWEIS: Benutzung unter unmittelbarer Aufsicht von Erwachsenen.<\/li>\n<li>WARNHINWEIS: Mit Schutzausr\u00fcstung zu benutzen. Nicht im Stra\u00dfenverkehr zu verwenden.<\/li>\n<\/ul>\n","protected":false},"excerpt":{"rendered":"<ul>\n<li>Farbe: Rosa<\/li>\n<li>Rahmen-Material: Stahl<\/li>\n<li>Gesamtma\u00dfe: 73 x 38 x 54 cm (L x B x H)<\/li>\n<li>Max. Belastbarkeit: 25 kg<\/li>\n<li>9,5 Zoll EVA-R\u00e4der<\/li>\n<li>Stabiler Stahlrahmen<\/li>\n<li>Lenker und Gabel aus Stahl<\/li>\n<li>PVC-Sattel mit Sattelst\u00fctze<\/li>\n<li>Unisex<\/li>\n<li>Geeignet zum \u00dcben des Gleichgewichts<\/li>\n<li><strong>Achtung:<\/strong> Dieses Spielzeug hat keine Bremse.<\/li>\n<li>WARNHINWEIS: Nicht f\u00fcr Kinder unter 36 Monaten geeignet.<\/li>\n<li>WARNHINWEIS: Nur f\u00fcr den Hausgebrauch.<\/li>\n<li>WARNHINWEIS: Benutzung unter unmittelbarer Aufsicht von Erwachsenen.<\/li>\n<li>WARNHINWEIS: Mit Schutzausr\u00fcstung zu benutzen. Nicht im Stra\u00dfenverkehr zu verwenden.<\/li>\n<\/ul>\n","protected":false},"featured_media":10000055658,"comment_status":"closed","ping_status":"closed","template":"","meta":[],"product_brand":[],"product_cat":[6877,5561,6853,6852],"product_tag":[],"class_list":{"0":"post-55658","1":"product","2":"type-product","3":"status-publish","4":"has-post-thumbnail","6":"product_cat-kinderfahrzeuge","7":"product_cat-lauflernwagen-rutsch-tretfahrzeuge","8":"product_cat-spielzeuge","9":"product_cat-spielzeuge-spiele","11":"first","12":"instock","13":"taxable","14":"shipping-taxable","15":"purchasable","16":"product-type-simple","17":"add-to-wishlist-after_add_to_cart"},"jetpack_sharing_enabled":true,"_links":{"self":[{"href":"https:\/\/de-prime.com\/index.php\/wp-json\/wp\/v2\/product\/55658","targetHints":{"allow":["GET"]}}],"collection":[{"href":"https:\/\/de-prime.com\/index.php\/wp-json\/wp\/v2\/product"}],"about":[{"href":"https:\/\/de-prime.com\/index.php\/wp-json\/wp\/v2\/types\/product"}],"replies":[{"embeddable":true,"href":"https:\/\/de-prime.com\/index.php\/wp-json\/wp\/v2\/comments?post=55658"}],"wp:featuredmedia":[{"embeddable":true,"href":"https:\/\/de-prime.com\/index.php\/wp-json\/"}],"wp:attachment":[{"href":"https:\/\/de-prime.com\/index.php\/wp-json\/wp\/v2\/media?parent=55658"}],"wp:term":[{"taxonomy":"product_brand","embeddable":true,"href":"https:\/\/de-prime.com\/index.php\/wp-json\/wp\/v2\/product_brand?post=55658"},{"taxonomy":"product_cat","embeddable":true,"href":"https:\/\/de-prime.com\/index.php\/wp-json\/wp\/v2\/product_cat?post=55658"},{"taxonomy":"product_tag","embeddable":true,"href":"https:\/\/de-prime.com\/index.php\/wp-json\/wp\/v2\/product_tag?post=55658"}],"curies":[{"name":"wp","href":"https:\/\/api.w.org\/{rel}","templated":true}]}}