{"id":55657,"date":"2024-10-01T16:14:02","date_gmt":"2024-10-01T16:14:02","guid":{"rendered":"https:\/\/de-prime.com\/?p=55657"},"modified":"2024-10-01T16:42:02","modified_gmt":"2024-10-01T16:42:02","slug":"go-kart-rot-96-x-60-x-56-cm","status":"publish","type":"product","link":"https:\/\/de-prime.com\/index.php\/product\/go-kart-rot-96-x-60-x-56-cm\/","title":{"rendered":"Go Kart Rot 96 x 60 x 56 cm"},"content":{"rendered":"<p>Das Go-Kart ist der Kinderspa\u00df schlechthin. Der geschlossene Kettenkasten sorgt daf\u00fcr, dass sich Ihre Kinder nicht verheddern k\u00f6nnen. Au\u00dferdem verf\u00fcgt das Go Kart \u00fcber einen zuschaltbaren Freilauf, welcher das Fahren sowohl R\u00fcckw\u00e4rts als auch Vorw\u00e4rts erm\u00f6glicht. Durch die Pendelachse f\u00e4hrt das Go Kart sicher und stabil auf jedem Gel\u00e4nde. Der Sitz des Go Karts ist horizontal verstellbar.<\/p>\n<ul>\n<li>Farbe: Rot<\/li>\n<li>Sitz verstellbar (horizontal): ja<\/li>\n<li>Zuschaltbarer Freilauf: ja<\/li>\n<li>Geschlossener Kettenkasten: ja<\/li>\n<li>Pendelachse: ja<\/li>\n<li>Abmessung: 96 x 60 x 56 cm (LxHxB)<\/li>\n<li>Maximale Belastung: 30 kg<\/li>\n<li>WARNHINWEIS: Nicht f\u00fcr Kinder unter 36 Monaten geeignet.<\/li>\n<li>WARNHINWEIS: Mit Schutzausr\u00fcstung zu benutzen. Nicht im Stra\u00dfenverkehr zu verwenden.<\/li>\n<\/ul>\n","protected":false},"excerpt":{"rendered":"<ul>\n<li>Farbe: Rot<\/li>\n<li>Sitz verstellbar (horizontal): ja<\/li>\n<li>Zuschaltbarer Freilauf: ja<\/li>\n<li>Geschlossener Kettenkasten: ja<\/li>\n<li>Pendelachse: ja<\/li>\n<li>Abmessung: 96 x 60 x 56 cm (LxHxB)<\/li>\n<li>Maximale Belastung: 30 kg<\/li>\n<li>WARNHINWEIS: Nicht f\u00fcr Kinder unter 36 Monaten geeignet.<\/li>\n<li>WARNHINWEIS: Mit Schutzausr\u00fcstung zu benutzen. Nicht im Stra\u00dfenverkehr zu verwenden.<\/li>\n<\/ul>\n","protected":false},"featured_media":10000055657,"comment_status":"closed","ping_status":"closed","template":"","meta":[],"product_brand":[],"product_cat":[6877,5561,6853,6852],"product_tag":[],"class_list":{"0":"post-55657","1":"product","2":"type-product","3":"status-publish","4":"has-post-thumbnail","6":"product_cat-kinderfahrzeuge","7":"product_cat-lauflernwagen-rutsch-tretfahrzeuge","8":"product_cat-spielzeuge","9":"product_cat-spielzeuge-spiele","11":"first","12":"instock","13":"taxable","14":"shipping-taxable","15":"purchasable","16":"product-type-simple","17":"add-to-wishlist-after_add_to_cart"},"jetpack_sharing_enabled":true,"_links":{"self":[{"href":"https:\/\/de-prime.com\/index.php\/wp-json\/wp\/v2\/product\/55657","targetHints":{"allow":["GET"]}}],"collection":[{"href":"https:\/\/de-prime.com\/index.php\/wp-json\/wp\/v2\/product"}],"about":[{"href":"https:\/\/de-prime.com\/index.php\/wp-json\/wp\/v2\/types\/product"}],"replies":[{"embeddable":true,"href":"https:\/\/de-prime.com\/index.php\/wp-json\/wp\/v2\/comments?post=55657"}],"wp:featuredmedia":[{"embeddable":true,"href":"https:\/\/de-prime.com\/index.php\/wp-json\/"}],"wp:attachment":[{"href":"https:\/\/de-prime.com\/index.php\/wp-json\/wp\/v2\/media?parent=55657"}],"wp:term":[{"taxonomy":"product_brand","embeddable":true,"href":"https:\/\/de-prime.com\/index.php\/wp-json\/wp\/v2\/product_brand?post=55657"},{"taxonomy":"product_cat","embeddable":true,"href":"https:\/\/de-prime.com\/index.php\/wp-json\/wp\/v2\/product_cat?post=55657"},{"taxonomy":"product_tag","embeddable":true,"href":"https:\/\/de-prime.com\/index.php\/wp-json\/wp\/v2\/product_tag?post=55657"}],"curies":[{"name":"wp","href":"https:\/\/api.w.org\/{rel}","templated":true}]}}