{"id":55651,"date":"2024-10-01T16:14:02","date_gmt":"2024-10-01T16:14:02","guid":{"rendered":"https:\/\/de-prime.com\/?p=55651"},"modified":"2024-10-01T16:41:58","modified_gmt":"2024-10-01T16:41:58","slug":"rutschauto-volkswagen-t-roc-blau-2","status":"publish","type":"product","link":"https:\/\/de-prime.com\/index.php\/product\/rutschauto-volkswagen-t-roc-blau-2\/","title":{"rendered":"Rutschauto Volkswagen T-Roc Blau"},"content":{"rendered":"<p>Deine Kleinen werden beim Herumfahren mit diesem Volkswagen Rutschauto viel Spa\u00df haben. Es wurde von Volkswagen offiziell lizenziert. Je nach Gr\u00f6\u00dfe des Kindes k\u00f6nnen die Schutzb\u00fcgel und der Schiebegriff abgenommen werden. Der Schiebegriff ist mit einem Getr\u00e4nkehalter versehen. Zudem bietet der gro\u00dfe Stauraum unter dem Sitz Platz f\u00fcr zahlreiche Spielzeuge und andere Sachen, die deine Kinder auf ihre Abenteuer mitnehmen m\u00f6chten. Das Auto spielt auch Musik ab. Diese Funktion wird \u00fcber die Tasten am Lenkrad aktiviert. Bitte beachte, dass dieses Auto mit einer AA-Batterie betrieben wird, die nicht im Lieferumfang enthalten ist.<\/p>\n<ul>\n<li>Farbe: Blau<\/li>\n<li>Material: Kunststoff<\/li>\n<li>Abmessungen: 84 x 40 x 87 cm (B x T x H)<\/li>\n<li>Maximale Belastbarkeit: 25 kg<\/li>\n<li>Empfohlenes Alter: 12-36 Monate<\/li>\n<li>Offiziell lizenziert von Volkswagen<\/li>\n<li>WARNHINWEIS: Nur f\u00fcr den Hausgebrauch.<\/li>\n<\/ul>\n","protected":false},"excerpt":{"rendered":"<ul>\n<li>Farbe: Blau<\/li>\n<li>Material: Kunststoff<\/li>\n<li>Abmessungen: 84 x 40 x 87 cm (B x T x H)<\/li>\n<li>Maximale Belastbarkeit: 25 kg<\/li>\n<li>Empfohlenes Alter: 12-36 Monate<\/li>\n<li>Offiziell lizenziert von Volkswagen<\/li>\n<li>WARNHINWEIS: Nur f\u00fcr den Hausgebrauch.<\/li>\n<\/ul>\n","protected":false},"featured_media":10000055651,"comment_status":"closed","ping_status":"closed","template":"","meta":[],"product_brand":[],"product_cat":[6877,5561,6853,6852],"product_tag":[],"class_list":{"0":"post-55651","1":"product","2":"type-product","3":"status-publish","4":"has-post-thumbnail","6":"product_cat-kinderfahrzeuge","7":"product_cat-lauflernwagen-rutsch-tretfahrzeuge","8":"product_cat-spielzeuge","9":"product_cat-spielzeuge-spiele","11":"first","12":"instock","13":"taxable","14":"shipping-taxable","15":"purchasable","16":"product-type-simple","17":"add-to-wishlist-after_add_to_cart"},"jetpack_sharing_enabled":true,"_links":{"self":[{"href":"https:\/\/de-prime.com\/index.php\/wp-json\/wp\/v2\/product\/55651","targetHints":{"allow":["GET"]}}],"collection":[{"href":"https:\/\/de-prime.com\/index.php\/wp-json\/wp\/v2\/product"}],"about":[{"href":"https:\/\/de-prime.com\/index.php\/wp-json\/wp\/v2\/types\/product"}],"replies":[{"embeddable":true,"href":"https:\/\/de-prime.com\/index.php\/wp-json\/wp\/v2\/comments?post=55651"}],"wp:featuredmedia":[{"embeddable":true,"href":"https:\/\/de-prime.com\/index.php\/wp-json\/"}],"wp:attachment":[{"href":"https:\/\/de-prime.com\/index.php\/wp-json\/wp\/v2\/media?parent=55651"}],"wp:term":[{"taxonomy":"product_brand","embeddable":true,"href":"https:\/\/de-prime.com\/index.php\/wp-json\/wp\/v2\/product_brand?post=55651"},{"taxonomy":"product_cat","embeddable":true,"href":"https:\/\/de-prime.com\/index.php\/wp-json\/wp\/v2\/product_cat?post=55651"},{"taxonomy":"product_tag","embeddable":true,"href":"https:\/\/de-prime.com\/index.php\/wp-json\/wp\/v2\/product_tag?post=55651"}],"curies":[{"name":"wp","href":"https:\/\/api.w.org\/{rel}","templated":true}]}}