{"id":55649,"date":"2024-10-01T16:14:02","date_gmt":"2024-10-01T16:14:02","guid":{"rendered":"https:\/\/de-prime.com\/?p=55649"},"modified":"2024-10-01T16:41:57","modified_gmt":"2024-10-01T16:41:57","slug":"rutschauto-volkswagen-t-roc-blau","status":"publish","type":"product","link":"https:\/\/de-prime.com\/index.php\/product\/rutschauto-volkswagen-t-roc-blau\/","title":{"rendered":"Rutschauto Volkswagen T-Roc Blau"},"content":{"rendered":"<p>Deine Kleinen werden beim Herumfahren mit diesem Volkswagen Rutschauto viel Spa\u00df haben. Es wurde von Volkswagen offiziell lizenziert. Dank des stabilen Gestells mit vier R\u00e4dern k\u00f6nnen Kinder einfach selbst auf- und absteigen. Die R\u00fcckenlehne bietet nicht nur optimale Unterst\u00fctzung, sondern kann auch als Schiebegriff von Eltern verwendet werden. Au\u00dferdem bietet der Stauraum unter dem Sitz viel Platz f\u00fcr Spielzeuge und andere Sachen, die deine Kinder auf ihre Abenteuer mitnehmen m\u00f6chten. Das Aufsitzauto kann auch Musik abspielen, was zus\u00e4tzlichen Spa\u00df macht. Bitte beachte, dass dieses Auto mit einer AA-Batterie betrieben wird, die nicht im Lieferumfang enthalten ist.<\/p>\n<ul>\n<li>Farbe: Blau<\/li>\n<li>Material: Kunststoff<\/li>\n<li>Abmessungen: 66,5 x 28 x 42,5 cm (B x T x H)<\/li>\n<li>Maximale Belastbarkeit: 25 kg<\/li>\n<li>Empfohlenes Alter: 12-36 Monate<\/li>\n<li>Offiziell lizenziert von Volkswagen<\/li>\n<li>WARNHINWEIS: Nur f\u00fcr den Hausgebrauch.<\/li>\n<\/ul>\n","protected":false},"excerpt":{"rendered":"<ul>\n<li>Farbe: Blau<\/li>\n<li>Material: Kunststoff<\/li>\n<li>Abmessungen: 66,5 x 28 x 42,5 cm (B x T x H)<\/li>\n<li>Maximale Belastbarkeit: 25 kg<\/li>\n<li>Empfohlenes Alter: 12-36 Monate<\/li>\n<li>Offiziell lizenziert von Volkswagen<\/li>\n<li>WARNHINWEIS: Nur f\u00fcr den Hausgebrauch.<\/li>\n<\/ul>\n","protected":false},"featured_media":10000055649,"comment_status":"closed","ping_status":"closed","template":"","meta":[],"product_brand":[],"product_cat":[6877,5561,6853,6852],"product_tag":[],"class_list":{"0":"post-55649","1":"product","2":"type-product","3":"status-publish","4":"has-post-thumbnail","6":"product_cat-kinderfahrzeuge","7":"product_cat-lauflernwagen-rutsch-tretfahrzeuge","8":"product_cat-spielzeuge","9":"product_cat-spielzeuge-spiele","11":"first","12":"outofstock","13":"taxable","14":"shipping-taxable","15":"purchasable","16":"product-type-simple","17":"add-to-wishlist-after_add_to_cart"},"jetpack_sharing_enabled":true,"_links":{"self":[{"href":"https:\/\/de-prime.com\/index.php\/wp-json\/wp\/v2\/product\/55649","targetHints":{"allow":["GET"]}}],"collection":[{"href":"https:\/\/de-prime.com\/index.php\/wp-json\/wp\/v2\/product"}],"about":[{"href":"https:\/\/de-prime.com\/index.php\/wp-json\/wp\/v2\/types\/product"}],"replies":[{"embeddable":true,"href":"https:\/\/de-prime.com\/index.php\/wp-json\/wp\/v2\/comments?post=55649"}],"wp:featuredmedia":[{"embeddable":true,"href":"https:\/\/de-prime.com\/index.php\/wp-json\/"}],"wp:attachment":[{"href":"https:\/\/de-prime.com\/index.php\/wp-json\/wp\/v2\/media?parent=55649"}],"wp:term":[{"taxonomy":"product_brand","embeddable":true,"href":"https:\/\/de-prime.com\/index.php\/wp-json\/wp\/v2\/product_brand?post=55649"},{"taxonomy":"product_cat","embeddable":true,"href":"https:\/\/de-prime.com\/index.php\/wp-json\/wp\/v2\/product_cat?post=55649"},{"taxonomy":"product_tag","embeddable":true,"href":"https:\/\/de-prime.com\/index.php\/wp-json\/wp\/v2\/product_tag?post=55649"}],"curies":[{"name":"wp","href":"https:\/\/api.w.org\/{rel}","templated":true}]}}