{"id":55644,"date":"2024-10-01T16:14:01","date_gmt":"2024-10-01T16:14:01","guid":{"rendered":"https:\/\/de-prime.com\/?p=55644"},"modified":"2024-10-01T16:41:53","modified_gmt":"2024-10-01T16:41:53","slug":"rutschauto-mercedes-benz-c63-rot","status":"publish","type":"product","link":"https:\/\/de-prime.com\/index.php\/product\/rutschauto-mercedes-benz-c63-rot\/","title":{"rendered":"Rutschauto Mercedes-Benz C63 Rot"},"content":{"rendered":"<p>Dieses supercoole Mercedes-Benz Auto im ikonischen Design ist ein wunderbares Kinderfahrzeug, das Ihren Kindern das ultimative Fahrerlebnis bietet. Das Aufsitzauto ist offiziell von Mercedes-Benz lizenziert. Das Kinderauto verf\u00fcgt \u00fcber ein Lenkrad, einen tiefliegenden Sitz und eine ergonomisch geformte R\u00fcckenlehne, die das Ein- und Aussteigen erleichtert. Die R\u00fcckenlehne kann als Schiebestange von den Eltern verwendet werden. Der gro\u00dfe Stauraum unter dem Sitz bietet Platz f\u00fcr jede Menge Spielzeug und andere Sachen, die Ihre Kinder gerne auf ihre Abenteuer mitnehmen. Dank seiner strapazierf\u00e4higen Kunststoffkonstruktion kann dieses Auto mit Schubstange bis zu 25 kg tragen und ist f\u00fcr Kinder zwischen 12 und 36 Monaten geeignet. Dieses Schiebeauto verbessert au\u00dferdem das r\u00e4umliche Bewusstsein, die Geschicklichkeit und die Feinmotorik Ihrer Kinder. Achtung: DIESES SPIELZEUG HAT KEINE BREMSEN!Achtung: F\u00fcr die T\u00f6ne\/Sounds werden 2 AA-Batterien ben\u00f6tigt. Die Batterien sind nicht im Lieferumfang enthalten.<\/p>\n<ul>\n<li>Farbe: Rot<\/li>\n<li>Material: Kunststoff<\/li>\n<li>Abmessungen: 64 x 29 x 39 cm (B x T x H)<\/li>\n<li>Maximale Belastbarkeit: 25 kg<\/li>\n<li>Empfohlenes Alter: 12-36 Monate<\/li>\n<li>Offiziell lizenziert von Mercedes-Benz<\/li>\n<li>Mit Musik<\/li>\n<li>Inklusive Staufach unter dem Sitz<\/li>\n<li>Ben\u00f6tigte Batterie: 2 x AA-Batterie (nicht im Lieferumfang enthalten)<\/li>\n<li>Zusammenbau erforderlich: Ja<\/li>\n<li>WARNHINWEIS: Benutzung unter unmittelbarer Aufsicht von Erwachsenen.<\/li>\n<\/ul>\n","protected":false},"excerpt":{"rendered":"<ul>\n<li>Farbe: Rot<\/li>\n<li>Material: Kunststoff<\/li>\n<li>Abmessungen: 64 x 29 x 39 cm (B x T x H)<\/li>\n<li>Maximale Belastbarkeit: 25 kg<\/li>\n<li>Empfohlenes Alter: 12-36 Monate<\/li>\n<li>Offiziell lizenziert von Mercedes-Benz<\/li>\n<li>Mit Musik<\/li>\n<li>Inklusive Staufach unter dem Sitz<\/li>\n<li>Ben\u00f6tigte Batterie: 2 x AA-Batterie (nicht im Lieferumfang enthalten)<\/li>\n<li>Zusammenbau erforderlich: Ja<\/li>\n<li>WARNHINWEIS: Benutzung unter unmittelbarer Aufsicht von Erwachsenen.<\/li>\n<\/ul>\n","protected":false},"featured_media":10000055644,"comment_status":"closed","ping_status":"closed","template":"","meta":[],"product_brand":[],"product_cat":[6877,5561,6853,6852],"product_tag":[],"class_list":{"0":"post-55644","1":"product","2":"type-product","3":"status-publish","4":"has-post-thumbnail","6":"product_cat-kinderfahrzeuge","7":"product_cat-lauflernwagen-rutsch-tretfahrzeuge","8":"product_cat-spielzeuge","9":"product_cat-spielzeuge-spiele","11":"first","12":"instock","13":"taxable","14":"shipping-taxable","15":"purchasable","16":"product-type-simple","17":"add-to-wishlist-after_add_to_cart"},"jetpack_sharing_enabled":true,"_links":{"self":[{"href":"https:\/\/de-prime.com\/index.php\/wp-json\/wp\/v2\/product\/55644","targetHints":{"allow":["GET"]}}],"collection":[{"href":"https:\/\/de-prime.com\/index.php\/wp-json\/wp\/v2\/product"}],"about":[{"href":"https:\/\/de-prime.com\/index.php\/wp-json\/wp\/v2\/types\/product"}],"replies":[{"embeddable":true,"href":"https:\/\/de-prime.com\/index.php\/wp-json\/wp\/v2\/comments?post=55644"}],"wp:featuredmedia":[{"embeddable":true,"href":"https:\/\/de-prime.com\/index.php\/wp-json\/"}],"wp:attachment":[{"href":"https:\/\/de-prime.com\/index.php\/wp-json\/wp\/v2\/media?parent=55644"}],"wp:term":[{"taxonomy":"product_brand","embeddable":true,"href":"https:\/\/de-prime.com\/index.php\/wp-json\/wp\/v2\/product_brand?post=55644"},{"taxonomy":"product_cat","embeddable":true,"href":"https:\/\/de-prime.com\/index.php\/wp-json\/wp\/v2\/product_cat?post=55644"},{"taxonomy":"product_tag","embeddable":true,"href":"https:\/\/de-prime.com\/index.php\/wp-json\/wp\/v2\/product_tag?post=55644"}],"curies":[{"name":"wp","href":"https:\/\/api.w.org\/{rel}","templated":true}]}}