{"id":55641,"date":"2024-10-01T16:14:01","date_gmt":"2024-10-01T16:14:01","guid":{"rendered":"https:\/\/de-prime.com\/?p=55641"},"modified":"2024-10-01T16:40:43","modified_gmt":"2024-10-01T16:40:43","slug":"kinder-elektroauto-fiat-500-weiss","status":"publish","type":"product","link":"https:\/\/de-prime.com\/index.php\/product\/kinder-elektroauto-fiat-500-weiss\/","title":{"rendered":"Kinder-Elektroauto Fiat 500 Wei\u00df"},"content":{"rendered":"<p>Mit seinem ikonischen Design ist dieses supercoole Fiat Kinder-Elektroauto ein fantastisches Spielzeug, das deinen Kindern das ultimative Fahrerlebnis bietet! Es ist offiziell von Fiat lizenziert. Das Kinderauto verf\u00fcgt \u00fcber ein Lenkrad, einen tief liegenden Autositz mit Sicherheitsgurt und eine ergonomisch geformte R\u00fcckenlehne, die das Ein- und Aussteigen erleichtert. Dieses elektrische Kinderauto beschleunigt langsam und gleichm\u00e4\u00dfig. Au\u00dferdem ist das Elektroauto Fiat 500 mit einem Display mit Musikwiedergabe ausgestattet, das ein hervorragendes Fahrerlebnis bietet. Zudem ist das Kinderauto mit Front- und Heckleuchten versehen.<\/p>\n<ul>\n<li>Farbe: Wei\u00df<\/li>\n<li>Material: Kunststoff<\/li>\n<li>Abmessungen: 113 x 67,5 x 53 cm (L x B x H)<\/li>\n<li>Maximale Belastbarkeit: 30 kg<\/li>\n<li>Geschwindigkeit: 2-3 km\/h<\/li>\n<li>Motor: 30 W<\/li>\n<li>Empfohlenes Alter: 3-6 Jahre<\/li>\n<li>Offiziell lizenziert von Fiat<\/li>\n<li>Inklusive LED-Scheinwerfer und Sicherheitsgurt<\/li>\n<li>Mit Musik<\/li>\n<li>Zusammenbau erforderlich: Ja<\/li>\n<li><strong>Achtung:<\/strong> Dieses Spielzeug hat keine Bremse.<\/li>\n<li><strong>Achtung:<\/strong> Batterien m\u00fcssen von Erwachsenen gehandhabt werden. Zusammenbau durch Erwachsene erforderlich.<\/li>\n<li><strong>Achtung:<\/strong> Streng verboten f\u00fcr die Verwendung auf Neigungen, in der N\u00e4he von Schwimmb\u00e4dern und in Bereichen, in denen Wasser vorhanden ist.<\/li>\n<li><strong>Achtung:<\/strong> Gleichzeitig 1 Benutzer zul\u00e4ssig.<\/li>\n<li><strong>Achtung:<\/strong> Schuhe m\u00fcssen w\u00e4hrend des Gebrauchs getragen werden.<\/li>\n<li>WARNHINWEIS: Nicht f\u00fcr Kinder unter 36 Monaten geeignet.<\/li>\n<li>WARNHINWEIS: Nur f\u00fcr den Hausgebrauch.<\/li>\n<li>WARNHINWEIS: Benutzung unter unmittelbarer Aufsicht von Erwachsenen.<\/li>\n<li>WARNHINWEIS: Mit Schutzausr\u00fcstung zu benutzen. Nicht im Stra\u00dfenverkehr zu verwenden.<\/li>\n<\/ul>\n","protected":false},"excerpt":{"rendered":"<ul>\n<li>Farbe: Wei\u00df<\/li>\n<li>Material: Kunststoff<\/li>\n<li>Abmessungen: 113 x 67,5 x 53 cm (L x B x H)<\/li>\n<li>Maximale Belastbarkeit: 30 kg<\/li>\n<li>Geschwindigkeit: 2-3 km\/h<\/li>\n<li>Motor: 30 W<\/li>\n<li>Empfohlenes Alter: 3-6 Jahre<\/li>\n<li>Offiziell lizenziert von Fiat<\/li>\n<li>Inklusive LED-Scheinwerfer und Sicherheitsgurt<\/li>\n<li>Mit Musik<\/li>\n<li>Zusammenbau erforderlich: Ja<\/li>\n<li><strong>Achtung:<\/strong> Dieses Spielzeug hat keine Bremse.<\/li>\n<li><strong>Achtung:<\/strong> Batterien m\u00fcssen von Erwachsenen gehandhabt werden. Zusammenbau durch Erwachsene erforderlich.<\/li>\n<li><strong>Achtung:<\/strong> Streng verboten f\u00fcr die Verwendung auf Neigungen, in der N\u00e4he von Schwimmb\u00e4dern und in Bereichen, in denen Wasser vorhanden ist.<\/li>\n<li><strong>Achtung:<\/strong> Gleichzeitig 1 Benutzer zul\u00e4ssig.<\/li>\n<li><strong>Achtung:<\/strong> Schuhe m\u00fcssen w\u00e4hrend des Gebrauchs getragen werden.<\/li>\n<li>WARNHINWEIS: Nicht f\u00fcr Kinder unter 36 Monaten geeignet.<\/li>\n<li>WARNHINWEIS: Nur f\u00fcr den Hausgebrauch.<\/li>\n<li>WARNHINWEIS: Benutzung unter unmittelbarer Aufsicht von Erwachsenen.<\/li>\n<li>WARNHINWEIS: Mit Schutzausr\u00fcstung zu benutzen. Nicht im Stra\u00dfenverkehr zu verwenden.<\/li>\n<\/ul>\n","protected":false},"featured_media":10000055641,"comment_status":"closed","ping_status":"closed","template":"","meta":[],"product_brand":[],"product_cat":[6877,5561,6853,6852],"product_tag":[],"class_list":{"0":"post-55641","1":"product","2":"type-product","3":"status-publish","4":"has-post-thumbnail","6":"product_cat-kinderfahrzeuge","7":"product_cat-lauflernwagen-rutsch-tretfahrzeuge","8":"product_cat-spielzeuge","9":"product_cat-spielzeuge-spiele","11":"first","12":"instock","13":"taxable","14":"shipping-taxable","15":"purchasable","16":"product-type-simple","17":"add-to-wishlist-after_add_to_cart"},"jetpack_sharing_enabled":true,"_links":{"self":[{"href":"https:\/\/de-prime.com\/index.php\/wp-json\/wp\/v2\/product\/55641","targetHints":{"allow":["GET"]}}],"collection":[{"href":"https:\/\/de-prime.com\/index.php\/wp-json\/wp\/v2\/product"}],"about":[{"href":"https:\/\/de-prime.com\/index.php\/wp-json\/wp\/v2\/types\/product"}],"replies":[{"embeddable":true,"href":"https:\/\/de-prime.com\/index.php\/wp-json\/wp\/v2\/comments?post=55641"}],"wp:featuredmedia":[{"embeddable":true,"href":"https:\/\/de-prime.com\/index.php\/wp-json\/"}],"wp:attachment":[{"href":"https:\/\/de-prime.com\/index.php\/wp-json\/wp\/v2\/media?parent=55641"}],"wp:term":[{"taxonomy":"product_brand","embeddable":true,"href":"https:\/\/de-prime.com\/index.php\/wp-json\/wp\/v2\/product_brand?post=55641"},{"taxonomy":"product_cat","embeddable":true,"href":"https:\/\/de-prime.com\/index.php\/wp-json\/wp\/v2\/product_cat?post=55641"},{"taxonomy":"product_tag","embeddable":true,"href":"https:\/\/de-prime.com\/index.php\/wp-json\/wp\/v2\/product_tag?post=55641"}],"curies":[{"name":"wp","href":"https:\/\/api.w.org\/{rel}","templated":true}]}}