{"id":55628,"date":"2024-10-01T16:14:00","date_gmt":"2024-10-01T16:14:00","guid":{"rendered":"https:\/\/de-prime.com\/?p=55628"},"modified":"2024-10-01T16:40:32","modified_gmt":"2024-10-01T16:40:32","slug":"pedal-go-kart-mit-verstellbarem-sitz-blau","status":"publish","type":"product","link":"https:\/\/de-prime.com\/index.php\/product\/pedal-go-kart-mit-verstellbarem-sitz-blau\/","title":{"rendered":"Pedal Go-Kart mit verstellbarem Sitz Blau"},"content":{"rendered":"<p>Mit diesem Pedal Go-Kart sind Fahrspa\u00df und l\u00e4ssige Touren im eigenen Wagen garantiert! Dieses Go-Kart ist f\u00fcr Kinder ab 3 Jahren geeignet. Der Sitz ist einstellbar, so dass Sie ihn an die f\u00fcr Ihr Kind bequemste Sitzposition anpassen k\u00f6nnen. Das Go-Kart hat eine Pendelachse f\u00fcr leichtg\u00e4ngiges und stabiles Fahren in fast jedem Gel\u00e4nde. Der optimierte Umschalt-Freilauf erm\u00f6glicht den Vorw\u00e4rts- und R\u00fcckw\u00e4rtsgang und wird durch Ziehen des Hebels gesteuert. Die PVC-R\u00e4der mit rutschfesten Profilen sorgen f\u00fcr den n\u00f6tigen Halt.<\/p>\n<ul>\n<li>Farbe: Blau<\/li>\n<li>Material: PP + PVC + Eisen<\/li>\n<li>Ma\u00dfe: 96 x 56 x 60 cm (L x B x H)<\/li>\n<li>Maximale Belastbarkeit: 30 kg<\/li>\n<li>WARNHINWEIS: Nicht f\u00fcr Kinder unter 36 Monaten geeignet.<\/li>\n<\/ul>\n","protected":false},"excerpt":{"rendered":"<ul>\n<li>Farbe: Blau<\/li>\n<li>Material: PP + PVC + Eisen<\/li>\n<li>Ma\u00dfe: 96 x 56 x 60 cm (L x B x H)<\/li>\n<li>Maximale Belastbarkeit: 30 kg<\/li>\n<li>WARNHINWEIS: Nicht f\u00fcr Kinder unter 36 Monaten geeignet.<\/li>\n<\/ul>\n","protected":false},"featured_media":10000055628,"comment_status":"closed","ping_status":"closed","template":"","meta":[],"product_brand":[],"product_cat":[6877,5561,6853,6852],"product_tag":[],"class_list":{"0":"post-55628","1":"product","2":"type-product","3":"status-publish","4":"has-post-thumbnail","6":"product_cat-kinderfahrzeuge","7":"product_cat-lauflernwagen-rutsch-tretfahrzeuge","8":"product_cat-spielzeuge","9":"product_cat-spielzeuge-spiele","11":"first","12":"instock","13":"taxable","14":"shipping-taxable","15":"purchasable","16":"product-type-simple","17":"add-to-wishlist-after_add_to_cart"},"jetpack_sharing_enabled":true,"_links":{"self":[{"href":"https:\/\/de-prime.com\/index.php\/wp-json\/wp\/v2\/product\/55628","targetHints":{"allow":["GET"]}}],"collection":[{"href":"https:\/\/de-prime.com\/index.php\/wp-json\/wp\/v2\/product"}],"about":[{"href":"https:\/\/de-prime.com\/index.php\/wp-json\/wp\/v2\/types\/product"}],"replies":[{"embeddable":true,"href":"https:\/\/de-prime.com\/index.php\/wp-json\/wp\/v2\/comments?post=55628"}],"wp:featuredmedia":[{"embeddable":true,"href":"https:\/\/de-prime.com\/index.php\/wp-json\/"}],"wp:attachment":[{"href":"https:\/\/de-prime.com\/index.php\/wp-json\/wp\/v2\/media?parent=55628"}],"wp:term":[{"taxonomy":"product_brand","embeddable":true,"href":"https:\/\/de-prime.com\/index.php\/wp-json\/wp\/v2\/product_brand?post=55628"},{"taxonomy":"product_cat","embeddable":true,"href":"https:\/\/de-prime.com\/index.php\/wp-json\/wp\/v2\/product_cat?post=55628"},{"taxonomy":"product_tag","embeddable":true,"href":"https:\/\/de-prime.com\/index.php\/wp-json\/wp\/v2\/product_tag?post=55628"}],"curies":[{"name":"wp","href":"https:\/\/api.w.org\/{rel}","templated":true}]}}