{"id":55627,"date":"2024-10-01T16:14:00","date_gmt":"2024-10-01T16:14:00","guid":{"rendered":"https:\/\/de-prime.com\/?p=55627"},"modified":"2024-10-01T16:40:32","modified_gmt":"2024-10-01T16:40:32","slug":"tretauto-fuer-kinder-weiss-2","status":"publish","type":"product","link":"https:\/\/de-prime.com\/index.php\/product\/tretauto-fuer-kinder-weiss-2\/","title":{"rendered":"Tretauto f\u00fcr Kinder Wei\u00df"},"content":{"rendered":"<p>Dieses Kinderauto ist ein realistisches und sicheres Tretfahrzeug. Es spielt sechs Lieder ab, die \u00fcber die Tasten am Lenkrad aktiviert werden. Es kann auch Hupger\u00e4usche erzeugen, um ein echtes Auto nachzuahmen. Im Stauraum unter dem Sitz finden auch kleine Spielzeuge Platz. Dank der langlebigen Konstruktion aus Kunststoff bietet dieses Tretauto eine maximale Tragf\u00e4higkeit von 23 kg und ist f\u00fcr Kinder ab 2 Jahren geeignet. Dank des stabilen Rahmens mit vier R\u00e4dern k\u00f6nnen Kinder einfach selbst ein- und aussteigen. Bitte beachten Sie, dass 2 AA Batterien (nicht mitgeliefert) f\u00fcr die Klang-Funktion ben\u00f6tigt werden. Achtung: Benutze dieses Fahrzeug nur mit Erlaubnis des Eigent\u00fcmers auf privatem Gel\u00e4nde. Andernfalls kann dies zu Unf\u00e4llen und\/oder schweren Verletzungen f\u00fchren.<\/p>\n<ul>\n<li>Gr\u00f6\u00dfe: 66,5 x 29 x 39 cm (L x B x H)<\/li>\n<li>Farbe: Wei\u00df<\/li>\n<li>Material: Kunststoff<\/li>\n<li>Maximale Belastbarkeit: 23 kg<\/li>\n<li>Verf\u00fcgt \u00fcber 6 elektronische Sounds<\/li>\n<li>Fu\u00dfantrieb &#8212; Rutschauto<\/li>\n<li>Stauraum unter dem Sitz<\/li>\n<li>Empfohlenes Alter: 2 Jahre+<\/li>\n<li>Erfordert 2 AA-Batterien (nicht im Lieferumfang enthalten)<\/li>\n<li>WARNHINWEIS: Benutzung unter unmittelbarer Aufsicht von Erwachsenen.<\/li>\n<\/ul>\n","protected":false},"excerpt":{"rendered":"<ul>\n<li>Gr\u00f6\u00dfe: 66,5 x 29 x 39 cm (L x B x H)<\/li>\n<li>Farbe: Wei\u00df<\/li>\n<li>Material: Kunststoff<\/li>\n<li>Maximale Belastbarkeit: 23 kg<\/li>\n<li>Verf\u00fcgt \u00fcber 6 elektronische Sounds<\/li>\n<li>Fu\u00dfantrieb &#8212; Rutschauto<\/li>\n<li>Stauraum unter dem Sitz<\/li>\n<li>Empfohlenes Alter: 2 Jahre+<\/li>\n<li>Erfordert 2 AA-Batterien (nicht im Lieferumfang enthalten)<\/li>\n<li>WARNHINWEIS: Benutzung unter unmittelbarer Aufsicht von Erwachsenen.<\/li>\n<\/ul>\n","protected":false},"featured_media":10000055627,"comment_status":"closed","ping_status":"closed","template":"","meta":[],"product_brand":[],"product_cat":[6877,5561,6853,6852],"product_tag":[],"class_list":{"0":"post-55627","1":"product","2":"type-product","3":"status-publish","4":"has-post-thumbnail","6":"product_cat-kinderfahrzeuge","7":"product_cat-lauflernwagen-rutsch-tretfahrzeuge","8":"product_cat-spielzeuge","9":"product_cat-spielzeuge-spiele","11":"first","12":"instock","13":"taxable","14":"shipping-taxable","15":"purchasable","16":"product-type-simple","17":"add-to-wishlist-after_add_to_cart"},"jetpack_sharing_enabled":true,"_links":{"self":[{"href":"https:\/\/de-prime.com\/index.php\/wp-json\/wp\/v2\/product\/55627","targetHints":{"allow":["GET"]}}],"collection":[{"href":"https:\/\/de-prime.com\/index.php\/wp-json\/wp\/v2\/product"}],"about":[{"href":"https:\/\/de-prime.com\/index.php\/wp-json\/wp\/v2\/types\/product"}],"replies":[{"embeddable":true,"href":"https:\/\/de-prime.com\/index.php\/wp-json\/wp\/v2\/comments?post=55627"}],"wp:featuredmedia":[{"embeddable":true,"href":"https:\/\/de-prime.com\/index.php\/wp-json\/"}],"wp:attachment":[{"href":"https:\/\/de-prime.com\/index.php\/wp-json\/wp\/v2\/media?parent=55627"}],"wp:term":[{"taxonomy":"product_brand","embeddable":true,"href":"https:\/\/de-prime.com\/index.php\/wp-json\/wp\/v2\/product_brand?post=55627"},{"taxonomy":"product_cat","embeddable":true,"href":"https:\/\/de-prime.com\/index.php\/wp-json\/wp\/v2\/product_cat?post=55627"},{"taxonomy":"product_tag","embeddable":true,"href":"https:\/\/de-prime.com\/index.php\/wp-json\/wp\/v2\/product_tag?post=55627"}],"curies":[{"name":"wp","href":"https:\/\/api.w.org\/{rel}","templated":true}]}}