{"id":55612,"date":"2024-10-01T16:11:55","date_gmt":"2024-10-01T16:11:55","guid":{"rendered":"https:\/\/de-prime.com\/?p=55612"},"modified":"2024-10-01T16:40:21","modified_gmt":"2024-10-01T16:40:21","slug":"laufrad-fuer-kinder-2-in-1-gruen","status":"publish","type":"product","link":"https:\/\/de-prime.com\/index.php\/product\/laufrad-fuer-kinder-2-in-1-gruen\/","title":{"rendered":"Laufrad f\u00fcr Kinder 2-in-1 Gr\u00fcn"},"content":{"rendered":"<p>Dieses 2-in-1-Laufrad eignet sich hervorragend, um Gleichgewicht, Koordination und Lenkung zu verbessern. 2-in-1-Design: Dieses Laufrad w\u00e4chst zusammen mit deinem Kind mit. Es dient zun\u00e4chst als Dreirad f\u00fcr Kleinkinder ab 12 Monaten und verwandelt sich dann in ein Laufrad mit 2 R\u00e4dern f\u00fcr Kinder ab 2 Jahren. Das bedeutet, dass dein Kind lange daran Freude und Spa\u00df damit haben wird.Verstellbar: Der Sitz des Laufrads ist h\u00f6henverstellbar, sodass das Fahrrad leicht an die K\u00f6rpergr\u00f6\u00dfe des Kindes angepasst werden kann. Zudem l\u00e4sst sich der Winkel des Lenkers bis zu 135 Grad einstellen.Bequem und sicher: Dieses Kinderfahrrad verf\u00fcgt \u00fcber einen rutschfesten Lenker, einen bequemen Sitz aus PU-Leder und pannensichere Reifen, um den Komfort und die Sicherheit deines Kindes zu gew\u00e4hrleisten.Tragbar: Das Kinderfahrrad verf\u00fcgt \u00fcber einen praktischen Tragegriff und l\u00e4sst sich dank seiner Leichtbauweise m\u00fchelos transportieren. Du kannst es \u00fcberall mitnehmen, um deinem Kind endlosen Spa\u00df und Mobilit\u00e4t zu bieten.<\/p>\n<ul>\n<li>Farbe: Gr\u00fcn und Schwarz<\/li>\n<li>Rahmen-Material: Sperrholz<\/li>\n<li>Radmaterial: EVA (Ethylen-Vinylacetat)<\/li>\n<li>Material des Sitzbezugs: PU (Polyurethan)<\/li>\n<li>Gesamtabmessungen: 66 x 36 x 36,5 cm (L x B x H)<\/li>\n<li>Sitzgr\u00f6\u00dfe: 16 x 8,5 cm (L x B)<\/li>\n<li>Sitzh\u00f6he: 24\/25,5\/27 cm<\/li>\n<li>Abmessungen der R\u00e4der (pro St\u00fcck): 17,5 x 5 cm (Durchmesser x B)<\/li>\n<li>Lenker innerhalb von 135 Grad einstellbar<\/li>\n<li>Empfohlenes Alter (zwei R\u00e4der): Ab 24 Monate<\/li>\n<li>Empfohlenes Alter (drei R\u00e4der): Ab 12 Monate<\/li>\n<li>Max. Belastbarkeit: 20 kg<\/li>\n<li>Zusammenbau erforderlich: Ja<\/li>\n<li>WARNHINWEIS: Benutzung unter unmittelbarer Aufsicht von Erwachsenen.<\/li>\n<li>WARNHINWEIS: Mit Schutzausr\u00fcstung zu benutzen. Nicht im Stra\u00dfenverkehr zu verwenden.<\/li>\n<\/ul>\n","protected":false},"excerpt":{"rendered":"<ul>\n<li>Farbe: Gr\u00fcn und Schwarz<\/li>\n<li>Rahmen-Material: Sperrholz<\/li>\n<li>Radmaterial: EVA (Ethylen-Vinylacetat)<\/li>\n<li>Material des Sitzbezugs: PU (Polyurethan)<\/li>\n<li>Gesamtabmessungen: 66 x 36 x 36,5 cm (L x B x H)<\/li>\n<li>Sitzgr\u00f6\u00dfe: 16 x 8,5 cm (L x B)<\/li>\n<li>Sitzh\u00f6he: 24\/25,5\/27 cm<\/li>\n<li>Abmessungen der R\u00e4der (pro St\u00fcck): 17,5 x 5 cm (Durchmesser x B)<\/li>\n<li>Lenker innerhalb von 135 Grad einstellbar<\/li>\n<li>Empfohlenes Alter (zwei R\u00e4der): Ab 24 Monate<\/li>\n<li>Empfohlenes Alter (drei R\u00e4der): Ab 12 Monate<\/li>\n<li>Max. Belastbarkeit: 20 kg<\/li>\n<li>Zusammenbau erforderlich: Ja<\/li>\n<li>WARNHINWEIS: Benutzung unter unmittelbarer Aufsicht von Erwachsenen.<\/li>\n<li>WARNHINWEIS: Mit Schutzausr\u00fcstung zu benutzen. Nicht im Stra\u00dfenverkehr zu verwenden.<\/li>\n<\/ul>\n","protected":false},"featured_media":10000055612,"comment_status":"closed","ping_status":"closed","template":"","meta":[],"product_brand":[],"product_cat":[6877,5561,6853,6852],"product_tag":[],"class_list":{"0":"post-55612","1":"product","2":"type-product","3":"status-publish","4":"has-post-thumbnail","6":"product_cat-kinderfahrzeuge","7":"product_cat-lauflernwagen-rutsch-tretfahrzeuge","8":"product_cat-spielzeuge","9":"product_cat-spielzeuge-spiele","11":"first","12":"instock","13":"taxable","14":"shipping-taxable","15":"purchasable","16":"product-type-simple","17":"add-to-wishlist-after_add_to_cart"},"jetpack_sharing_enabled":true,"_links":{"self":[{"href":"https:\/\/de-prime.com\/index.php\/wp-json\/wp\/v2\/product\/55612","targetHints":{"allow":["GET"]}}],"collection":[{"href":"https:\/\/de-prime.com\/index.php\/wp-json\/wp\/v2\/product"}],"about":[{"href":"https:\/\/de-prime.com\/index.php\/wp-json\/wp\/v2\/types\/product"}],"replies":[{"embeddable":true,"href":"https:\/\/de-prime.com\/index.php\/wp-json\/wp\/v2\/comments?post=55612"}],"wp:featuredmedia":[{"embeddable":true,"href":"https:\/\/de-prime.com\/index.php\/wp-json\/"}],"wp:attachment":[{"href":"https:\/\/de-prime.com\/index.php\/wp-json\/wp\/v2\/media?parent=55612"}],"wp:term":[{"taxonomy":"product_brand","embeddable":true,"href":"https:\/\/de-prime.com\/index.php\/wp-json\/wp\/v2\/product_brand?post=55612"},{"taxonomy":"product_cat","embeddable":true,"href":"https:\/\/de-prime.com\/index.php\/wp-json\/wp\/v2\/product_cat?post=55612"},{"taxonomy":"product_tag","embeddable":true,"href":"https:\/\/de-prime.com\/index.php\/wp-json\/wp\/v2\/product_tag?post=55612"}],"curies":[{"name":"wp","href":"https:\/\/api.w.org\/{rel}","templated":true}]}}