{"id":55609,"date":"2024-10-01T16:11:55","date_gmt":"2024-10-01T16:11:55","guid":{"rendered":"https:\/\/de-prime.com\/?p=55609"},"modified":"2024-10-01T16:40:19","modified_gmt":"2024-10-01T16:40:19","slug":"land-rover-348-kinder-rutschauto-mit-musik-weiss","status":"publish","type":"product","link":"https:\/\/de-prime.com\/index.php\/product\/land-rover-348-kinder-rutschauto-mit-musik-weiss\/","title":{"rendered":"Land Rover 348 Kinder-Rutschauto mit Musik Wei\u00df"},"content":{"rendered":"<p>Dieses Land Rover-Rutschauto kombiniert sportliches Styling mit tollen, kindergerechten Eigenschaften und seine gl\u00e4nzend wei\u00dfe Farbe macht es zu einem wahren Blickfang. Dieses Auto hat viele realistische Accessoires lassen es sehr lebensecht wirken. Mit dem Vorw\u00e4rtsgang, die mit F\u00fc\u00dfen des Kindes kontrolliert werden, ist es sowohl flexibel als auch sicher. Die eingebaute Musikanlage im Lenkrad sorgt f\u00fcr noch mehr Fahrspa\u00df. Das Auto ist niedrig, was es f\u00fcr kleine Kinder einfach macht, selbst auf- und abzusteigen. Das Auto ist genauso stabil wie es aussieht und macht einfach Spa\u00df. Die Montage ist sehr einfach. Es ist f\u00fcr Kinder ab 2 Jahren geeignet. Es ist f\u00fcr Kinder ab 2 Jahren geeignet.<\/p>\n<ul>\n<li>Farbe: Wei\u00df<\/li>\n<li>Gr\u00f6\u00dfe: 69,7 x 36 x 39,5 cm (L x B x H)<\/li>\n<li>Offiziell lizensiertes, originales Produkt<\/li>\n<li>Material: Kunststoff<\/li>\n<li>Max. Belastung: 23 kg<\/li>\n<li>Mit Kofferraum<\/li>\n<li>Eingebaute Musikanlage im Lenkrad<\/li>\n<li>Bewegen vorw\u00e4rts mit F\u00fc\u00dfen des Kindes<\/li>\n<li>Einfache Montage<\/li>\n<li>Empfohlenes Alter: 2+ Jahre<\/li>\n<li>2 x 1,5 V AA Batterien f\u00fcrs Lenkrad erforderlich (nicht enthalten)<\/li>\n<\/ul>\n","protected":false},"excerpt":{"rendered":"<ul>\n<li>Farbe: Wei\u00df<\/li>\n<li>Gr\u00f6\u00dfe: 69,7 x 36 x 39,5 cm (L x B x H)<\/li>\n<li>Offiziell lizensiertes, originales Produkt<\/li>\n<li>Material: Kunststoff<\/li>\n<li>Max. Belastung: 23 kg<\/li>\n<li>Mit Kofferraum<\/li>\n<li>Eingebaute Musikanlage im Lenkrad<\/li>\n<li>Bewegen vorw\u00e4rts mit F\u00fc\u00dfen des Kindes<\/li>\n<li>Einfache Montage<\/li>\n<li>Empfohlenes Alter: 2+ Jahre<\/li>\n<li>2 x 1,5 V AA Batterien f\u00fcrs Lenkrad erforderlich (nicht enthalten)<\/li>\n<\/ul>\n","protected":false},"featured_media":10000055609,"comment_status":"closed","ping_status":"closed","template":"","meta":[],"product_brand":[],"product_cat":[6877,5561,6853,6852],"product_tag":[],"class_list":{"0":"post-55609","1":"product","2":"type-product","3":"status-publish","4":"has-post-thumbnail","6":"product_cat-kinderfahrzeuge","7":"product_cat-lauflernwagen-rutsch-tretfahrzeuge","8":"product_cat-spielzeuge","9":"product_cat-spielzeuge-spiele","11":"first","12":"instock","13":"taxable","14":"shipping-taxable","15":"purchasable","16":"product-type-simple","17":"add-to-wishlist-after_add_to_cart"},"jetpack_sharing_enabled":true,"_links":{"self":[{"href":"https:\/\/de-prime.com\/index.php\/wp-json\/wp\/v2\/product\/55609","targetHints":{"allow":["GET"]}}],"collection":[{"href":"https:\/\/de-prime.com\/index.php\/wp-json\/wp\/v2\/product"}],"about":[{"href":"https:\/\/de-prime.com\/index.php\/wp-json\/wp\/v2\/types\/product"}],"replies":[{"embeddable":true,"href":"https:\/\/de-prime.com\/index.php\/wp-json\/wp\/v2\/comments?post=55609"}],"wp:featuredmedia":[{"embeddable":true,"href":"https:\/\/de-prime.com\/index.php\/wp-json\/"}],"wp:attachment":[{"href":"https:\/\/de-prime.com\/index.php\/wp-json\/wp\/v2\/media?parent=55609"}],"wp:term":[{"taxonomy":"product_brand","embeddable":true,"href":"https:\/\/de-prime.com\/index.php\/wp-json\/wp\/v2\/product_brand?post=55609"},{"taxonomy":"product_cat","embeddable":true,"href":"https:\/\/de-prime.com\/index.php\/wp-json\/wp\/v2\/product_cat?post=55609"},{"taxonomy":"product_tag","embeddable":true,"href":"https:\/\/de-prime.com\/index.php\/wp-json\/wp\/v2\/product_tag?post=55609"}],"curies":[{"name":"wp","href":"https:\/\/api.w.org\/{rel}","templated":true}]}}