{"id":55605,"date":"2024-10-01T16:11:55","date_gmt":"2024-10-01T16:11:55","guid":{"rendered":"https:\/\/de-prime.com\/?p=55605"},"modified":"2024-10-01T16:44:48","modified_gmt":"2024-10-01T16:44:48","slug":"mini-laufband-klappbar-93x36-cm-schwarz","status":"publish","type":"product","link":"https:\/\/de-prime.com\/index.php\/product\/mini-laufband-klappbar-93x36-cm-schwarz\/","title":{"rendered":"Mini-Laufband Klappbar 93&#215;36 cm Schwarz"},"content":{"rendered":"<p>Dieses manuelle Laufband erm\u00f6glicht es Ihnen, jederzeit in den eigenen vier W\u00e4nden zu trainieren. Das Laufband verf\u00fcgt \u00fcber eine Lauffl\u00e4che von 93&#215;36 cm. Durch Vorw\u00e4rtslaufen wird das Laufband angetrieben. Je schneller Sie laufen, desto schneller l\u00e4uft auch das Band. Die rutschsichere Lauffl\u00e4che bietet optimalen Laufkomfort. Dar\u00fcber hinaus erfasst der Monitor Ihre Geschwindigkeit, Trainingsdauer, Laufdistanz und verbrannte Kalorien. Dank des klappbaren Designs l\u00e4sst sich das Laufband bei Nichtgebrauch platzsparend aufbewahren. Au\u00dferdem sind die F\u00fc\u00dfe in der H\u00f6he verstellbar, damit Sie den Winkel des Laufbandes einstellen k\u00f6nnen. Trainieren und machen Sie sich fit in den eigenen vier W\u00e4nden mit diesem kompakten und flexiblen faltbaren Laufband! Bitte beachten Sie: dies ist ein kleines, nicht elektrisches Laufband, das sich am besten f\u00fcr Gehen, leichtes Joggen oder Laufen eignet. F\u00fcr gr\u00f6\u00dfere Benutzer oder Leistungssportler empfehlen wir gr\u00f6\u00dfere, elektrische Laufb\u00e4nder.<\/p>\n<ul>\n<li>Farbe: Schwarz<\/li>\n<li>Rahmenmaterial: Lackierter Stahl<\/li>\n<li>Bandmaterial: PVC + Polyethylen<\/li>\n<li>Gesamtgr\u00f6\u00dfe: 105 x 53 x (95-120) cm (L x B x H)<\/li>\n<li>Ma\u00dfe gefaltet: 37 x 53 x 115 cm (L x B x H)<\/li>\n<li>Lauffl\u00e4che: 93 x 36 cm (L x B)<\/li>\n<li>Gewicht: 14,8 kg<\/li>\n<li>Maximale Belastbarkeit: 100 kg<\/li>\n<li>Mechanische Festigkeit<\/li>\n<li>Klappdesign erm\u00f6glicht eine einfache Lagerung<\/li>\n<li>Klappbares Design zur einfachen Lagerung<\/li>\n<li>Verstellbare F\u00fc\u00dfe, um den Winkel des Laufbandes einzustellen<\/li>\n<li>Einfache Montage<\/li>\n<li>Geeignet zum Gehen oder leichtes Laufen\/Joggen<\/li>\n<\/ul>\n","protected":false},"excerpt":{"rendered":"<ul>\n<li>Farbe: Schwarz<\/li>\n<li>Rahmenmaterial: Lackierter Stahl<\/li>\n<li>Bandmaterial: PVC + Polyethylen<\/li>\n<li>Gesamtgr\u00f6\u00dfe: 105 x 53 x (95-120) cm (L x B x H)<\/li>\n<li>Ma\u00dfe gefaltet: 37 x 53 x 115 cm (L x B x H)<\/li>\n<li>Lauffl\u00e4che: 93 x 36 cm (L x B)<\/li>\n<li>Gewicht: 14,8 kg<\/li>\n<li>Maximale Belastbarkeit: 100 kg<\/li>\n<li>Mechanische Festigkeit<\/li>\n<li>Klappdesign erm\u00f6glicht eine einfache Lagerung<\/li>\n<li>Klappbares Design zur einfachen Lagerung<\/li>\n<li>Verstellbare F\u00fc\u00dfe, um den Winkel des Laufbandes einzustellen<\/li>\n<li>Einfache Montage<\/li>\n<li>Geeignet zum Gehen oder leichtes Laufen\/Joggen<\/li>\n<\/ul>\n","protected":false},"featured_media":10000055605,"comment_status":"closed","ping_status":"closed","template":"","meta":[],"product_brand":[],"product_cat":[6901,6902,6846,6926,6836],"product_tag":[],"class_list":{"0":"post-55605","1":"product","2":"type-product","3":"status-publish","4":"has-post-thumbnail","6":"product_cat-cardio","7":"product_cat-cardiogeraete","8":"product_cat-fitness","9":"product_cat-laufbaender","10":"product_cat-sportartikel","12":"first","13":"instock","14":"taxable","15":"shipping-taxable","16":"purchasable","17":"product-type-simple","18":"add-to-wishlist-after_add_to_cart"},"jetpack_sharing_enabled":true,"_links":{"self":[{"href":"https:\/\/de-prime.com\/index.php\/wp-json\/wp\/v2\/product\/55605","targetHints":{"allow":["GET"]}}],"collection":[{"href":"https:\/\/de-prime.com\/index.php\/wp-json\/wp\/v2\/product"}],"about":[{"href":"https:\/\/de-prime.com\/index.php\/wp-json\/wp\/v2\/types\/product"}],"replies":[{"embeddable":true,"href":"https:\/\/de-prime.com\/index.php\/wp-json\/wp\/v2\/comments?post=55605"}],"wp:featuredmedia":[{"embeddable":true,"href":"https:\/\/de-prime.com\/index.php\/wp-json\/"}],"wp:attachment":[{"href":"https:\/\/de-prime.com\/index.php\/wp-json\/wp\/v2\/media?parent=55605"}],"wp:term":[{"taxonomy":"product_brand","embeddable":true,"href":"https:\/\/de-prime.com\/index.php\/wp-json\/wp\/v2\/product_brand?post=55605"},{"taxonomy":"product_cat","embeddable":true,"href":"https:\/\/de-prime.com\/index.php\/wp-json\/wp\/v2\/product_cat?post=55605"},{"taxonomy":"product_tag","embeddable":true,"href":"https:\/\/de-prime.com\/index.php\/wp-json\/wp\/v2\/product_tag?post=55605"}],"curies":[{"name":"wp","href":"https:\/\/api.w.org\/{rel}","templated":true}]}}