{"id":55594,"date":"2024-10-01T16:11:54","date_gmt":"2024-10-01T16:11:54","guid":{"rendered":"https:\/\/de-prime.com\/?p=55594"},"modified":"2024-10-01T16:37:14","modified_gmt":"2024-10-01T16:37:14","slug":"hantelbank-mit-ablage-langhantel-und-kurzhantel-set-305-kg","status":"publish","type":"product","link":"https:\/\/de-prime.com\/index.php\/product\/hantelbank-mit-ablage-langhantel-und-kurzhantel-set-305-kg\/","title":{"rendered":"Hantelbank mit Ablage, Langhantel und Kurzhantel Set 30,5 kg"},"content":{"rendered":"<p>Diese robuste Trainingsbank, einschlie\u00dflich Langhantel- und Kurzhantel-Set, ist ideal f\u00fcr den Einsatz in deinem pers\u00f6nlichen Fitnessraum zu Hause oder im professionellen Fitnessstudio. Langlebig und robust: Die Fitnessbank ist aus robustem Stahl gefertigt. Die robuste Stahlkonstruktion der Trainingsbank gew\u00e4hrleistet deine Sicherheit w\u00e4hrend des Training.Das Bankdr\u00fccken kann Arm- und Brustmuskeln straffen. Das Curlpult und die Butterfly-Station trainieren Schultern und Arme, w\u00e4hrend der Beincurler die Oberschenkel trainiert. Die gro\u00dfe Auswahl an Trainingskombinationen und \u00dcbungen erm\u00f6glicht dir ein effektives Ganzk\u00f6rpertraining.Komfortables Sitzgef\u00fchl: Das strapazierf\u00e4hige, mit Baumwolle gepolsterte Kissen bietet hohen Trainingskomfort.Das Hantelset besteht aus Langhantel und Kurzhanteln. Diese haben solide, verchromte Stangen, Federverschl\u00fcsse (Langhantelstange), rutschfeste Griffe und geriffelte Sternverschl\u00fcsse (Kurzhantelstangen) zur sicheren Befestigung der Hantelscheiben. So kannst du sicher und bequem trainieren.Die verstellbaren Stufen der Fitnessbank erm\u00f6glichen es dir, dein Krafttraining an deine Bed\u00fcrfnisse anzupassen.<\/p>\n<ul>\n<li><strong>Hantelbank:<\/strong><\/li>\n<li>Material: Stahl<\/li>\n<li>Abmessungen: 182 x 135 x 205 cm (L x B x H)<\/li>\n<li>Abmessungen R\u00fcckenlehne: 79 x 24 x 3 cm (L x B x D)<\/li>\n<li>Abmessungen Sitz: 35 x 29 x 3 cm (L x B x D)<\/li>\n<li>Ma\u00dfe Arm-Curl-Kissen: 40 x 24 x 3 cm (L x B x T)<\/li>\n<li>Rohrdurchmesser f\u00fcr Hantelscheiben: 25 mm<\/li>\n<li>Maximales Benutzergewicht: 100 kg<\/li>\n<li>Max. Belastbarkeit Beincurler: 25 kg<\/li>\n<li>Maximales Butterfly-Armgewicht: 25 kg<\/li>\n<li>3-fach verstellbare R\u00fcckenlehne: min. 46 cm, max. 82 cm<\/li>\n<li>3-fach verstellbares Curlpult: min. 75 cm, max. 85 cm<\/li>\n<li>3-fach verstellbare Langhantelablage: min. 98 cm, max. 117 cm<\/li>\n<li><strong>Langhantel- und Kurzhantel-Set:<\/strong><\/li>\n<li>Hantelscheiben mit Polyethylen-Beschichtung<\/li>\n<li>Griffgr\u00f6\u00dfe: ca. 14,5 cm (Langhantel), 10 cm (Kurzhantel)<\/li>\n<li>1 x 2 kg Langhantel-Stange: 2,5 x 140 cm (Durchm. x L)<\/li>\n<li>2 x 0,5 kg Kurzhantel-Stange: 2,5 x 45 cm (Durchm. x L)<\/li>\n<li>6 x 1,25 kg Hantelscheibe: 17,5 x 3 cm (Durchm. x D)<\/li>\n<li>4 x 2,5 kg Hantelscheibe: 22 x 4 cm (Durchm. x D)<\/li>\n<li>2 x 5 kg Hantelscheibe: 27 x 4,5 cm (Durchm. x D)<\/li>\n<li>4 x Sicherungskappe<\/li>\n<li>2 x Federring<\/li>\n<li>Gesamtgewicht einschlie\u00dflich Stangen: 30,5 kg<\/li>\n<li>Gesamtgewicht der Hantelscheiben: 27,5 kg<\/li>\n<li>Maximale Tragf\u00e4higkeit der Hantelstange (140 cm): 120 kg<\/li>\n<\/ul>\n","protected":false},"excerpt":{"rendered":"<ul>\n<li><strong>Hantelbank:<\/strong><\/li>\n<li>Material: Stahl<\/li>\n<li>Abmessungen: 182 x 135 x 205 cm (L x B x H)<\/li>\n<li>Abmessungen R\u00fcckenlehne: 79 x 24 x 3 cm (L x B x D)<\/li>\n<li>Abmessungen Sitz: 35 x 29 x 3 cm (L x B x D)<\/li>\n<li>Ma\u00dfe Arm-Curl-Kissen: 40 x 24 x 3 cm (L x B x T)<\/li>\n<li>Rohrdurchmesser f\u00fcr Hantelscheiben: 25 mm<\/li>\n<li>Maximales Benutzergewicht: 100 kg<\/li>\n<li>Max. Belastbarkeit Beincurler: 25 kg<\/li>\n<li>Maximales Butterfly-Armgewicht: 25 kg<\/li>\n<li>3-fach verstellbare R\u00fcckenlehne: min. 46 cm, max. 82 cm<\/li>\n<li>3-fach verstellbares Curlpult: min. 75 cm, max. 85 cm<\/li>\n<li>3-fach verstellbare Langhantelablage: min. 98 cm, max. 117 cm<\/li>\n<li><strong>Langhantel- und Kurzhantel-Set:<\/strong><\/li>\n<li>Hantelscheiben mit Polyethylen-Beschichtung<\/li>\n<li>Griffgr\u00f6\u00dfe: ca. 14,5 cm (Langhantel), 10 cm (Kurzhantel)<\/li>\n<li>1 x 2 kg Langhantel-Stange: 2,5 x 140 cm (Durchm. x L)<\/li>\n<li>2 x 0,5 kg Kurzhantel-Stange: 2,5 x 45 cm (Durchm. x L)<\/li>\n<li>6 x 1,25 kg Hantelscheibe: 17,5 x 3 cm (Durchm. x D)<\/li>\n<li>4 x 2,5 kg Hantelscheibe: 22 x 4 cm (Durchm. x D)<\/li>\n<li>2 x 5 kg Hantelscheibe: 27 x 4,5 cm (Durchm. x D)<\/li>\n<li>4 x Sicherungskappe<\/li>\n<li>2 x Federring<\/li>\n<li>Gesamtgewicht einschlie\u00dflich Stangen: 30,5 kg<\/li>\n<li>Gesamtgewicht der Hantelscheiben: 27,5 kg<\/li>\n<li>Maximale Tragf\u00e4higkeit der Hantelstange (140 cm): 120 kg<\/li>\n<\/ul>\n","protected":false},"featured_media":10000055594,"comment_status":"closed","ping_status":"closed","template":"","meta":[],"product_brand":[],"product_cat":[6846,6899,6922,6836],"product_tag":[],"class_list":{"0":"post-55594","1":"product","2":"type-product","3":"status-publish","4":"has-post-thumbnail","6":"product_cat-fitness","7":"product_cat-gewichtheben","8":"product_cat-krafttrainingsgeraete","9":"product_cat-sportartikel","11":"first","12":"instock","13":"taxable","14":"shipping-taxable","15":"purchasable","16":"product-type-simple","17":"add-to-wishlist-after_add_to_cart"},"jetpack_sharing_enabled":true,"_links":{"self":[{"href":"https:\/\/de-prime.com\/index.php\/wp-json\/wp\/v2\/product\/55594","targetHints":{"allow":["GET"]}}],"collection":[{"href":"https:\/\/de-prime.com\/index.php\/wp-json\/wp\/v2\/product"}],"about":[{"href":"https:\/\/de-prime.com\/index.php\/wp-json\/wp\/v2\/types\/product"}],"replies":[{"embeddable":true,"href":"https:\/\/de-prime.com\/index.php\/wp-json\/wp\/v2\/comments?post=55594"}],"wp:featuredmedia":[{"embeddable":true,"href":"https:\/\/de-prime.com\/index.php\/wp-json\/"}],"wp:attachment":[{"href":"https:\/\/de-prime.com\/index.php\/wp-json\/wp\/v2\/media?parent=55594"}],"wp:term":[{"taxonomy":"product_brand","embeddable":true,"href":"https:\/\/de-prime.com\/index.php\/wp-json\/wp\/v2\/product_brand?post=55594"},{"taxonomy":"product_cat","embeddable":true,"href":"https:\/\/de-prime.com\/index.php\/wp-json\/wp\/v2\/product_cat?post=55594"},{"taxonomy":"product_tag","embeddable":true,"href":"https:\/\/de-prime.com\/index.php\/wp-json\/wp\/v2\/product_tag?post=55594"}],"curies":[{"name":"wp","href":"https:\/\/api.w.org\/{rel}","templated":true}]}}