{"id":55593,"date":"2024-10-01T16:11:54","date_gmt":"2024-10-01T16:11:54","guid":{"rendered":"https:\/\/de-prime.com\/?p=55593"},"modified":"2024-10-01T16:37:14","modified_gmt":"2024-10-01T16:37:14","slug":"trainingsbank-mit-ablage-langhantel-und-kurzhantel-set-605-kg","status":"publish","type":"product","link":"https:\/\/de-prime.com\/index.php\/product\/trainingsbank-mit-ablage-langhantel-und-kurzhantel-set-605-kg\/","title":{"rendered":"Trainingsbank mit Ablage, Langhantel und Kurzhantel Set 60,5 kg"},"content":{"rendered":"<p>Die Multifunktions-Trainingsbank mit Langhantelablage und Langhantel- und Kurzhantel-Set ist eine gro\u00dfartige Wahl, um verschiedene Muskelgruppen zu trainieren. Diese Kraftstation ist ein Muss f\u00fcr alle, die bequem und sicher zu Hause ihr Krafttraining gestalten m\u00f6chten. Von Bankdr\u00fccken, Beincurls, Crunches, Sit-Ups und Brustmuskeltraining \u2013 mit dieser Hantelbank wird\u00b4s m\u00f6glich! Da Komfort beim Training sehr wichtig ist, bietet diese Hantelbank eine gut gepolsterte R\u00fcckenlehne, die 4-fach verstellt werden kann. Das Krafttraining mit der Langhantel kann dank der Hantelablage sehr sicher durchgef\u00fchrt werden. Die Hantelbank kann nach Gebrauch einfach zusammengeklappt und vertikal verstaut werden. Das Hantelset besteht Langhantel und Kurzhantel. Diese haben solide, verchromte Stangen, Federverschl\u00fcsse (Langhantelstange), rutschfeste, ger\u00e4ndelte Griffe und geriffelte Sternverschl\u00fcsse (Kurzhantelstangen) zur sicheren Befestigung der Hantelscheiben. So kannst du sicher und bequem trainieren. Die Hantelscheiben sind mit einer robusten Polyethylen-Beschichtung versehen. Sie k\u00f6nnen f\u00fcr verschiedene Trainingszwecke auf verschiedene Weisen kombiniert werden. Die Lieferung umfasst eine Trainingsbank, eine Langhantelstange, zwei Kurzhantelstangen, sechs 1,25 kg Hantelscheiben, vier 2,5 kg Hantelscheiben, vier 5 kg Hantelscheiben, zwei 10 kg Hantelscheiben, vier Sternverschl\u00fcsse und zwei Federverschl\u00fcsse.<\/p>\n<ul>\n<li><strong>Hantelbank:<\/strong><\/li>\n<li>R\u00fcckenlehne in 4 Positionen verstellbar<\/li>\n<li>L\u00e4sst sich leicht flach zusammenklappen<\/li>\n<li>Abmessungen: 147 x 123 x 103 cm (L x B x H)<\/li>\n<li>Abmessungen (zusammengeklappt): 124 x 80 x 163 cm (L x B x H)<\/li>\n<li>Mit 2 Sicherheitsb\u00fcgeln<\/li>\n<li>Durchmesser der Stange: 25 mm<\/li>\n<li><strong>Langhantel- und Kurzhantel-Set:<\/strong><\/li>\n<li>Hantelscheiben mit Polyethylen-Beschichtung<\/li>\n<li>Griffgr\u00f6\u00dfe: ca. 14,5 cm (Langhantel), 10 cm (Kurzhantel)<\/li>\n<li>1 x 2 kg Langhantel-Stange: 2,5 x 140 cm (Durchm. x L)<\/li>\n<li>2 x 0,5 kg Kurzhantel-Stange: 2,5 x 45 cm (Durchm. x L)<\/li>\n<li>6 x 1,25 kg Hantelscheibe: 17,5 x 3 cm (Durchm. x D)<\/li>\n<li>4 x 2,5 kg Hantelscheibe: 22 x 4 cm (Durchm. x D)<\/li>\n<li>4 x 5 kg Hantelscheibe: 27 x 4,5 cm (Durchm. x D)<\/li>\n<li>2 x 10 kg Hantelscheibe: 32 x 5,5 cm (Durchm. x D)<\/li>\n<li>4 x Sicherungskappe<\/li>\n<li>2 x Federring<\/li>\n<li>Gesamtgewicht einschlie\u00dflich Stangen: 60,5 kg<\/li>\n<li>Gesamtgewicht der Hantelscheiben: 57,5 kg<\/li>\n<li>Maximale Tragf\u00e4higkeit der Hantelstange (140 cm): 120 kg<\/li>\n<\/ul>\n","protected":false},"excerpt":{"rendered":"<ul>\n<li><strong>Hantelbank:<\/strong><\/li>\n<li>R\u00fcckenlehne in 4 Positionen verstellbar<\/li>\n<li>L\u00e4sst sich leicht flach zusammenklappen<\/li>\n<li>Abmessungen: 147 x 123 x 103 cm (L x B x H)<\/li>\n<li>Abmessungen (zusammengeklappt): 124 x 80 x 163 cm (L x B x H)<\/li>\n<li>Mit 2 Sicherheitsb\u00fcgeln<\/li>\n<li>Durchmesser der Stange: 25 mm<\/li>\n<li><strong>Langhantel- und Kurzhantel-Set:<\/strong><\/li>\n<li>Hantelscheiben mit Polyethylen-Beschichtung<\/li>\n<li>Griffgr\u00f6\u00dfe: ca. 14,5 cm (Langhantel), 10 cm (Kurzhantel)<\/li>\n<li>1 x 2 kg Langhantel-Stange: 2,5 x 140 cm (Durchm. x L)<\/li>\n<li>2 x 0,5 kg Kurzhantel-Stange: 2,5 x 45 cm (Durchm. x L)<\/li>\n<li>6 x 1,25 kg Hantelscheibe: 17,5 x 3 cm (Durchm. x D)<\/li>\n<li>4 x 2,5 kg Hantelscheibe: 22 x 4 cm (Durchm. x D)<\/li>\n<li>4 x 5 kg Hantelscheibe: 27 x 4,5 cm (Durchm. x D)<\/li>\n<li>2 x 10 kg Hantelscheibe: 32 x 5,5 cm (Durchm. x D)<\/li>\n<li>4 x Sicherungskappe<\/li>\n<li>2 x Federring<\/li>\n<li>Gesamtgewicht einschlie\u00dflich Stangen: 60,5 kg<\/li>\n<li>Gesamtgewicht der Hantelscheiben: 57,5 kg<\/li>\n<li>Maximale Tragf\u00e4higkeit der Hantelstange (140 cm): 120 kg<\/li>\n<\/ul>\n","protected":false},"featured_media":10000055593,"comment_status":"closed","ping_status":"closed","template":"","meta":[],"product_brand":[],"product_cat":[6846,6899,6922,6836],"product_tag":[],"class_list":{"0":"post-55593","1":"product","2":"type-product","3":"status-publish","4":"has-post-thumbnail","6":"product_cat-fitness","7":"product_cat-gewichtheben","8":"product_cat-krafttrainingsgeraete","9":"product_cat-sportartikel","11":"first","12":"outofstock","13":"taxable","14":"shipping-taxable","15":"purchasable","16":"product-type-simple","17":"add-to-wishlist-after_add_to_cart"},"jetpack_sharing_enabled":true,"_links":{"self":[{"href":"https:\/\/de-prime.com\/index.php\/wp-json\/wp\/v2\/product\/55593","targetHints":{"allow":["GET"]}}],"collection":[{"href":"https:\/\/de-prime.com\/index.php\/wp-json\/wp\/v2\/product"}],"about":[{"href":"https:\/\/de-prime.com\/index.php\/wp-json\/wp\/v2\/types\/product"}],"replies":[{"embeddable":true,"href":"https:\/\/de-prime.com\/index.php\/wp-json\/wp\/v2\/comments?post=55593"}],"wp:featuredmedia":[{"embeddable":true,"href":"https:\/\/de-prime.com\/index.php\/wp-json\/"}],"wp:attachment":[{"href":"https:\/\/de-prime.com\/index.php\/wp-json\/wp\/v2\/media?parent=55593"}],"wp:term":[{"taxonomy":"product_brand","embeddable":true,"href":"https:\/\/de-prime.com\/index.php\/wp-json\/wp\/v2\/product_brand?post=55593"},{"taxonomy":"product_cat","embeddable":true,"href":"https:\/\/de-prime.com\/index.php\/wp-json\/wp\/v2\/product_cat?post=55593"},{"taxonomy":"product_tag","embeddable":true,"href":"https:\/\/de-prime.com\/index.php\/wp-json\/wp\/v2\/product_tag?post=55593"}],"curies":[{"name":"wp","href":"https:\/\/api.w.org\/{rel}","templated":true}]}}