{"id":55584,"date":"2024-10-01T16:11:53","date_gmt":"2024-10-01T16:11:53","guid":{"rendered":"https:\/\/de-prime.com\/?p=55584"},"modified":"2024-10-01T16:44:48","modified_gmt":"2024-10-01T16:44:48","slug":"hantelbank-mit-langhantel-und-kurzhantel-set-305-kg-2","status":"publish","type":"product","link":"https:\/\/de-prime.com\/index.php\/product\/hantelbank-mit-langhantel-und-kurzhantel-set-305-kg-2\/","title":{"rendered":"Hantelbank mit Langhantel und Kurzhantel Set 30,5 kg"},"content":{"rendered":"<p>Diese Trainingsbank, die mit einem Set aus Langhantel und Kurzhanteln geliefert wird, verbessert deine k\u00f6rperliche Fitness, strafft deine Muskeln und hilft dir, in Verbindung mit einer kalorienreduzierten Di\u00e4t, beim Abnehmen. Diese hochwertige, multifunktionale Schr\u00e4gbank ist ideal f\u00fcr den Einsatz in deinem pers\u00f6nlichen Fitnessraum zu Hause oder im professionellen Fitnessstudio. Die Hantelbank ist mit einer verstellbaren R\u00fcckenlehne ausgestattet. Die R\u00fcckenlehne st\u00fctzt deinen R\u00fccken und deine Schultern sicher und bequem w\u00e4hrend deines Krafttrainings. Die 5-fach verstellbare R\u00fcckenlehne erm\u00f6glicht es dir, die bequemste Position zu w\u00e4hlen und deine Trainingsintensit\u00e4t an deine spezifischen Bed\u00fcrfnisse anzupassen. Die multifunktionale Hantelbank ist aus hochwertigem Stahl gefertigt und die strapazierf\u00e4hige Polsterung bietet dir h\u00f6chsten Komfort bei deinem Krafttraining. Das Hantelset besteht Langhantel und Kurzhanteln. Diese haben solide, verchromte Stangen, Federverschl\u00fcsse (Langhantelstange), rutschfeste Griffe und geriffelte Sternverschl\u00fcsse (Kurzhantelstangen) zur sicheren Befestigung der Hantelscheiben. So kannst du sicher und bequem trainieren. Die Hantelscheiben sind mit einer robusten Polyethylen-Beschichtung versehen. Sie k\u00f6nnen f\u00fcr verschiedene Trainingszwecke auf verschiedene Weisen kombiniert werden. Die Lieferung umfasst eine Trainingsbank, eine Langhantelstange, zwei Kurzhantelstangen, sechs 1,25 kg Hantelscheiben, vier 2,5 kg Hantelscheiben, zwei 5 kg Hantelscheiben, vier Sternverschl\u00fcsse und zwei Federverschl\u00fcsse.<\/p>\n<ul>\n<li><strong>Hantelbank:<\/strong><\/li>\n<li>Material: Stahl<\/li>\n<li>Abmessungen (zusammengebaut): 133 x 41 x 47,5 cm (L x B x H)<\/li>\n<li>Abmessungen R\u00fcckenlehne: 79 x 24 x 4 cm (L x B x D)<\/li>\n<li>Abmessungen Sitz: 31 x 30 x 4 cm (L x B x D)<\/li>\n<li>Sitzh\u00f6he: 47,5 cm<\/li>\n<li>R\u00fcckenlehne verstellbar: 5 Einstellungen (47,5 cm \/ 70 cm \/ 91 cm \/ 112 cm \/ 131 cm)<\/li>\n<li>Maximales Benutzergewicht: 100 kg<\/li>\n<li><strong>Langhantel- und Kurzhantel-Set:<\/strong><\/li>\n<li>Hantelscheiben mit Polyethylen-Beschichtung<\/li>\n<li>Griffgr\u00f6\u00dfe: ca. 14,5 cm (Langhantel), 10 cm (Kurzhantel)<\/li>\n<li>1 x 2 kg Langhantel-Stange: 2,5 x 140 cm (Durchm. x L)<\/li>\n<li>2 x 0,5 kg Kurzhantel-Stange: 2,5 x 45 cm (Durchm. x L)<\/li>\n<li>6 x 1,25 kg Hantelscheibe: 17,5 x 3 cm (Durchm. x D)<\/li>\n<li>4 x 2,5 kg Hantelscheibe: 22 x 4 cm (Durchm. x D)<\/li>\n<li>2 x 5 kg Hantelscheibe: 27 x 4,5 cm (Durchm. x D)<\/li>\n<li>4 x Sicherungskappe<\/li>\n<li>2 x Federring<\/li>\n<li>Gesamtgewicht einschlie\u00dflich Stangen: 30,5 kg<\/li>\n<li>Gesamtgewicht der Hantelscheiben: 27,5 kg<\/li>\n<li>Maximale Tragf\u00e4higkeit der Hantelstange (140 cm): 120 kg<\/li>\n<\/ul>\n","protected":false},"excerpt":{"rendered":"<ul>\n<li><strong>Hantelbank:<\/strong><\/li>\n<li>Material: Stahl<\/li>\n<li>Abmessungen (zusammengebaut): 133 x 41 x 47,5 cm (L x B x H)<\/li>\n<li>Abmessungen R\u00fcckenlehne: 79 x 24 x 4 cm (L x B x D)<\/li>\n<li>Abmessungen Sitz: 31 x 30 x 4 cm (L x B x D)<\/li>\n<li>Sitzh\u00f6he: 47,5 cm<\/li>\n<li>R\u00fcckenlehne verstellbar: 5 Einstellungen (47,5 cm \/ 70 cm \/ 91 cm \/ 112 cm \/ 131 cm)<\/li>\n<li>Maximales Benutzergewicht: 100 kg<\/li>\n<li><strong>Langhantel- und Kurzhantel-Set:<\/strong><\/li>\n<li>Hantelscheiben mit Polyethylen-Beschichtung<\/li>\n<li>Griffgr\u00f6\u00dfe: ca. 14,5 cm (Langhantel), 10 cm (Kurzhantel)<\/li>\n<li>1 x 2 kg Langhantel-Stange: 2,5 x 140 cm (Durchm. x L)<\/li>\n<li>2 x 0,5 kg Kurzhantel-Stange: 2,5 x 45 cm (Durchm. x L)<\/li>\n<li>6 x 1,25 kg Hantelscheibe: 17,5 x 3 cm (Durchm. x D)<\/li>\n<li>4 x 2,5 kg Hantelscheibe: 22 x 4 cm (Durchm. x D)<\/li>\n<li>2 x 5 kg Hantelscheibe: 27 x 4,5 cm (Durchm. x D)<\/li>\n<li>4 x Sicherungskappe<\/li>\n<li>2 x Federring<\/li>\n<li>Gesamtgewicht einschlie\u00dflich Stangen: 30,5 kg<\/li>\n<li>Gesamtgewicht der Hantelscheiben: 27,5 kg<\/li>\n<li>Maximale Tragf\u00e4higkeit der Hantelstange (140 cm): 120 kg<\/li>\n<\/ul>\n","protected":false},"featured_media":10000055584,"comment_status":"closed","ping_status":"closed","template":"","meta":[],"product_brand":[],"product_cat":[6846,6899,6922,6836],"product_tag":[],"class_list":{"0":"post-55584","1":"product","2":"type-product","3":"status-publish","4":"has-post-thumbnail","6":"product_cat-fitness","7":"product_cat-gewichtheben","8":"product_cat-krafttrainingsgeraete","9":"product_cat-sportartikel","11":"first","12":"instock","13":"taxable","14":"shipping-taxable","15":"purchasable","16":"product-type-simple","17":"add-to-wishlist-after_add_to_cart"},"jetpack_sharing_enabled":true,"_links":{"self":[{"href":"https:\/\/de-prime.com\/index.php\/wp-json\/wp\/v2\/product\/55584","targetHints":{"allow":["GET"]}}],"collection":[{"href":"https:\/\/de-prime.com\/index.php\/wp-json\/wp\/v2\/product"}],"about":[{"href":"https:\/\/de-prime.com\/index.php\/wp-json\/wp\/v2\/types\/product"}],"replies":[{"embeddable":true,"href":"https:\/\/de-prime.com\/index.php\/wp-json\/wp\/v2\/comments?post=55584"}],"wp:featuredmedia":[{"embeddable":true,"href":"https:\/\/de-prime.com\/index.php\/wp-json\/"}],"wp:attachment":[{"href":"https:\/\/de-prime.com\/index.php\/wp-json\/wp\/v2\/media?parent=55584"}],"wp:term":[{"taxonomy":"product_brand","embeddable":true,"href":"https:\/\/de-prime.com\/index.php\/wp-json\/wp\/v2\/product_brand?post=55584"},{"taxonomy":"product_cat","embeddable":true,"href":"https:\/\/de-prime.com\/index.php\/wp-json\/wp\/v2\/product_cat?post=55584"},{"taxonomy":"product_tag","embeddable":true,"href":"https:\/\/de-prime.com\/index.php\/wp-json\/wp\/v2\/product_tag?post=55584"}],"curies":[{"name":"wp","href":"https:\/\/api.w.org\/{rel}","templated":true}]}}