{"id":55578,"date":"2024-10-01T16:11:53","date_gmt":"2024-10-01T16:11:53","guid":{"rendered":"https:\/\/de-prime.com\/?p=55578"},"modified":"2024-10-01T16:42:35","modified_gmt":"2024-10-01T16:42:35","slug":"murmelbahn-kugelbahn-kinderspielzeug","status":"publish","type":"product","link":"https:\/\/de-prime.com\/index.php\/product\/murmelbahn-kugelbahn-kinderspielzeug\/","title":{"rendered":"Murmelbahn Kugelbahn Kinderspielzeug"},"content":{"rendered":"<p>Ihr kleiner Architekt wird mit dieser Murmelbahn jede Menge Spa\u00df haben! Die hochwertige Kugelbahn aus Kunststoff hat keine scharfen Ecken oder Enden, so dass sie sicher zum Spielen ist. Diese bunte und robuste Murmelbahn schult die Geschicklichkeit, Kreativit\u00e4t, das Denkverm\u00f6gen und die Feinmotorik Ihres Kindes. Ihr Kind kann damit viele unterschiedliche Laufstrecken nach Belieben zusammenbauen. Mit Hilfe von verschiedenen Bauelementen wie Trichter, Kurven und Drehr\u00e4der, f\u00e4llt es Ihrem Kind leicht, sich immer neue Strecken auszudenken. Es eignet sich f\u00fcr Kinder ab 3 Jahren. Der Lieferumfang enth\u00e4lt 112 Teile.<\/p>\n<ul>\n<li>Material: Kunststoff<\/li>\n<li>Ma\u00dfe: 42 x 30 x 61 cm (L x B x H)<\/li>\n<li>Altersempfehlung: ab 3 Jahren<\/li>\n<li>Der Lieferumfang beinhaltet 112 Teile<\/li>\n<li>WARNHINWEIS: Nicht f\u00fcr Kinder unter 36 Monaten geeignet.<\/li>\n<\/ul>\n","protected":false},"excerpt":{"rendered":"<ul>\n<li>Material: Kunststoff<\/li>\n<li>Ma\u00dfe: 42 x 30 x 61 cm (L x B x H)<\/li>\n<li>Altersempfehlung: ab 3 Jahren<\/li>\n<li>Der Lieferumfang beinhaltet 112 Teile<\/li>\n<li>WARNHINWEIS: Nicht f\u00fcr Kinder unter 36 Monaten geeignet.<\/li>\n<\/ul>\n","protected":false},"featured_media":10000055578,"comment_status":"closed","ping_status":"closed","template":"","meta":[],"product_brand":[],"product_cat":[6907,6151,6853,6852],"product_tag":[],"class_list":{"0":"post-55578","1":"product","2":"type-product","3":"status-publish","4":"has-post-thumbnail","6":"product_cat-konstruktions-bau-spielzeuge","7":"product_cat-kugelbahnen","8":"product_cat-spielzeuge","9":"product_cat-spielzeuge-spiele","11":"first","12":"instock","13":"taxable","14":"shipping-taxable","15":"purchasable","16":"product-type-simple","17":"add-to-wishlist-after_add_to_cart"},"jetpack_sharing_enabled":true,"_links":{"self":[{"href":"https:\/\/de-prime.com\/index.php\/wp-json\/wp\/v2\/product\/55578","targetHints":{"allow":["GET"]}}],"collection":[{"href":"https:\/\/de-prime.com\/index.php\/wp-json\/wp\/v2\/product"}],"about":[{"href":"https:\/\/de-prime.com\/index.php\/wp-json\/wp\/v2\/types\/product"}],"replies":[{"embeddable":true,"href":"https:\/\/de-prime.com\/index.php\/wp-json\/wp\/v2\/comments?post=55578"}],"wp:featuredmedia":[{"embeddable":true,"href":"https:\/\/de-prime.com\/index.php\/wp-json\/"}],"wp:attachment":[{"href":"https:\/\/de-prime.com\/index.php\/wp-json\/wp\/v2\/media?parent=55578"}],"wp:term":[{"taxonomy":"product_brand","embeddable":true,"href":"https:\/\/de-prime.com\/index.php\/wp-json\/wp\/v2\/product_brand?post=55578"},{"taxonomy":"product_cat","embeddable":true,"href":"https:\/\/de-prime.com\/index.php\/wp-json\/wp\/v2\/product_cat?post=55578"},{"taxonomy":"product_tag","embeddable":true,"href":"https:\/\/de-prime.com\/index.php\/wp-json\/wp\/v2\/product_tag?post=55578"}],"curies":[{"name":"wp","href":"https:\/\/api.w.org\/{rel}","templated":true}]}}