{"id":55573,"date":"2024-10-01T16:11:53","date_gmt":"2024-10-01T16:11:53","guid":{"rendered":"https:\/\/de-prime.com\/?p=55573"},"modified":"2024-10-01T16:37:23","modified_gmt":"2024-10-01T16:37:23","slug":"trainingsbank","status":"publish","type":"product","link":"https:\/\/de-prime.com\/index.php\/product\/trainingsbank\/","title":{"rendered":"Trainingsbank"},"content":{"rendered":"<p>Diese Trainingsbank verbessert deine k\u00f6rperliche Fitness, strafft deine Muskeln und tr\u00e4gt in Verbindung mit einer kalorienreduzierten Di\u00e4t zur Gewichtsabnahme bei. Sie eignet sich f\u00fcr Trainingsstudios, Heim-Fitnessstudios und Fitnesszentren. Verstellbare R\u00fcckenlehne: Die Trainingsbank ist mit einer verstellbaren R\u00fcckenlehne ausgestattet. Sie l\u00e4sst sich daher zur St\u00e4rkung deiner R\u00fccken- und Schultermuskulatur verwenden. Dank der 5-fach verstellbaren R\u00fcckenlehne kannst du stets die bequemste Position finden und deine Trainingsintensit\u00e4t an deine spezifischen Bed\u00fcrfnisse anpassen. Stabile Konstruktion: Diese vielseitige Fitnessbank ist aus hochwertigem Stahl gefertigt.Komfortables Kissen: Das dick gepolsterte Kissen tr\u00e4gt zu einem gro\u00dfartigen Trainingserlebnis bei.<\/p>\n<ul>\n<li>Material: Stahl<\/li>\n<li>Gesamtgr\u00f6\u00dfe: 133 x 41 x 47,5 cm<\/li>\n<li>Gr\u00f6\u00dfe der R\u00fcckenlehne: 79 x 24 x 4 cm<\/li>\n<li>Sitzgr\u00f6\u00dfe: 31 x 30 x 4 cm<\/li>\n<li>Sitzh\u00f6he: 47,5 cm<\/li>\n<li>Verstellbare R\u00fcckenlehne: 5 Stufen (47,5 cm \/ 70 cm \/ 91 cm \/ 112 cm \/ 131 cm)<\/li>\n<li>Maximales Benutzergewicht: 100 kg<\/li>\n<li>Material: Polyurethan: 100%<\/li>\n<\/ul>\n","protected":false},"excerpt":{"rendered":"<ul>\n<li>Material: Stahl<\/li>\n<li>Gesamtgr\u00f6\u00dfe: 133 x 41 x 47,5 cm<\/li>\n<li>Gr\u00f6\u00dfe der R\u00fcckenlehne: 79 x 24 x 4 cm<\/li>\n<li>Sitzgr\u00f6\u00dfe: 31 x 30 x 4 cm<\/li>\n<li>Sitzh\u00f6he: 47,5 cm<\/li>\n<li>Verstellbare R\u00fcckenlehne: 5 Stufen (47,5 cm \/ 70 cm \/ 91 cm \/ 112 cm \/ 131 cm)<\/li>\n<li>Maximales Benutzergewicht: 100 kg<\/li>\n<li>Material: Polyurethan: 100%<\/li>\n<\/ul>\n","protected":false},"featured_media":10000055573,"comment_status":"closed","ping_status":"closed","template":"","meta":[],"product_brand":[],"product_cat":[6846,6899,6922,6836],"product_tag":[],"class_list":{"0":"post-55573","1":"product","2":"type-product","3":"status-publish","4":"has-post-thumbnail","6":"product_cat-fitness","7":"product_cat-gewichtheben","8":"product_cat-krafttrainingsgeraete","9":"product_cat-sportartikel","11":"first","12":"instock","13":"taxable","14":"shipping-taxable","15":"purchasable","16":"product-type-simple","17":"add-to-wishlist-after_add_to_cart"},"jetpack_sharing_enabled":true,"_links":{"self":[{"href":"https:\/\/de-prime.com\/index.php\/wp-json\/wp\/v2\/product\/55573","targetHints":{"allow":["GET"]}}],"collection":[{"href":"https:\/\/de-prime.com\/index.php\/wp-json\/wp\/v2\/product"}],"about":[{"href":"https:\/\/de-prime.com\/index.php\/wp-json\/wp\/v2\/types\/product"}],"replies":[{"embeddable":true,"href":"https:\/\/de-prime.com\/index.php\/wp-json\/wp\/v2\/comments?post=55573"}],"wp:featuredmedia":[{"embeddable":true,"href":"https:\/\/de-prime.com\/index.php\/wp-json\/"}],"wp:attachment":[{"href":"https:\/\/de-prime.com\/index.php\/wp-json\/wp\/v2\/media?parent=55573"}],"wp:term":[{"taxonomy":"product_brand","embeddable":true,"href":"https:\/\/de-prime.com\/index.php\/wp-json\/wp\/v2\/product_brand?post=55573"},{"taxonomy":"product_cat","embeddable":true,"href":"https:\/\/de-prime.com\/index.php\/wp-json\/wp\/v2\/product_cat?post=55573"},{"taxonomy":"product_tag","embeddable":true,"href":"https:\/\/de-prime.com\/index.php\/wp-json\/wp\/v2\/product_tag?post=55573"}],"curies":[{"name":"wp","href":"https:\/\/api.w.org\/{rel}","templated":true}]}}