{"id":55571,"date":"2024-10-01T16:11:53","date_gmt":"2024-10-01T16:11:53","guid":{"rendered":"https:\/\/de-prime.com\/?p=55571"},"modified":"2024-10-01T16:37:22","modified_gmt":"2024-10-01T16:37:22","slug":"hantelablage","status":"publish","type":"product","link":"https:\/\/de-prime.com\/index.php\/product\/hantelablage\/","title":{"rendered":"Hantelablage"},"content":{"rendered":"<p>Diese Hantelablage f\u00fcr Kurzhanteln und Langhanteln wurde konzipiert, um Hanteln organisiert aufzubewahren und sicher abzulegen. Die Ablage bietet Platz f\u00fcr die meisten Kurzhanteln in allen Gr\u00f6\u00dfen und Materialien, sei es aus Neopren oder Gusseisen. Der stabile Rahmen und zwei Etagen helfen Ihnen dabei, ein aufger\u00e4umtes Fitnessstudio zu schaffen und Ihre Hanteln stilvoll und ordentlich aufzubewahren. Es ist seit Jahren der Einsatz von Hochleistungsstahl. Die rutschfeste Gummibasis hilft B\u00f6den vor Besch\u00e4digung zu sch\u00fctzen und sichert die Stabilit\u00e4t und Optimale Sicherheit. Dieses Rack mit robuste Konstruktion dank ein max. Last 300 kg Belastbarkeit. Es ist au\u00dferdem f\u00fcr fast alle L\u00e4ngen von Hanteln geeignet. Er misst 49 von 100 um 95 cm, wenn sie vollst\u00e4ndig zusammengebaut.<\/p>\n<ul>\n<li>Abmessungen: 49 x 100 x 95 cm (L x B x H) <\/li>\n<li>Maximale Belastung: 300 kg<\/li>\n<li>Farbe: Grau <\/li>\n<li>7 Rohre <\/li>\n<li>8 Halter (4 Halter auf jeder Seite)<\/li>\n<li>Durchmesser der Stange: 25mm<\/li>\n<\/ul>\n","protected":false},"excerpt":{"rendered":"<ul>\n<li>Abmessungen: 49 x 100 x 95 cm (L x B x H) <\/li>\n<li>Maximale Belastung: 300 kg<\/li>\n<li>Farbe: Grau <\/li>\n<li>7 Rohre <\/li>\n<li>8 Halter (4 Halter auf jeder Seite)<\/li>\n<li>Durchmesser der Stange: 25mm<\/li>\n<\/ul>\n","protected":false},"featured_media":10000055571,"comment_status":"closed","ping_status":"closed","template":"","meta":[],"product_brand":[],"product_cat":[6846,6899,6922,6836],"product_tag":[],"class_list":{"0":"post-55571","1":"product","2":"type-product","3":"status-publish","4":"has-post-thumbnail","6":"product_cat-fitness","7":"product_cat-gewichtheben","8":"product_cat-krafttrainingsgeraete","9":"product_cat-sportartikel","11":"first","12":"outofstock","13":"taxable","14":"shipping-taxable","15":"purchasable","16":"product-type-simple","17":"add-to-wishlist-after_add_to_cart"},"jetpack_sharing_enabled":true,"_links":{"self":[{"href":"https:\/\/de-prime.com\/index.php\/wp-json\/wp\/v2\/product\/55571","targetHints":{"allow":["GET"]}}],"collection":[{"href":"https:\/\/de-prime.com\/index.php\/wp-json\/wp\/v2\/product"}],"about":[{"href":"https:\/\/de-prime.com\/index.php\/wp-json\/wp\/v2\/types\/product"}],"replies":[{"embeddable":true,"href":"https:\/\/de-prime.com\/index.php\/wp-json\/wp\/v2\/comments?post=55571"}],"wp:featuredmedia":[{"embeddable":true,"href":"https:\/\/de-prime.com\/index.php\/wp-json\/"}],"wp:attachment":[{"href":"https:\/\/de-prime.com\/index.php\/wp-json\/wp\/v2\/media?parent=55571"}],"wp:term":[{"taxonomy":"product_brand","embeddable":true,"href":"https:\/\/de-prime.com\/index.php\/wp-json\/wp\/v2\/product_brand?post=55571"},{"taxonomy":"product_cat","embeddable":true,"href":"https:\/\/de-prime.com\/index.php\/wp-json\/wp\/v2\/product_cat?post=55571"},{"taxonomy":"product_tag","embeddable":true,"href":"https:\/\/de-prime.com\/index.php\/wp-json\/wp\/v2\/product_tag?post=55571"}],"curies":[{"name":"wp","href":"https:\/\/api.w.org\/{rel}","templated":true}]}}