{"id":55569,"date":"2024-10-01T16:11:52","date_gmt":"2024-10-01T16:11:52","guid":{"rendered":"https:\/\/de-prime.com\/?p=55569"},"modified":"2024-10-01T16:37:21","modified_gmt":"2024-10-01T16:37:21","slug":"hantelbank-multifunktional","status":"publish","type":"product","link":"https:\/\/de-prime.com\/index.php\/product\/hantelbank-multifunktional\/","title":{"rendered":"Hantelbank Multifunktional"},"content":{"rendered":"<p>Diese Multifunktion-Hantelbank ist das ideale Trainingsger\u00e4t f\u00fcr Arm-, Bein- und R\u00fcckenmuskulatur und sorgt f\u00fcr eine bessere Fitness und ein gr\u00f6\u00dferes Kraftpotenzial. Ganzk\u00f6rper-Training: Diese Hantelbank bietet Anf\u00e4ngern bis hin zu fortgeschrittenen Sportlern das passende Training und eignet sich sowohl zum Trainieren von einzelnen Muskeln als auch f\u00fcr Kombinations\u00fcbungen f\u00fcr ganze Muskelgruppen. Das Bankdr\u00fccken kann Arm- und Brustmuskeln straffen. Das Curlpult und die Butterfly-Station definieren die Schulter- und Armmuskulatur, w\u00e4hrend der Beincurler die Oberschenkel trainiert. Der Kabelzug st\u00e4rkt die gesamte R\u00fcckenmuskulatur. Diese gro\u00dfe Auswahl an Trainingskombinationen und \u00dcbungen erm\u00f6glicht ein effektives Ganzk\u00f6rper-Training, w\u00e4hrend durch die Einstellm\u00f6glichkeiten das Training an deine speziellen Bed\u00fcrfnisse angepasst werden kann.Robuste und stabile Konstruktion: Die robuste Stahlkonstruktion der Trainingsstation gew\u00e4hrleistet deine Sicherheit w\u00e4hrend des Trainings, sodass du dich voll und ganz auf dein Workout konzentrieren kannst. Und die gummierten, rutschfesten Beine sorgen f\u00fcr mehr Stabilit\u00e4t.<\/p>\n<ul>\n<li>Farbe: Wei\u00df \/ Schwarz<\/li>\n<li>Material: Stahl<\/li>\n<li>Abmessungen: 180 x 126 x 103 &#8211; 123 cm (L x B x H)<\/li>\n<li>Kissen: 48 x 30 cm<\/li>\n<li>R\u00fcckenlehne: 68 x 24 x 4 cm<\/li>\n<li>H\u00f6he der horizontalen R\u00fcckenlehne: 42 cm <\/li>\n<li>Verstellbare R\u00fcckenlehne: 7 Stufen, min. 42 cm, max. 109 cm<\/li>\n<li>Arm-Curl-Kissen: 44 x 28 x 4 cm<\/li>\n<li>Einstellbares Arm-Curl-Kissen: 4 Stufen, min. 77 cm, max. 92 cm <\/li>\n<li>Verstellbare Hantelablage: 5 Stufen, min. 103 cm, max. 123 cm<\/li>\n<li>Hauptrohr: 50 \u00d7 50 \u00d7 1,5 mm<\/li>\n<li>Rohrdurchmesser f\u00fcr Gewichte: 25 mm<\/li>\n<li>Max. Gewicht der Stangenhalterung: 80 kg<\/li>\n<li>Max. Beinstrecker-Gewicht: 35 kg <\/li>\n<li>Maximales Butterfly-Armgewicht: 30 kg<\/li>\n<li>Material: Polyurethan: 100%<\/li>\n<\/ul>\n","protected":false},"excerpt":{"rendered":"<ul>\n<li>Farbe: Wei\u00df \/ Schwarz<\/li>\n<li>Material: Stahl<\/li>\n<li>Abmessungen: 180 x 126 x 103 &#8211; 123 cm (L x B x H)<\/li>\n<li>Kissen: 48 x 30 cm<\/li>\n<li>R\u00fcckenlehne: 68 x 24 x 4 cm<\/li>\n<li>H\u00f6he der horizontalen R\u00fcckenlehne: 42 cm <\/li>\n<li>Verstellbare R\u00fcckenlehne: 7 Stufen, min. 42 cm, max. 109 cm<\/li>\n<li>Arm-Curl-Kissen: 44 x 28 x 4 cm<\/li>\n<li>Einstellbares Arm-Curl-Kissen: 4 Stufen, min. 77 cm, max. 92 cm <\/li>\n<li>Verstellbare Hantelablage: 5 Stufen, min. 103 cm, max. 123 cm<\/li>\n<li>Hauptrohr: 50 \u00d7 50 \u00d7 1,5 mm<\/li>\n<li>Rohrdurchmesser f\u00fcr Gewichte: 25 mm<\/li>\n<li>Max. Gewicht der Stangenhalterung: 80 kg<\/li>\n<li>Max. Beinstrecker-Gewicht: 35 kg <\/li>\n<li>Maximales Butterfly-Armgewicht: 30 kg<\/li>\n<li>Material: Polyurethan: 100%<\/li>\n<\/ul>\n","protected":false},"featured_media":10000055569,"comment_status":"closed","ping_status":"closed","template":"","meta":[],"product_brand":[],"product_cat":[6846,6899,6922,6836],"product_tag":[],"class_list":{"0":"post-55569","1":"product","2":"type-product","3":"status-publish","4":"has-post-thumbnail","6":"product_cat-fitness","7":"product_cat-gewichtheben","8":"product_cat-krafttrainingsgeraete","9":"product_cat-sportartikel","11":"first","12":"instock","13":"taxable","14":"shipping-taxable","15":"purchasable","16":"product-type-simple","17":"add-to-wishlist-after_add_to_cart"},"jetpack_sharing_enabled":true,"_links":{"self":[{"href":"https:\/\/de-prime.com\/index.php\/wp-json\/wp\/v2\/product\/55569","targetHints":{"allow":["GET"]}}],"collection":[{"href":"https:\/\/de-prime.com\/index.php\/wp-json\/wp\/v2\/product"}],"about":[{"href":"https:\/\/de-prime.com\/index.php\/wp-json\/wp\/v2\/types\/product"}],"replies":[{"embeddable":true,"href":"https:\/\/de-prime.com\/index.php\/wp-json\/wp\/v2\/comments?post=55569"}],"wp:featuredmedia":[{"embeddable":true,"href":"https:\/\/de-prime.com\/index.php\/wp-json\/"}],"wp:attachment":[{"href":"https:\/\/de-prime.com\/index.php\/wp-json\/wp\/v2\/media?parent=55569"}],"wp:term":[{"taxonomy":"product_brand","embeddable":true,"href":"https:\/\/de-prime.com\/index.php\/wp-json\/wp\/v2\/product_brand?post=55569"},{"taxonomy":"product_cat","embeddable":true,"href":"https:\/\/de-prime.com\/index.php\/wp-json\/wp\/v2\/product_cat?post=55569"},{"taxonomy":"product_tag","embeddable":true,"href":"https:\/\/de-prime.com\/index.php\/wp-json\/wp\/v2\/product_tag?post=55569"}],"curies":[{"name":"wp","href":"https:\/\/api.w.org\/{rel}","templated":true}]}}