{"id":55562,"date":"2024-10-01T16:11:52","date_gmt":"2024-10-01T16:11:52","guid":{"rendered":"https:\/\/de-prime.com\/?p=55562"},"modified":"2024-10-01T16:39:40","modified_gmt":"2024-10-01T16:39:40","slug":"xq-max-klimmzugstange-fuer-tuerrahmen-63-95-cm","status":"publish","type":"product","link":"https:\/\/de-prime.com\/index.php\/product\/xq-max-klimmzugstange-fuer-tuerrahmen-63-95-cm\/","title":{"rendered":"XQ Max Klimmzugstange f\u00fcr T\u00fcrrahmen 63-95 cm"},"content":{"rendered":"<p>Trainieren Sie Ihren Oberk\u00f6rper mit dieser zwischen 63-95 cm verstellbaren T\u00fcr-Klimmzugstange von XQ Max! Sie ist eine ausgezeichnete Option f\u00fcr Heimtraining. Die Klimmzugstange hat eine ausziehbare L\u00e4nge zwischen 63 bis 96 cm. Der Griff bietet dank des weichen Schaumstoffs einen guten Halt. Die Klimmzugstange wird durch Erweiterung mit drehbaren Enden und Innengewinde und zwei Verschraubungen in den T\u00fcrrahmen montiert.<\/p>\n<ul>\n<li>Farbe: Schwarz und Rot<\/li>\n<li>Material: Stahl und Schaumstoff<\/li>\n<li>Abmessungen: 5,5 x 5,5 x 65,5 cm (B x T x H)<\/li>\n<li>Ausziehbare Stange: 63-95 cm<\/li>\n<li>Belastbarkeit: Max. 100 kg<\/li>\n<li>Schaumstoff-Griffe<\/li>\n<li>Durch Spreizen fixiert und in den T\u00fcrrahmen befestigt<\/li>\n<\/ul>\n","protected":false},"excerpt":{"rendered":"<ul>\n<li>Farbe: Schwarz und Rot<\/li>\n<li>Material: Stahl und Schaumstoff<\/li>\n<li>Abmessungen: 5,5 x 5,5 x 65,5 cm (B x T x H)<\/li>\n<li>Ausziehbare Stange: 63-95 cm<\/li>\n<li>Belastbarkeit: Max. 100 kg<\/li>\n<li>Schaumstoff-Griffe<\/li>\n<li>Durch Spreizen fixiert und in den T\u00fcrrahmen befestigt<\/li>\n<\/ul>\n","protected":false},"featured_media":10000055562,"comment_status":"closed","ping_status":"closed","template":"","meta":[],"product_brand":[],"product_cat":[6846,6921,6836],"product_tag":[],"class_list":{"0":"post-55562","1":"product","2":"type-product","3":"status-publish","4":"has-post-thumbnail","6":"product_cat-fitness","7":"product_cat-klimmzugstangen-liegestuetzgriffe","8":"product_cat-sportartikel","10":"first","11":"instock","12":"taxable","13":"shipping-taxable","14":"purchasable","15":"product-type-simple","16":"add-to-wishlist-after_add_to_cart"},"jetpack_sharing_enabled":true,"_links":{"self":[{"href":"https:\/\/de-prime.com\/index.php\/wp-json\/wp\/v2\/product\/55562","targetHints":{"allow":["GET"]}}],"collection":[{"href":"https:\/\/de-prime.com\/index.php\/wp-json\/wp\/v2\/product"}],"about":[{"href":"https:\/\/de-prime.com\/index.php\/wp-json\/wp\/v2\/types\/product"}],"replies":[{"embeddable":true,"href":"https:\/\/de-prime.com\/index.php\/wp-json\/wp\/v2\/comments?post=55562"}],"wp:featuredmedia":[{"embeddable":true,"href":"https:\/\/de-prime.com\/index.php\/wp-json\/"}],"wp:attachment":[{"href":"https:\/\/de-prime.com\/index.php\/wp-json\/wp\/v2\/media?parent=55562"}],"wp:term":[{"taxonomy":"product_brand","embeddable":true,"href":"https:\/\/de-prime.com\/index.php\/wp-json\/wp\/v2\/product_brand?post=55562"},{"taxonomy":"product_cat","embeddable":true,"href":"https:\/\/de-prime.com\/index.php\/wp-json\/wp\/v2\/product_cat?post=55562"},{"taxonomy":"product_tag","embeddable":true,"href":"https:\/\/de-prime.com\/index.php\/wp-json\/wp\/v2\/product_tag?post=55562"}],"curies":[{"name":"wp","href":"https:\/\/api.w.org\/{rel}","templated":true}]}}