{"id":55557,"date":"2024-10-01T16:11:51","date_gmt":"2024-10-01T16:11:51","guid":{"rendered":"https:\/\/de-prime.com\/?p=55557"},"modified":"2024-10-01T16:39:59","modified_gmt":"2024-10-01T16:39:59","slug":"klettergriffe-mit-seil-25-stk-mehrfarbig","status":"publish","type":"product","link":"https:\/\/de-prime.com\/index.php\/product\/klettergriffe-mit-seil-25-stk-mehrfarbig\/","title":{"rendered":"Klettergriffe mit Seil 25 Stk. Mehrfarbig"},"content":{"rendered":"<p>Erschaffe deine eigene Kletterwand f\u00fcr deine kleine Crew in deinem Garten mit diesen super lustigen, farbenfrohen Klettersteinen mit Seil! Klettern ist eine hervorragende Aktivit\u00e4t f\u00fcr jedes Alter, insbesondere f\u00fcr Kinder und Jugendliche. Deine Kinder werden aktiv sein und gleichzeitig ihre Kraft, Ausdauer, ihr Gleichgewicht und ihr Selbstvertrauen verbessern. Lass deiner Fantasie freien Lauf, wenn du die Kletterwand gestaltest. Du kannst die Klettergriffe n\u00e4her zueinander oder weiter weg voneinander platzieren und sie an einem Spielturm, einem Kletterger\u00fcst oder einer anderen Struktur befestigen. Das Seil mit 4 Knoten ist stark und strapazierf\u00e4hig. Die M\u00f6glichkeiten und Kombinationen sind endlos.<\/p>\n<ul>\n<li>Farbe: Mehrfarbig<\/li>\n<li>Material: PE<\/li>\n<li>Durchmesser des Seils: 18 mm<\/li>\n<li>L\u00e4nge des Seils: 240 cm<\/li>\n<li>Seil mit 4 Knoten<\/li>\n<li>Mit 25 Steinen (in 5 verschiedenen Farben)<\/li>\n<li>Geeignetes Alter: 3-12 Jahren<\/li>\n<li>Max. Belastbarkeit: 50 kg<\/li>\n<li>Zusammenbau erforderlich: Nein<\/li>\n<li><strong>ACHTUNG:<\/strong> Nur f\u00fcr den Au\u00dfenbereich<\/li>\n<li>WARNHINWEIS: Nicht f\u00fcr Kinder unter 36 Monaten geeignet.<\/li>\n<li>WARNHINWEIS: Nur f\u00fcr den Hausgebrauch.<\/li>\n<\/ul>\n","protected":false},"excerpt":{"rendered":"<ul>\n<li>Farbe: Mehrfarbig<\/li>\n<li>Material: PE<\/li>\n<li>Durchmesser des Seils: 18 mm<\/li>\n<li>L\u00e4nge des Seils: 240 cm<\/li>\n<li>Seil mit 4 Knoten<\/li>\n<li>Mit 25 Steinen (in 5 verschiedenen Farben)<\/li>\n<li>Geeignetes Alter: 3-12 Jahren<\/li>\n<li>Max. Belastbarkeit: 50 kg<\/li>\n<li>Zusammenbau erforderlich: Nein<\/li>\n<li><strong>ACHTUNG:<\/strong> Nur f\u00fcr den Au\u00dfenbereich<\/li>\n<li>WARNHINWEIS: Nicht f\u00fcr Kinder unter 36 Monaten geeignet.<\/li>\n<li>WARNHINWEIS: Nur f\u00fcr den Hausgebrauch.<\/li>\n<\/ul>\n","protected":false},"featured_media":10000055557,"comment_status":"closed","ping_status":"closed","template":"","meta":[],"product_brand":[],"product_cat":[6919,6837,6836],"product_tag":[],"class_list":{"0":"post-55557","1":"product","2":"type-product","3":"status-publish","4":"has-post-thumbnail","6":"product_cat-klettern","7":"product_cat-outdoor-aktivitaeten","8":"product_cat-sportartikel","10":"first","11":"instock","12":"taxable","13":"shipping-taxable","14":"purchasable","15":"product-type-simple","16":"add-to-wishlist-after_add_to_cart"},"jetpack_sharing_enabled":true,"_links":{"self":[{"href":"https:\/\/de-prime.com\/index.php\/wp-json\/wp\/v2\/product\/55557","targetHints":{"allow":["GET"]}}],"collection":[{"href":"https:\/\/de-prime.com\/index.php\/wp-json\/wp\/v2\/product"}],"about":[{"href":"https:\/\/de-prime.com\/index.php\/wp-json\/wp\/v2\/types\/product"}],"replies":[{"embeddable":true,"href":"https:\/\/de-prime.com\/index.php\/wp-json\/wp\/v2\/comments?post=55557"}],"wp:featuredmedia":[{"embeddable":true,"href":"https:\/\/de-prime.com\/index.php\/wp-json\/"}],"wp:attachment":[{"href":"https:\/\/de-prime.com\/index.php\/wp-json\/wp\/v2\/media?parent=55557"}],"wp:term":[{"taxonomy":"product_brand","embeddable":true,"href":"https:\/\/de-prime.com\/index.php\/wp-json\/wp\/v2\/product_brand?post=55557"},{"taxonomy":"product_cat","embeddable":true,"href":"https:\/\/de-prime.com\/index.php\/wp-json\/wp\/v2\/product_cat?post=55557"},{"taxonomy":"product_tag","embeddable":true,"href":"https:\/\/de-prime.com\/index.php\/wp-json\/wp\/v2\/product_tag?post=55557"}],"curies":[{"name":"wp","href":"https:\/\/api.w.org\/{rel}","templated":true}]}}