{"id":55552,"date":"2024-10-01T16:11:51","date_gmt":"2024-10-01T16:11:51","guid":{"rendered":"https:\/\/de-prime.com\/?p=55552"},"modified":"2024-10-01T16:39:57","modified_gmt":"2024-10-01T16:39:57","slug":"klettersteine-20-stk-mehrfarbig-pe","status":"publish","type":"product","link":"https:\/\/de-prime.com\/index.php\/product\/klettersteine-20-stk-mehrfarbig-pe\/","title":{"rendered":"Klettersteine 20 Stk. Mehrfarbig PE"},"content":{"rendered":"<p>Erstellen Sie mit diesen mehrfarbigen Klettersteinen eine eigene Kletterwand f\u00fcr Ihre kleine Crew in Ihrem Garten! Das Klettern eine gro\u00dfartige Aktivit\u00e4t f\u00fcr jedes Alter ist, insbesondere f\u00fcr Kinder und Jugendliche, ist bekannt. Ihre Kinder werden dadurch aktiv und bauen ihre Kraft, Ausdauer, Gleichgewicht sowie Selbstvertrauen auf. Lassen Sie Ihrer Fantasie freien Lauf beim Errichten der Kletterwand, indem Sie die Klettersteine n\u00e4her oder weiter voneinander platzieren oder an Spielger\u00e4ten, Holzkletterger\u00fcsten oder anderen Strukturen anbringen. Die M\u00f6glichkeiten und Kombinationen sind endlos. Lieferung umfasst 20 Klettersteine und 40 Schrauben zur einfachen und sicheren Montage.<\/p>\n<ul>\n<li>Farbe: Rot, Blau, Orange, Gr\u00fcn, Gelb<\/li>\n<li>Material: PE<\/li>\n<li>Ma\u00dfe der gelben Steine: 10,5 x 9 x 4,5 cm (L x B x H)<\/li>\n<li>Ma\u00dfe der blauen und roten Steine: 11,5 x 7,5 x 4 cm (L x B x H)<\/li>\n<li>Ma\u00dfe der gr\u00fcnen und orangen Steine: 10,5 x 9 x 4 cm (L x B x H)<\/li>\n<li>Lieferung umfasst 20 Klettersteine und 40 Schrauben<\/li>\n<\/ul>\n","protected":false},"excerpt":{"rendered":"<ul>\n<li>Farbe: Rot, Blau, Orange, Gr\u00fcn, Gelb<\/li>\n<li>Material: PE<\/li>\n<li>Ma\u00dfe der gelben Steine: 10,5 x 9 x 4,5 cm (L x B x H)<\/li>\n<li>Ma\u00dfe der blauen und roten Steine: 11,5 x 7,5 x 4 cm (L x B x H)<\/li>\n<li>Ma\u00dfe der gr\u00fcnen und orangen Steine: 10,5 x 9 x 4 cm (L x B x H)<\/li>\n<li>Lieferung umfasst 20 Klettersteine und 40 Schrauben<\/li>\n<\/ul>\n","protected":false},"featured_media":10000055552,"comment_status":"closed","ping_status":"closed","template":"","meta":[],"product_brand":[],"product_cat":[6919,6837,6836],"product_tag":[],"class_list":{"0":"post-55552","1":"product","2":"type-product","3":"status-publish","4":"has-post-thumbnail","6":"product_cat-klettern","7":"product_cat-outdoor-aktivitaeten","8":"product_cat-sportartikel","10":"first","11":"instock","12":"taxable","13":"shipping-taxable","14":"purchasable","15":"product-type-simple","16":"add-to-wishlist-after_add_to_cart"},"jetpack_sharing_enabled":true,"_links":{"self":[{"href":"https:\/\/de-prime.com\/index.php\/wp-json\/wp\/v2\/product\/55552","targetHints":{"allow":["GET"]}}],"collection":[{"href":"https:\/\/de-prime.com\/index.php\/wp-json\/wp\/v2\/product"}],"about":[{"href":"https:\/\/de-prime.com\/index.php\/wp-json\/wp\/v2\/types\/product"}],"replies":[{"embeddable":true,"href":"https:\/\/de-prime.com\/index.php\/wp-json\/wp\/v2\/comments?post=55552"}],"wp:featuredmedia":[{"embeddable":true,"href":"https:\/\/de-prime.com\/index.php\/wp-json\/"}],"wp:attachment":[{"href":"https:\/\/de-prime.com\/index.php\/wp-json\/wp\/v2\/media?parent=55552"}],"wp:term":[{"taxonomy":"product_brand","embeddable":true,"href":"https:\/\/de-prime.com\/index.php\/wp-json\/wp\/v2\/product_brand?post=55552"},{"taxonomy":"product_cat","embeddable":true,"href":"https:\/\/de-prime.com\/index.php\/wp-json\/wp\/v2\/product_cat?post=55552"},{"taxonomy":"product_tag","embeddable":true,"href":"https:\/\/de-prime.com\/index.php\/wp-json\/wp\/v2\/product_tag?post=55552"}],"curies":[{"name":"wp","href":"https:\/\/api.w.org\/{rel}","templated":true}]}}