{"id":55549,"date":"2024-10-01T16:11:51","date_gmt":"2024-10-01T16:11:51","guid":{"rendered":"https:\/\/de-prime.com\/?p=55549"},"modified":"2024-10-01T16:42:29","modified_gmt":"2024-10-01T16:42:29","slug":"tragbares-basketball-spiel-set-verstellbar-109-141-cm","status":"publish","type":"product","link":"https:\/\/de-prime.com\/index.php\/product\/tragbares-basketball-spiel-set-verstellbar-109-141-cm\/","title":{"rendered":"Tragbares Basketball Spiel-Set Verstellbar 109-141 cm"},"content":{"rendered":"<p>Dieses Korbball-Set bietet Kindern eine gesunde Aktivit\u00e4t und hilft ihnen, ihre Hand-Augen-Koordination beim Spielen zu trainieren. Dieses Spiel-Set wird mit einem Kunststoffring, einem 3-farbigen Netz, einem aufblasbaren Basketball und einer Pumpe geliefert, so dass Sie alles haben, was Sie brauchen, um das Spiel zu beginnen! Die H\u00f6he des Basketballkorbs kann an die K\u00f6rpergr\u00f6\u00dfe Ihres Kindes angepasst werden. Au\u00dferdem sorgt der Standfu\u00df daf\u00fcr, dass er fest auf dem Boden steht, sobald er mit Wasser oder Sand gef\u00fcllt ist. Dank der leichten Konstruktion k\u00f6nnen Sie ihn auch leicht transportieren.<\/p>\n<ul>\n<li>Farbe: Rot, Wei\u00df, Gr\u00fcn und Schwarz<\/li>\n<li>Material: PE, Kunststoff<\/li>\n<li>Gesamth\u00f6he: 109-141 cm<\/li>\n<li>Gr\u00f6\u00dfe der R\u00fcckwand: 40 x 30,5 cm (L x B)<\/li>\n<li>\u00c4u\u00dferer Ringdurchmesser: 24 cm<\/li>\n<li>Standfu\u00dfgr\u00f6\u00dfe: 25 x 25 cm (L x B)<\/li>\n<li>Basketballdurchmesser: 14 cm<\/li>\n<li>Mit Kunststoffring, 3-farbigem Netz und 1 Ball<\/li>\n<li>Der Boden kann mit Wasser oder Sand gef\u00fcllt werden<\/li>\n<li>Zusammenbau erforderlich: Ja<\/li>\n<li><strong>Achtung:<\/strong> Kleinteile und langes Kabel. Erstickungs- und Strangulationsgefahr!<\/li>\n<li><strong>Achtung:<\/strong> Montage durch Erwachsene erforderlich. <\/li>\n<li>WARNHINWEIS: Nicht f\u00fcr Kinder unter 36 Monaten geeignet.<\/li>\n<\/ul>\n","protected":false},"excerpt":{"rendered":"<ul>\n<li>Farbe: Rot, Wei\u00df, Gr\u00fcn und Schwarz<\/li>\n<li>Material: PE, Kunststoff<\/li>\n<li>Gesamth\u00f6he: 109-141 cm<\/li>\n<li>Gr\u00f6\u00dfe der R\u00fcckwand: 40 x 30,5 cm (L x B)<\/li>\n<li>\u00c4u\u00dferer Ringdurchmesser: 24 cm<\/li>\n<li>Standfu\u00dfgr\u00f6\u00dfe: 25 x 25 cm (L x B)<\/li>\n<li>Basketballdurchmesser: 14 cm<\/li>\n<li>Mit Kunststoffring, 3-farbigem Netz und 1 Ball<\/li>\n<li>Der Boden kann mit Wasser oder Sand gef\u00fcllt werden<\/li>\n<li>Zusammenbau erforderlich: Ja<\/li>\n<li><strong>Achtung:<\/strong> Kleinteile und langes Kabel. Erstickungs- und Strangulationsgefahr!<\/li>\n<li><strong>Achtung:<\/strong> Montage durch Erwachsene erforderlich. <\/li>\n<li>WARNHINWEIS: Nicht f\u00fcr Kinder unter 36 Monaten geeignet.<\/li>\n<\/ul>\n","protected":false},"featured_media":10000055549,"comment_status":"closed","ping_status":"closed","template":"","meta":[],"product_brand":[],"product_cat":[6918,6853,6852,4105],"product_tag":[],"class_list":{"0":"post-55549","1":"product","2":"type-product","3":"status-publish","4":"has-post-thumbnail","6":"product_cat-kinder-basketball-sets","7":"product_cat-spielzeuge","8":"product_cat-spielzeuge-spiele","9":"product_cat-sportspielzeuge","11":"first","12":"instock","13":"taxable","14":"shipping-taxable","15":"purchasable","16":"product-type-simple","17":"add-to-wishlist-after_add_to_cart"},"jetpack_sharing_enabled":true,"_links":{"self":[{"href":"https:\/\/de-prime.com\/index.php\/wp-json\/wp\/v2\/product\/55549","targetHints":{"allow":["GET"]}}],"collection":[{"href":"https:\/\/de-prime.com\/index.php\/wp-json\/wp\/v2\/product"}],"about":[{"href":"https:\/\/de-prime.com\/index.php\/wp-json\/wp\/v2\/types\/product"}],"replies":[{"embeddable":true,"href":"https:\/\/de-prime.com\/index.php\/wp-json\/wp\/v2\/comments?post=55549"}],"wp:featuredmedia":[{"embeddable":true,"href":"https:\/\/de-prime.com\/index.php\/wp-json\/"}],"wp:attachment":[{"href":"https:\/\/de-prime.com\/index.php\/wp-json\/wp\/v2\/media?parent=55549"}],"wp:term":[{"taxonomy":"product_brand","embeddable":true,"href":"https:\/\/de-prime.com\/index.php\/wp-json\/wp\/v2\/product_brand?post=55549"},{"taxonomy":"product_cat","embeddable":true,"href":"https:\/\/de-prime.com\/index.php\/wp-json\/wp\/v2\/product_cat?post=55549"},{"taxonomy":"product_tag","embeddable":true,"href":"https:\/\/de-prime.com\/index.php\/wp-json\/wp\/v2\/product_tag?post=55549"}],"curies":[{"name":"wp","href":"https:\/\/api.w.org\/{rel}","templated":true}]}}