{"id":55548,"date":"2024-10-01T16:11:51","date_gmt":"2024-10-01T16:11:51","guid":{"rendered":"https:\/\/de-prime.com\/?p=55548"},"modified":"2024-10-01T16:42:28","modified_gmt":"2024-10-01T16:42:28","slug":"tragbares-basketball-set-verstellbar-180-230-cm","status":"publish","type":"product","link":"https:\/\/de-prime.com\/index.php\/product\/tragbares-basketball-set-verstellbar-180-230-cm\/","title":{"rendered":"Tragbares Basketball-Set Verstellbar 180-230 cm"},"content":{"rendered":"<p>Dieses Basketball-Set bietet eine gesunde Aktivit\u00e4t f\u00fcr Kinder und hilft ihnen, ihre Hand-Augen-Koordination durch den Spa\u00df am Spielen zu trainieren. Dieses Spiel-Set wird mit einem Eisenring, einem 3-farbigen Netz, einem aufblasbaren Basketball und einer Pumpe geliefert, so dass Sie alles haben, was Sie brauchen, um das Spiel zu beginnen! Die H\u00f6he des Basketballkorbs kann an die K\u00f6rpergr\u00f6\u00dfe Ihres Kindes angepasst werden. Au\u00dferdem sorgt der Standfu\u00df daf\u00fcr, dass er fest auf dem Boden steht, sobald er mit Wasser oder Sand gef\u00fcllt ist. Dank der leichten Konstruktion k\u00f6nnen Sie ihn auch leicht transportieren.<\/p>\n<ul>\n<li>Farbe: Gr\u00fcn, Wei\u00df, Orange und Schwarz<\/li>\n<li>Material: PE, Eisen<\/li>\n<li>Gesamth\u00f6he: 180-230 cm<\/li>\n<li>Ma\u00dfe Korbbrett: 66 x 46 cm (L x B)<\/li>\n<li>\u00c4u\u00dferer Ringdurchmesser: 29 cm<\/li>\n<li>Ma\u00dfe Standfu\u00df: 47 x 66 cm (L x B)<\/li>\n<li>Basketballdurchmesser: 18 cm<\/li>\n<li>Mit Eisenring, 3-farbigem Netz, 1 Pumpe und 1 Ball<\/li>\n<li>Der Standfu\u00df kann mit Wasser oder Sand gef\u00fcllt werden<\/li>\n<li>Zusammenbau erforderlich: Ja<\/li>\n<li><strong>Achtung:<\/strong> Nicht geeignet f\u00fcr Kinder unter 6 Jahren<\/li>\n<li><strong>Achtung: <\/strong>Kleinteile und langes Kabel. Erstickungs- und Strangulationsgefahr!<\/li>\n<li><strong>Achtung:<\/strong> Montage durch einen Erwachsenen erforderlich <\/li>\n<li>WARNHINWEIS: Nicht f\u00fcr Kinder unter 36 Monaten geeignet.<\/li>\n<\/ul>\n","protected":false},"excerpt":{"rendered":"<ul>\n<li>Farbe: Gr\u00fcn, Wei\u00df, Orange und Schwarz<\/li>\n<li>Material: PE, Eisen<\/li>\n<li>Gesamth\u00f6he: 180-230 cm<\/li>\n<li>Ma\u00dfe Korbbrett: 66 x 46 cm (L x B)<\/li>\n<li>\u00c4u\u00dferer Ringdurchmesser: 29 cm<\/li>\n<li>Ma\u00dfe Standfu\u00df: 47 x 66 cm (L x B)<\/li>\n<li>Basketballdurchmesser: 18 cm<\/li>\n<li>Mit Eisenring, 3-farbigem Netz, 1 Pumpe und 1 Ball<\/li>\n<li>Der Standfu\u00df kann mit Wasser oder Sand gef\u00fcllt werden<\/li>\n<li>Zusammenbau erforderlich: Ja<\/li>\n<li><strong>Achtung:<\/strong> Nicht geeignet f\u00fcr Kinder unter 6 Jahren<\/li>\n<li><strong>Achtung: <\/strong>Kleinteile und langes Kabel. Erstickungs- und Strangulationsgefahr!<\/li>\n<li><strong>Achtung:<\/strong> Montage durch einen Erwachsenen erforderlich <\/li>\n<li>WARNHINWEIS: Nicht f\u00fcr Kinder unter 36 Monaten geeignet.<\/li>\n<\/ul>\n","protected":false},"featured_media":10000055548,"comment_status":"closed","ping_status":"closed","template":"","meta":[],"product_brand":[],"product_cat":[6918,6853,6852,4105],"product_tag":[],"class_list":{"0":"post-55548","1":"product","2":"type-product","3":"status-publish","4":"has-post-thumbnail","6":"product_cat-kinder-basketball-sets","7":"product_cat-spielzeuge","8":"product_cat-spielzeuge-spiele","9":"product_cat-sportspielzeuge","11":"first","12":"instock","13":"taxable","14":"shipping-taxable","15":"purchasable","16":"product-type-simple","17":"add-to-wishlist-after_add_to_cart"},"jetpack_sharing_enabled":true,"_links":{"self":[{"href":"https:\/\/de-prime.com\/index.php\/wp-json\/wp\/v2\/product\/55548","targetHints":{"allow":["GET"]}}],"collection":[{"href":"https:\/\/de-prime.com\/index.php\/wp-json\/wp\/v2\/product"}],"about":[{"href":"https:\/\/de-prime.com\/index.php\/wp-json\/wp\/v2\/types\/product"}],"replies":[{"embeddable":true,"href":"https:\/\/de-prime.com\/index.php\/wp-json\/wp\/v2\/comments?post=55548"}],"wp:featuredmedia":[{"embeddable":true,"href":"https:\/\/de-prime.com\/index.php\/wp-json\/"}],"wp:attachment":[{"href":"https:\/\/de-prime.com\/index.php\/wp-json\/wp\/v2\/media?parent=55548"}],"wp:term":[{"taxonomy":"product_brand","embeddable":true,"href":"https:\/\/de-prime.com\/index.php\/wp-json\/wp\/v2\/product_brand?post=55548"},{"taxonomy":"product_cat","embeddable":true,"href":"https:\/\/de-prime.com\/index.php\/wp-json\/wp\/v2\/product_cat?post=55548"},{"taxonomy":"product_tag","embeddable":true,"href":"https:\/\/de-prime.com\/index.php\/wp-json\/wp\/v2\/product_tag?post=55548"}],"curies":[{"name":"wp","href":"https:\/\/api.w.org\/{rel}","templated":true}]}}