{"id":55541,"date":"2024-10-01T16:11:50","date_gmt":"2024-10-01T16:11:50","guid":{"rendered":"https:\/\/de-prime.com\/?p=55541"},"modified":"2024-10-01T16:42:24","modified_gmt":"2024-10-01T16:42:24","slug":"kinder-basketballkorb-und-ball-set","status":"publish","type":"product","link":"https:\/\/de-prime.com\/index.php\/product\/kinder-basketballkorb-und-ball-set\/","title":{"rendered":"Kinder Basketballkorb und Ball Set"},"content":{"rendered":"<p>Schenken Sie Ihrem aufstrebenden MVP seinen eigenen Basketballkorb mit unserem Kinder-Basketball-Set! Ihre Kinder werden viel Spa\u00df beim Spielen mit diesem Basketball-Set haben! Es bietet nicht nur eine gesunde Indoor-Aktivit\u00e4t f\u00fcr Kinder, sondern trainiert auch ihre Hand-Auge-Koordination durch viel Spielspa\u00df. Dar\u00fcber hinaus ist der Korbst\u00e4nder h\u00f6henverstellbar und der Standfu\u00df sorgt daf\u00fcr, dass er fest auf dem Boden steht, sobald er mit Wasser oder Sand gef\u00fcllt ist. Dieses Spielzeugset wird zusammen mit einem leichten, aufblasbaren Basketball geliefert.<\/p>\n<ul>\n<li>Farbe: Mehrfarbig<\/li>\n<li>Gesamth\u00f6he: 90 &#8211; 115 cm<\/li>\n<li>Basisgr\u00f6\u00dfe: 24 x 24 cm<\/li>\n<li>Stange h\u00f6henverstellbar<\/li>\n<li>Die Lieferung umfasst auch einen Basketball<\/li>\n<li>WARNHINWEIS: Nicht f\u00fcr Kinder unter 36 Monaten geeignet.<\/li>\n<li>WARNHINWEIS: Benutzung unter unmittelbarer Aufsicht von Erwachsenen.<\/li>\n<\/ul>\n","protected":false},"excerpt":{"rendered":"<ul>\n<li>Farbe: Mehrfarbig<\/li>\n<li>Gesamth\u00f6he: 90 &#8211; 115 cm<\/li>\n<li>Basisgr\u00f6\u00dfe: 24 x 24 cm<\/li>\n<li>Stange h\u00f6henverstellbar<\/li>\n<li>Die Lieferung umfasst auch einen Basketball<\/li>\n<li>WARNHINWEIS: Nicht f\u00fcr Kinder unter 36 Monaten geeignet.<\/li>\n<li>WARNHINWEIS: Benutzung unter unmittelbarer Aufsicht von Erwachsenen.<\/li>\n<\/ul>\n","protected":false},"featured_media":10000055541,"comment_status":"closed","ping_status":"closed","template":"","meta":[],"product_brand":[],"product_cat":[6918,6853,6852,4105],"product_tag":[],"class_list":{"0":"post-55541","1":"product","2":"type-product","3":"status-publish","4":"has-post-thumbnail","6":"product_cat-kinder-basketball-sets","7":"product_cat-spielzeuge","8":"product_cat-spielzeuge-spiele","9":"product_cat-sportspielzeuge","11":"first","12":"instock","13":"taxable","14":"shipping-taxable","15":"purchasable","16":"product-type-simple","17":"add-to-wishlist-after_add_to_cart"},"jetpack_sharing_enabled":true,"_links":{"self":[{"href":"https:\/\/de-prime.com\/index.php\/wp-json\/wp\/v2\/product\/55541","targetHints":{"allow":["GET"]}}],"collection":[{"href":"https:\/\/de-prime.com\/index.php\/wp-json\/wp\/v2\/product"}],"about":[{"href":"https:\/\/de-prime.com\/index.php\/wp-json\/wp\/v2\/types\/product"}],"replies":[{"embeddable":true,"href":"https:\/\/de-prime.com\/index.php\/wp-json\/wp\/v2\/comments?post=55541"}],"wp:featuredmedia":[{"embeddable":true,"href":"https:\/\/de-prime.com\/index.php\/wp-json\/"}],"wp:attachment":[{"href":"https:\/\/de-prime.com\/index.php\/wp-json\/wp\/v2\/media?parent=55541"}],"wp:term":[{"taxonomy":"product_brand","embeddable":true,"href":"https:\/\/de-prime.com\/index.php\/wp-json\/wp\/v2\/product_brand?post=55541"},{"taxonomy":"product_cat","embeddable":true,"href":"https:\/\/de-prime.com\/index.php\/wp-json\/wp\/v2\/product_cat?post=55541"},{"taxonomy":"product_tag","embeddable":true,"href":"https:\/\/de-prime.com\/index.php\/wp-json\/wp\/v2\/product_tag?post=55541"}],"curies":[{"name":"wp","href":"https:\/\/api.w.org\/{rel}","templated":true}]}}