{"id":55530,"date":"2024-10-01T16:11:49","date_gmt":"2024-10-01T16:11:49","guid":{"rendered":"https:\/\/de-prime.com\/?p=55530"},"modified":"2024-10-01T16:37:38","modified_gmt":"2024-10-01T16:37:38","slug":"kajak-aufblasbar-rot-375x72x31-cm-polyester","status":"publish","type":"product","link":"https:\/\/de-prime.com\/index.php\/product\/kajak-aufblasbar-rot-375x72x31-cm-polyester\/","title":{"rendered":"Kajak Aufblasbar Rot 375x72x31 cm Polyester"},"content":{"rendered":"<p>Genie\u00dfe einen entspannten Sommertag auf dem Wasser mit diesem Freizeitkajak. Langlebiges Material: Dieses aufblasbare Kajak ist aus strapazierf\u00e4higem Polyester mit PVC-Beschichtung gefertigt, das atmungsaktiv und langlebig ist. Es weist eine schlichte und saubere Optik auf.Schnelles Aufblasen: Dank der mitgelieferten Handpumpe l\u00e4sst es sich in wenigen Minuten aufblasen. Pumpe es auf, wenn du es benutzen m\u00f6chtest, und entleere es, wenn du fertig bist. Es l\u00e4sst sich bequem transportieren und platzsparend verstauen.Zus\u00e4tzliche Sicherheit: Das mitgelieferte Sicherheitsseil kann f\u00fcr zus\u00e4tzliche Sicherheit an den Fu\u00df gebunden werden.Tolle Erfahrung: Es eignet sich ideal f\u00fcr Paddler, die in der warmen Jahreszeit auf Seen und ruhigen Fl\u00fcssen ein entspannendes, unvergessliches Erlebnis genie\u00dfen m\u00f6chten. Perfekt zum Angeln, Camping oder einfach nur Herumpaddeln! Hinweis:Auf der anderen Seite des Luftventils muss ein runder Flicken angebracht werden.<\/p>\n<ul>\n<li>Farbe: Rot<\/li>\n<li>Material: Polyester mit PVC-Beschichtung<\/li>\n<li>Abmessungen: 375 x 72 x 31 cm (L x B x H)<\/li>\n<li>Geeignet f\u00fcr Kinder ab 14 Jahren<\/li>\n<li>Max. Tragf\u00e4higkeit: 120 kg<\/li>\n<li><strong>Lieferung umfasst:<\/strong><\/li>\n<li>1 x Aufblasbares Kajak<\/li>\n<li>1 x Pumpe<\/li>\n<li>1 x Tasche<\/li>\n<li>1 x Paddel mit Doppelblatt<\/li>\n<li>1 x Sitz<\/li>\n<li>1 x Reparaturset<\/li>\n<li>1 x Flosse<\/li>\n<li>1 x Sicherheitsseil<\/li>\n<\/ul>\n","protected":false},"excerpt":{"rendered":"<ul>\n<li>Farbe: Rot<\/li>\n<li>Material: Polyester mit PVC-Beschichtung<\/li>\n<li>Abmessungen: 375 x 72 x 31 cm (L x B x H)<\/li>\n<li>Geeignet f\u00fcr Kinder ab 14 Jahren<\/li>\n<li>Max. Tragf\u00e4higkeit: 120 kg<\/li>\n<li><strong>Lieferung umfasst:<\/strong><\/li>\n<li>1 x Aufblasbares Kajak<\/li>\n<li>1 x Pumpe<\/li>\n<li>1 x Tasche<\/li>\n<li>1 x Paddel mit Doppelblatt<\/li>\n<li>1 x Sitz<\/li>\n<li>1 x Reparaturset<\/li>\n<li>1 x Flosse<\/li>\n<li>1 x Sicherheitsseil<\/li>\n<\/ul>\n","protected":false},"featured_media":10000055530,"comment_status":"closed","ping_status":"closed","template":"","meta":[],"product_brand":[],"product_cat":[6855,6915,6916,6837,6836],"product_tag":[],"class_list":{"0":"post-55530","1":"product","2":"type-product","3":"status-publish","4":"has-post-thumbnail","6":"product_cat-boot-wassersport","7":"product_cat-bootfahren-rafting","8":"product_cat-kajaks","9":"product_cat-outdoor-aktivitaeten","10":"product_cat-sportartikel","12":"first","13":"instock","14":"taxable","15":"shipping-taxable","16":"purchasable","17":"product-type-simple","18":"add-to-wishlist-after_add_to_cart"},"jetpack_sharing_enabled":true,"_links":{"self":[{"href":"https:\/\/de-prime.com\/index.php\/wp-json\/wp\/v2\/product\/55530","targetHints":{"allow":["GET"]}}],"collection":[{"href":"https:\/\/de-prime.com\/index.php\/wp-json\/wp\/v2\/product"}],"about":[{"href":"https:\/\/de-prime.com\/index.php\/wp-json\/wp\/v2\/types\/product"}],"replies":[{"embeddable":true,"href":"https:\/\/de-prime.com\/index.php\/wp-json\/wp\/v2\/comments?post=55530"}],"wp:featuredmedia":[{"embeddable":true,"href":"https:\/\/de-prime.com\/index.php\/wp-json\/"}],"wp:attachment":[{"href":"https:\/\/de-prime.com\/index.php\/wp-json\/wp\/v2\/media?parent=55530"}],"wp:term":[{"taxonomy":"product_brand","embeddable":true,"href":"https:\/\/de-prime.com\/index.php\/wp-json\/wp\/v2\/product_brand?post=55530"},{"taxonomy":"product_cat","embeddable":true,"href":"https:\/\/de-prime.com\/index.php\/wp-json\/wp\/v2\/product_cat?post=55530"},{"taxonomy":"product_tag","embeddable":true,"href":"https:\/\/de-prime.com\/index.php\/wp-json\/wp\/v2\/product_tag?post=55530"}],"curies":[{"name":"wp","href":"https:\/\/api.w.org\/{rel}","templated":true}]}}