{"id":55527,"date":"2024-10-01T16:11:49","date_gmt":"2024-10-01T16:11:49","guid":{"rendered":"https:\/\/de-prime.com\/?p=55527"},"modified":"2024-10-01T16:37:36","modified_gmt":"2024-10-01T16:37:36","slug":"bestway-hydro-force-ventura-kajak-280x86-cm-2","status":"publish","type":"product","link":"https:\/\/de-prime.com\/index.php\/product\/bestway-hydro-force-ventura-kajak-280x86-cm-2\/","title":{"rendered":"Bestway Hydro-Force Ventura Kajak 280&#215;86 cm"},"content":{"rendered":"<p>Dieses Hydro-Force Ventura Kajak von Bestway ist perfekt f\u00fcr einen Erholungsausflug auf einem See oder Fluss. Die Premium-Nylonbeschichtung des Ventura Kajaks wurde f\u00fcr die h\u00e4rtesten Abenteurer gebaut und kann einigen der h\u00e4rtesten Elemente widerstehen. Der Stoff ist \u00f6lbest\u00e4ndig, wasserdicht und kann auch intensive UV-Strahlen aushalten. Die Premium-Nylonbeschichtung ist au\u00dferdem pannensicher und widersteht dem rauen und oft felsigen Wasser eines Flusses. Dieses langlebige Kajak kann \u00fcber gewundene Fl\u00fcsse, Seen und stillen Gew\u00e4ssern oder gar \u00fcber kleinere Wellen man\u00f6vriert werden. Dieser Einsitzer-Kajak mit verstellbarer R\u00fcckenlehne bietet Komfort und Halt sowie Platz f\u00fcr wichtige Dinge wie Snacks und Wasser in leicht zug\u00e4nglichen Ablagef\u00e4chern. Es gibt au\u00dferdem eine abnehmbare Aufbewahrungstasche, auf die Sie zugreifen k\u00f6nnen, wenn Sie durch das Wasser paddeln. Das Doppelpaddel ist aus Aluminium gefertigt; daher ist es leicht und es sitzt auch fest. Wenn das Kajak vollst\u00e4ndig mit der Handpumpe aufgepumpt ist, ist es 2,8 m lang und kann bis zu 100 kg tragen. Auf jeder Seite befinden sich robuste Segeltuchgriffe, die das Tragen des Kajaks zum Kinderspiel machen. Der Ventura Kajak verf\u00fcgt \u00fcber abnehmbare Flossen, um die Richtungsstabilit\u00e4t zu verbessern und die Geschwindigkeit zu erh\u00f6hen.<\/p>\n<ul>\n<li>Material: Premium-Nylonbeschichtung<\/li>\n<li>Abmessungen (Aufgeblasen): 280 x 86 cm (L x B)<\/li>\n<li>Benutzerkapazit\u00e4t: 1 Erwachsener<\/li>\n<li>Belastbarkeit: 100 kg<\/li>\n<li>Ein 2,18 m langes Doppelpaddel aus Aluminium<\/li>\n<li>Abnehmbare Flossen maximieren Geschwindigkeit und Lenkkontrolle<\/li>\n<li>Verstellbarer Sitz mit Ablagefach f\u00fcr das N\u00f6tigste<\/li>\n<li>Mit Paddelhalterungen<\/li>\n<li>Beinhaltet eine Aufbewahrungstasche<\/li>\n<li>Handpumpe mit mechanischem Manometer<\/li>\n<li>Bestway Artikelnummer: 65118<\/li>\n<li><strong>Lieferung enth\u00e4lt:<\/strong><\/li>\n<li>1 x Kajak<\/li>\n<li>1 x Doppelpaddel<\/li>\n<li>1 x Handpumpe<\/li>\n<li>1 x Aufbewahrungstasche<\/li>\n<\/ul>\n","protected":false},"excerpt":{"rendered":"<ul>\n<li>Material: Premium-Nylonbeschichtung<\/li>\n<li>Abmessungen (Aufgeblasen): 280 x 86 cm (L x B)<\/li>\n<li>Benutzerkapazit\u00e4t: 1 Erwachsener<\/li>\n<li>Belastbarkeit: 100 kg<\/li>\n<li>Ein 2,18 m langes Doppelpaddel aus Aluminium<\/li>\n<li>Abnehmbare Flossen maximieren Geschwindigkeit und Lenkkontrolle<\/li>\n<li>Verstellbarer Sitz mit Ablagefach f\u00fcr das N\u00f6tigste<\/li>\n<li>Mit Paddelhalterungen<\/li>\n<li>Beinhaltet eine Aufbewahrungstasche<\/li>\n<li>Handpumpe mit mechanischem Manometer<\/li>\n<li>Bestway Artikelnummer: 65118<\/li>\n<li><strong>Lieferung enth\u00e4lt:<\/strong><\/li>\n<li>1 x Kajak<\/li>\n<li>1 x Doppelpaddel<\/li>\n<li>1 x Handpumpe<\/li>\n<li>1 x Aufbewahrungstasche<\/li>\n<\/ul>\n","protected":false},"featured_media":10000055527,"comment_status":"closed","ping_status":"closed","template":"","meta":[],"product_brand":[],"product_cat":[6855,6915,6916,6837,6836],"product_tag":[],"class_list":{"0":"post-55527","1":"product","2":"type-product","3":"status-publish","4":"has-post-thumbnail","6":"product_cat-boot-wassersport","7":"product_cat-bootfahren-rafting","8":"product_cat-kajaks","9":"product_cat-outdoor-aktivitaeten","10":"product_cat-sportartikel","12":"first","13":"instock","14":"taxable","15":"shipping-taxable","16":"purchasable","17":"product-type-simple","18":"add-to-wishlist-after_add_to_cart"},"jetpack_sharing_enabled":true,"_links":{"self":[{"href":"https:\/\/de-prime.com\/index.php\/wp-json\/wp\/v2\/product\/55527","targetHints":{"allow":["GET"]}}],"collection":[{"href":"https:\/\/de-prime.com\/index.php\/wp-json\/wp\/v2\/product"}],"about":[{"href":"https:\/\/de-prime.com\/index.php\/wp-json\/wp\/v2\/types\/product"}],"replies":[{"embeddable":true,"href":"https:\/\/de-prime.com\/index.php\/wp-json\/wp\/v2\/comments?post=55527"}],"wp:featuredmedia":[{"embeddable":true,"href":"https:\/\/de-prime.com\/index.php\/wp-json\/"}],"wp:attachment":[{"href":"https:\/\/de-prime.com\/index.php\/wp-json\/wp\/v2\/media?parent=55527"}],"wp:term":[{"taxonomy":"product_brand","embeddable":true,"href":"https:\/\/de-prime.com\/index.php\/wp-json\/wp\/v2\/product_brand?post=55527"},{"taxonomy":"product_cat","embeddable":true,"href":"https:\/\/de-prime.com\/index.php\/wp-json\/wp\/v2\/product_cat?post=55527"},{"taxonomy":"product_tag","embeddable":true,"href":"https:\/\/de-prime.com\/index.php\/wp-json\/wp\/v2\/product_tag?post=55527"}],"curies":[{"name":"wp","href":"https:\/\/api.w.org\/{rel}","templated":true}]}}