{"id":55523,"date":"2024-10-01T16:11:49","date_gmt":"2024-10-01T16:11:49","guid":{"rendered":"https:\/\/de-prime.com\/?p=55523"},"modified":"2024-10-01T16:37:34","modified_gmt":"2024-10-01T16:37:34","slug":"bestway-angelboot-set-hydro-force-koracle-aufblasbar","status":"publish","type":"product","link":"https:\/\/de-prime.com\/index.php\/product\/bestway-angelboot-set-hydro-force-koracle-aufblasbar\/","title":{"rendered":"Bestway Angelboot-Set Hydro-Force Koracle Aufblasbar"},"content":{"rendered":"<p>Genie\u00dfe einen entspannten Sommertag auf dem Wasser mit diesem Hydro-Force Kajak von Bestway. Langlebiges und stabiles Kajak: Dieses aufblasbare Kajak aus strapazierf\u00e4higem PVC-Material kann Wildwasser gut standhalten. Die abnehmbaren Flossen in verschiedenen Gr\u00f6\u00dfen tragen zur Stabilit\u00e4t des Kajaks bei.Schnelles Aufpumpen: Mit der mitgelieferten Handpumpe kannst du es in ein paar Minuten aufblasen. Blase es einfach auf, wenn du es benutzen willst, und lass die Luft wieder ab, wenn das Abenteuer zu Ende ist. Er ist perfekt f\u00fcr den Transport und die kompakte Aufbewahrung.H\u00f6chster Komfort: Neben einer eingebauten Angelrutenhalterung und Ruderklammern verf\u00fcgt dieses Kajak auch \u00fcber eine aufblasbare R\u00fcckenlehne, um h\u00f6chste Entspannung zu bieten. Dank der 4 Fu\u00dfst\u00fctzen ist es f\u00fcr Benutzer aller K\u00f6rpergr\u00f6\u00dfen geeignet.Tolle Erfahrung: Es eignet sich ideal f\u00fcr Paddler, die in der warmen Jahreszeit auf Seen und ruhigen Fl\u00fcssen ein entspannendes, unvergessliches Erlebnis genie\u00dfen m\u00f6chten. Perfekt zum Angeln, Camping oder einfach nur Herumpaddeln!<\/p>\n<ul>\n<li>Farbe: Gr\u00fcn<\/li>\n<li>Material: PVC (Polyvinylchlorid)<\/li>\n<li>Gr\u00f6\u00dfe (aufgeblasen): 285 x 92 cm (L x B)<\/li>\n<li>Gr\u00f6\u00dfe (entleert): 290 x 100 cm (L x B)<\/li>\n<li>Integrierte R\u00fcckenlehne f\u00fcr Komfort<\/li>\n<li>4 Fu\u00dfst\u00fctzen f\u00fcr kleine und gro\u00dfe Benutzer<\/li>\n<li>Integrierte Ruderklammern<\/li>\n<li>2 abnehmbare Finnen in verschiedenen Gr\u00f6\u00dfen f\u00fcr Richtungswechsel<\/li>\n<li>F\u00fcr unterschiedliche Wasserverh\u00e4ltnisse<\/li>\n<li>Elastisches Band und Netz<\/li>\n<li>Integrierte Angelrutenhalterung<\/li>\n<li>Umlaufende Halteleine<\/li>\n<li>2 Tragegriffe (vorne und hinten)<\/li>\n<li>Tragetasche f\u00fcr einfachen Transport und Aufbewahrung<\/li>\n<li>Ineinandergreifende Schnellverschlussventile<\/li>\n<li>Bestway Artikelnummer: 65097<\/li>\n<li><strong>Lieferung umfasst:<\/strong><\/li>\n<li>1 x Aufblasbares Kajak<\/li>\n<li>1 x 230 cm Aluminiumpaddel<\/li>\n<li>1 x Doppelhubkolben-Handpumpe<\/li>\n<li>1 x Reparaturflicken<\/li>\n<li>1 x Tragetasche<\/li>\n<\/ul>\n","protected":false},"excerpt":{"rendered":"<ul>\n<li>Farbe: Gr\u00fcn<\/li>\n<li>Material: PVC (Polyvinylchlorid)<\/li>\n<li>Gr\u00f6\u00dfe (aufgeblasen): 285 x 92 cm (L x B)<\/li>\n<li>Gr\u00f6\u00dfe (entleert): 290 x 100 cm (L x B)<\/li>\n<li>Integrierte R\u00fcckenlehne f\u00fcr Komfort<\/li>\n<li>4 Fu\u00dfst\u00fctzen f\u00fcr kleine und gro\u00dfe Benutzer<\/li>\n<li>Integrierte Ruderklammern<\/li>\n<li>2 abnehmbare Finnen in verschiedenen Gr\u00f6\u00dfen f\u00fcr Richtungswechsel<\/li>\n<li>F\u00fcr unterschiedliche Wasserverh\u00e4ltnisse<\/li>\n<li>Elastisches Band und Netz<\/li>\n<li>Integrierte Angelrutenhalterung<\/li>\n<li>Umlaufende Halteleine<\/li>\n<li>2 Tragegriffe (vorne und hinten)<\/li>\n<li>Tragetasche f\u00fcr einfachen Transport und Aufbewahrung<\/li>\n<li>Ineinandergreifende Schnellverschlussventile<\/li>\n<li>Bestway Artikelnummer: 65097<\/li>\n<li><strong>Lieferung umfasst:<\/strong><\/li>\n<li>1 x Aufblasbares Kajak<\/li>\n<li>1 x 230 cm Aluminiumpaddel<\/li>\n<li>1 x Doppelhubkolben-Handpumpe<\/li>\n<li>1 x Reparaturflicken<\/li>\n<li>1 x Tragetasche<\/li>\n<\/ul>\n","protected":false},"featured_media":10000055523,"comment_status":"closed","ping_status":"closed","template":"","meta":[],"product_brand":[],"product_cat":[6855,6915,6916,6837,6836],"product_tag":[],"class_list":{"0":"post-55523","1":"product","2":"type-product","3":"status-publish","4":"has-post-thumbnail","6":"product_cat-boot-wassersport","7":"product_cat-bootfahren-rafting","8":"product_cat-kajaks","9":"product_cat-outdoor-aktivitaeten","10":"product_cat-sportartikel","12":"first","13":"instock","14":"taxable","15":"shipping-taxable","16":"purchasable","17":"product-type-simple","18":"add-to-wishlist-after_add_to_cart"},"jetpack_sharing_enabled":true,"_links":{"self":[{"href":"https:\/\/de-prime.com\/index.php\/wp-json\/wp\/v2\/product\/55523","targetHints":{"allow":["GET"]}}],"collection":[{"href":"https:\/\/de-prime.com\/index.php\/wp-json\/wp\/v2\/product"}],"about":[{"href":"https:\/\/de-prime.com\/index.php\/wp-json\/wp\/v2\/types\/product"}],"replies":[{"embeddable":true,"href":"https:\/\/de-prime.com\/index.php\/wp-json\/wp\/v2\/comments?post=55523"}],"wp:featuredmedia":[{"embeddable":true,"href":"https:\/\/de-prime.com\/index.php\/wp-json\/"}],"wp:attachment":[{"href":"https:\/\/de-prime.com\/index.php\/wp-json\/wp\/v2\/media?parent=55523"}],"wp:term":[{"taxonomy":"product_brand","embeddable":true,"href":"https:\/\/de-prime.com\/index.php\/wp-json\/wp\/v2\/product_brand?post=55523"},{"taxonomy":"product_cat","embeddable":true,"href":"https:\/\/de-prime.com\/index.php\/wp-json\/wp\/v2\/product_cat?post=55523"},{"taxonomy":"product_tag","embeddable":true,"href":"https:\/\/de-prime.com\/index.php\/wp-json\/wp\/v2\/product_tag?post=55523"}],"curies":[{"name":"wp","href":"https:\/\/api.w.org\/{rel}","templated":true}]}}