{"id":55522,"date":"2024-10-01T16:11:49","date_gmt":"2024-10-01T16:11:49","guid":{"rendered":"https:\/\/de-prime.com\/?p=55522"},"modified":"2024-10-01T16:37:34","modified_gmt":"2024-10-01T16:37:34","slug":"bestway-kajak-set-hydro-force-rapid-x2-aufblasbar","status":"publish","type":"product","link":"https:\/\/de-prime.com\/index.php\/product\/bestway-kajak-set-hydro-force-rapid-x2-aufblasbar\/","title":{"rendered":"Bestway Kajak-Set Hydro-Force Rapid x2 Aufblasbar"},"content":{"rendered":"<p>Mit dem aufblasbaren Hydro-Force Rapid X2 Kajak-Set von Bestway bist du bereit f\u00fcr einen fantastischen Tag auf dem Wasser. Langlebiges und stabiles Kajak: Aus langlebigem PVC gefertigt, h\u00e4lt dieses aufblasbare Kajak den rauen und oft felsigen Gew\u00e4ssern stand. Es verf\u00fcgt \u00fcber eine abnehmbare Mittelfinne, die aus getestetem Vinyl besteht und f\u00fcr Richtungsstabilit\u00e4t sorgt.H\u00f6chster Komfort: Sobald du dich im Kajak befindest, bietet dir das komfortable Cockpit mit zwei aufblasbaren Sitzen mit gepolsterten R\u00fcckenlehnen zus\u00e4tzlichen Sitzkomfort, um das Wasser stundenlang erkunden zu k\u00f6nnen.Benutzerfreundliches Design: Die umlaufenden Halteleinen mit integrierten \u00d6sen erm\u00f6glichen einen einfachen Wiedereinstieg aus dem Wasser.Sicheres Design: Die Tragegriffe bieten maximale Sicherheit, w\u00e4hrend die formsch\u00f6ne Konstruktion das Eindringen von Wasser verhindert. Die mitgelieferten Schnellverschlussventile und das integrierte Ablassventil erleichtern das Aufblasen und Entl\u00fcften.Gro\u00dfes Fassungsverm\u00f6gen: Das Kajak bietet Platz f\u00fcr 2 Personen und seine maximal Tragf\u00e4higkeit betr\u00e4gt 180 kg. Es eignet sich perfekt zum Angeln oder Segeln auf dem Wasser.<\/p>\n<ul>\n<li>Farbe: Orange und Grau<\/li>\n<li>Material: PVC (Polyvinylchlorid)<\/li>\n<li>Gr\u00f6\u00dfe (aufgeblasen): 321 x 88 cm (L x B)<\/li>\n<li>Gr\u00f6\u00dfe (entleert): 342 x 66 cm (L x B)<\/li>\n<li>Maximale Passagierzahl: 2<\/li>\n<li>Belastbarkeit: 180 kg<\/li>\n<li>Aufblasbare Kissen f\u00fcr Sitzkomfort<\/li>\n<li>Abnehmbare Mittelflosse f\u00fcr Richtungsstabilit\u00e4t<\/li>\n<li>2 x 2,18 m Aluminiumpaddel<\/li>\n<li>Einstellbare Sitze<\/li>\n<li>Tragegriffe<\/li>\n<li>Ineinandergreifende Schnellverschlussventile<\/li>\n<li>Bestway Artikelnummer: 65077<\/li>\n<li><strong>Lieferung umfasst:<\/strong><\/li>\n<li>1 x Kajak<\/li>\n<li>2 x Aluminiumpaddel<\/li>\n<li>1 x Handpumpe<\/li>\n<li>1 x Abnehmbare Flosse<\/li>\n<li>1 x Reparaturflicken<\/li>\n<li>1 x Tragetasche<\/li>\n<\/ul>\n","protected":false},"excerpt":{"rendered":"<ul>\n<li>Farbe: Orange und Grau<\/li>\n<li>Material: PVC (Polyvinylchlorid)<\/li>\n<li>Gr\u00f6\u00dfe (aufgeblasen): 321 x 88 cm (L x B)<\/li>\n<li>Gr\u00f6\u00dfe (entleert): 342 x 66 cm (L x B)<\/li>\n<li>Maximale Passagierzahl: 2<\/li>\n<li>Belastbarkeit: 180 kg<\/li>\n<li>Aufblasbare Kissen f\u00fcr Sitzkomfort<\/li>\n<li>Abnehmbare Mittelflosse f\u00fcr Richtungsstabilit\u00e4t<\/li>\n<li>2 x 2,18 m Aluminiumpaddel<\/li>\n<li>Einstellbare Sitze<\/li>\n<li>Tragegriffe<\/li>\n<li>Ineinandergreifende Schnellverschlussventile<\/li>\n<li>Bestway Artikelnummer: 65077<\/li>\n<li><strong>Lieferung umfasst:<\/strong><\/li>\n<li>1 x Kajak<\/li>\n<li>2 x Aluminiumpaddel<\/li>\n<li>1 x Handpumpe<\/li>\n<li>1 x Abnehmbare Flosse<\/li>\n<li>1 x Reparaturflicken<\/li>\n<li>1 x Tragetasche<\/li>\n<\/ul>\n","protected":false},"featured_media":10000055522,"comment_status":"closed","ping_status":"closed","template":"","meta":[],"product_brand":[],"product_cat":[6855,6915,6916,6837,6836],"product_tag":[],"class_list":{"0":"post-55522","1":"product","2":"type-product","3":"status-publish","4":"has-post-thumbnail","6":"product_cat-boot-wassersport","7":"product_cat-bootfahren-rafting","8":"product_cat-kajaks","9":"product_cat-outdoor-aktivitaeten","10":"product_cat-sportartikel","12":"first","13":"instock","14":"taxable","15":"shipping-taxable","16":"purchasable","17":"product-type-simple","18":"add-to-wishlist-after_add_to_cart"},"jetpack_sharing_enabled":true,"_links":{"self":[{"href":"https:\/\/de-prime.com\/index.php\/wp-json\/wp\/v2\/product\/55522","targetHints":{"allow":["GET"]}}],"collection":[{"href":"https:\/\/de-prime.com\/index.php\/wp-json\/wp\/v2\/product"}],"about":[{"href":"https:\/\/de-prime.com\/index.php\/wp-json\/wp\/v2\/types\/product"}],"replies":[{"embeddable":true,"href":"https:\/\/de-prime.com\/index.php\/wp-json\/wp\/v2\/comments?post=55522"}],"wp:featuredmedia":[{"embeddable":true,"href":"https:\/\/de-prime.com\/index.php\/wp-json\/"}],"wp:attachment":[{"href":"https:\/\/de-prime.com\/index.php\/wp-json\/wp\/v2\/media?parent=55522"}],"wp:term":[{"taxonomy":"product_brand","embeddable":true,"href":"https:\/\/de-prime.com\/index.php\/wp-json\/wp\/v2\/product_brand?post=55522"},{"taxonomy":"product_cat","embeddable":true,"href":"https:\/\/de-prime.com\/index.php\/wp-json\/wp\/v2\/product_cat?post=55522"},{"taxonomy":"product_tag","embeddable":true,"href":"https:\/\/de-prime.com\/index.php\/wp-json\/wp\/v2\/product_tag?post=55522"}],"curies":[{"name":"wp","href":"https:\/\/api.w.org\/{rel}","templated":true}]}}