{"id":55518,"date":"2024-10-01T16:11:48","date_gmt":"2024-10-01T16:11:48","guid":{"rendered":"https:\/\/de-prime.com\/?p=55518"},"modified":"2024-10-01T16:40:07","modified_gmt":"2024-10-01T16:40:07","slug":"lebendfalle-verzinkt-100-cm","status":"publish","type":"product","link":"https:\/\/de-prime.com\/index.php\/product\/lebendfalle-verzinkt-100-cm\/","title":{"rendered":"Lebendfalle Verzinkt 100 cm"},"content":{"rendered":"<p>Lebendfallen sind ein sicheres und humanes Mittel, um unerw\u00fcnschte Tiere zu fangen, zu versetzen und freizulassen, um sie von deinem Land und deinen Geb\u00e4uden fernzuhalten. Diese Lebendfalle ist mit einer T\u00fcr an der Vorderseite versehen, l\u00e4sst sich einfach bedienen und sicher in der N\u00e4he von Kindern und Haustieren verwenden. Durch die kleine Maschenweite (2,54 x 2,54 cm) wird das Entkommen und das Stehlen der Lockspeisen verhindert. Die Lebendfalle ist aus robustem Drahtgeflecht mit einem zus\u00e4tzlich verst\u00e4rkten Rahmen gefertigt und f\u00fcr maximale Rostbest\u00e4ndigkeit verzinkt. Sie verf\u00fcgt \u00fcber einen klappbaren Tragegriff und l\u00e4sst sich daher mit oder ohne Tier bequem transportieren. Diese Lebendfalle eignet sich perfekt, um unerw\u00fcnschte Besucher loszuwerden oder entlaufene Haustiere wie Katzen, Meerschweinchen usw. einzufangen. Die Lebendfalle besitzt keine scharfen Kanten, die die gefangenen Tiere verletzen k\u00f6nnten.<\/p>\n<ul>\n<li>Gesamtabmessungen: 100 x 26 x 31 cm (L x B x H)<\/li>\n<li>Maschenweite: 2,54 x 2,54 cm (L x B)<\/li>\n<li>Material: Verzinkter Stahl<\/li>\n<li>Mit 1 T\u00fcr<\/li>\n<li>Klappbarer Griff<\/li>\n<\/ul>\n","protected":false},"excerpt":{"rendered":"<ul>\n<li>Gesamtabmessungen: 100 x 26 x 31 cm (L x B x H)<\/li>\n<li>Maschenweite: 2,54 x 2,54 cm (L x B)<\/li>\n<li>Material: Verzinkter Stahl<\/li>\n<li>Mit 1 T\u00fcr<\/li>\n<li>Klappbarer Griff<\/li>\n<\/ul>\n","protected":false},"featured_media":10000055518,"comment_status":"closed","ping_status":"closed","template":"","meta":[],"product_brand":[],"product_cat":[6913,6914,6866,6837,6836],"product_tag":[],"class_list":{"0":"post-55518","1":"product","2":"type-product","3":"status-publish","4":"has-post-thumbnail","6":"product_cat-jagen","7":"product_cat-jagen-schiessen","8":"product_cat-jagen-und-schiessen","9":"product_cat-outdoor-aktivitaeten","10":"product_cat-sportartikel","12":"first","13":"instock","14":"taxable","15":"shipping-taxable","16":"purchasable","17":"product-type-simple","18":"add-to-wishlist-after_add_to_cart"},"jetpack_sharing_enabled":true,"_links":{"self":[{"href":"https:\/\/de-prime.com\/index.php\/wp-json\/wp\/v2\/product\/55518","targetHints":{"allow":["GET"]}}],"collection":[{"href":"https:\/\/de-prime.com\/index.php\/wp-json\/wp\/v2\/product"}],"about":[{"href":"https:\/\/de-prime.com\/index.php\/wp-json\/wp\/v2\/types\/product"}],"replies":[{"embeddable":true,"href":"https:\/\/de-prime.com\/index.php\/wp-json\/wp\/v2\/comments?post=55518"}],"wp:featuredmedia":[{"embeddable":true,"href":"https:\/\/de-prime.com\/index.php\/wp-json\/"}],"wp:attachment":[{"href":"https:\/\/de-prime.com\/index.php\/wp-json\/wp\/v2\/media?parent=55518"}],"wp:term":[{"taxonomy":"product_brand","embeddable":true,"href":"https:\/\/de-prime.com\/index.php\/wp-json\/wp\/v2\/product_brand?post=55518"},{"taxonomy":"product_cat","embeddable":true,"href":"https:\/\/de-prime.com\/index.php\/wp-json\/wp\/v2\/product_cat?post=55518"},{"taxonomy":"product_tag","embeddable":true,"href":"https:\/\/de-prime.com\/index.php\/wp-json\/wp\/v2\/product_tag?post=55518"}],"curies":[{"name":"wp","href":"https:\/\/api.w.org\/{rel}","templated":true}]}}