{"id":55514,"date":"2024-10-01T16:11:48","date_gmt":"2024-10-01T16:11:48","guid":{"rendered":"https:\/\/de-prime.com\/?p=55514"},"modified":"2024-10-01T16:40:04","modified_gmt":"2024-10-01T16:40:04","slug":"lebendfalle-645x25x265-cm-verzinktes-eisen","status":"publish","type":"product","link":"https:\/\/de-prime.com\/index.php\/product\/lebendfalle-645x25x265-cm-verzinktes-eisen\/","title":{"rendered":"Lebendfalle 64,5x25x26,5 cm Verzinktes Eisen"},"content":{"rendered":"<p>Diese Lebendfalle ist perfekt geeignet, um ungebetene Tiere loszuwerden, ohne das Tier zu verletzen. Stabiles Material: Die Lebendfalle ist aus strapazierf\u00e4higem Eisendraht gefertigt. Eisen ist ein starkes und hartes Material. Es ist ein beliebte Wahl im Industrie- und M\u00f6belbau. Zudem bietet die Verzinkung einen besseren Schutz gegen Korrosion und ist f\u00fcr Produkte geeignet, die im Freien und in rauen Umgebungen verwendet werden.Sicher und human: Durch die Einzelt\u00fcr dringen die Tiere vollst\u00e4ndig in die Falle ein, bevor sie sich schlie\u00dft, was eine h\u00f6here Fangrate gew\u00e4hrleistet. Die geringe Maschenweite verhindert das Entweichen. Die Falle ist mit glatten Innenkanten versehen, was die Verletzungen der Tiere verhindert.Praktisches Design: Dank der praktischen Abmessungen l\u00e4sst sich diese humane Mausefalle leicht von einer Person handhaben. Zudem wird der Kontakt mit dem Tier w\u00e4hrend des Transports dank des Tragegriffes verhindert.Breite Anwendung: Diese humane Rattenfalle eignet sich ideal f\u00fcr M\u00e4use, Eichh\u00f6rnchen, Streifenh\u00f6rnchen, W\u00fchlm\u00e4use, Spitzm\u00e4use, Stinktiere, Kaninchen, Wiesel und \u00e4hnlich Kleintiere.<\/p>\n<ul>\n<li>Farbe: Silbern<\/li>\n<li>Material: Verzinktes Eisen<\/li>\n<li>Abmessungen: 64,5 x 25 x 26,5 cm (B x T x H)<\/li>\n<li>Maschenweite: 2,5 x 2,5 cm (L x B)<\/li>\n<li>Mit Griff<\/li>\n<li>Zusammenbau erforderlich: Ja<\/li>\n<\/ul>\n","protected":false},"excerpt":{"rendered":"<ul>\n<li>Farbe: Silbern<\/li>\n<li>Material: Verzinktes Eisen<\/li>\n<li>Abmessungen: 64,5 x 25 x 26,5 cm (B x T x H)<\/li>\n<li>Maschenweite: 2,5 x 2,5 cm (L x B)<\/li>\n<li>Mit Griff<\/li>\n<li>Zusammenbau erforderlich: Ja<\/li>\n<\/ul>\n","protected":false},"featured_media":10000055514,"comment_status":"closed","ping_status":"closed","template":"","meta":[],"product_brand":[],"product_cat":[6913,6914,6866,6837,6836],"product_tag":[],"class_list":{"0":"post-55514","1":"product","2":"type-product","3":"status-publish","4":"has-post-thumbnail","6":"product_cat-jagen","7":"product_cat-jagen-schiessen","8":"product_cat-jagen-und-schiessen","9":"product_cat-outdoor-aktivitaeten","10":"product_cat-sportartikel","12":"first","13":"instock","14":"taxable","15":"shipping-taxable","16":"purchasable","17":"product-type-simple","18":"add-to-wishlist-after_add_to_cart"},"jetpack_sharing_enabled":true,"_links":{"self":[{"href":"https:\/\/de-prime.com\/index.php\/wp-json\/wp\/v2\/product\/55514","targetHints":{"allow":["GET"]}}],"collection":[{"href":"https:\/\/de-prime.com\/index.php\/wp-json\/wp\/v2\/product"}],"about":[{"href":"https:\/\/de-prime.com\/index.php\/wp-json\/wp\/v2\/types\/product"}],"replies":[{"embeddable":true,"href":"https:\/\/de-prime.com\/index.php\/wp-json\/wp\/v2\/comments?post=55514"}],"wp:featuredmedia":[{"embeddable":true,"href":"https:\/\/de-prime.com\/index.php\/wp-json\/"}],"wp:attachment":[{"href":"https:\/\/de-prime.com\/index.php\/wp-json\/wp\/v2\/media?parent=55514"}],"wp:term":[{"taxonomy":"product_brand","embeddable":true,"href":"https:\/\/de-prime.com\/index.php\/wp-json\/wp\/v2\/product_brand?post=55514"},{"taxonomy":"product_cat","embeddable":true,"href":"https:\/\/de-prime.com\/index.php\/wp-json\/wp\/v2\/product_cat?post=55514"},{"taxonomy":"product_tag","embeddable":true,"href":"https:\/\/de-prime.com\/index.php\/wp-json\/wp\/v2\/product_tag?post=55514"}],"curies":[{"name":"wp","href":"https:\/\/api.w.org\/{rel}","templated":true}]}}