{"id":55512,"date":"2024-10-01T16:11:48","date_gmt":"2024-10-01T16:11:48","guid":{"rendered":"https:\/\/de-prime.com\/?p=55512"},"modified":"2024-10-01T16:37:14","modified_gmt":"2024-10-01T16:37:14","slug":"tarnnetz-mit-aufbewahrungsbeutel-4-x-8-m","status":"publish","type":"product","link":"https:\/\/de-prime.com\/index.php\/product\/tarnnetz-mit-aufbewahrungsbeutel-4-x-8-m\/","title":{"rendered":"Tarnnetz mit Aufbewahrungsbeutel 4 x 8 m"},"content":{"rendered":"<p>Dank des US Woodland Camouflagemusters eignet sich dieses Tarnnetz perfekt zum Tarnen eines Fahrzeugs oder anderen gro\u00dfen Objekts. Hergestellt aus 100% Polyester-Oxfordgewebe mit UV-best\u00e4ndiger Beschichtung, ist dieses Tarnnetz wasserdicht, f\u00e4ulnis- und schimmelresistent. Praktisch f\u00fcr unterwegs: das schnelltrocknende Netz ist leicht und kann in dem mitgelieferten Beutel kompakt aufbewahrt werden. Ideal f\u00fcr die Vogelbeobachtung, beim Angeln oder auf der Jagd sowie f\u00fcr Airsoft- oder Paintball-Spiele.<\/p>\n<ul>\n<li>Farbe: Gr\u00fcn (U.S. Woodland Camouflagemuster)<\/li>\n<li>Gr\u00f6\u00dfe: 4 x 8 m (B x L)<\/li>\n<li>Material: Textilgewebe<\/li>\n<li>Wasserdicht, f\u00e4ulnis- und schimmelresistent<\/li>\n<li>Mit einer UV-best\u00e4ndigen Beschichtung<\/li>\n<li>Kompakt und leicht<\/li>\n<li>Schnelltrocknend<\/li>\n<li>Inkl. Aufbewahrungsbeutel<\/li>\n<li>Ideal f\u00fcr den Jagd- und Schie\u00dfsport, Bau von Unterst\u00e4nden usw.<\/li>\n<li>Material: Polyester: 100%<\/li>\n<\/ul>\n","protected":false},"excerpt":{"rendered":"<ul>\n<li>Farbe: Gr\u00fcn (U.S. Woodland Camouflagemuster)<\/li>\n<li>Gr\u00f6\u00dfe: 4 x 8 m (B x L)<\/li>\n<li>Material: Textilgewebe<\/li>\n<li>Wasserdicht, f\u00e4ulnis- und schimmelresistent<\/li>\n<li>Mit einer UV-best\u00e4ndigen Beschichtung<\/li>\n<li>Kompakt und leicht<\/li>\n<li>Schnelltrocknend<\/li>\n<li>Inkl. Aufbewahrungsbeutel<\/li>\n<li>Ideal f\u00fcr den Jagd- und Schie\u00dfsport, Bau von Unterst\u00e4nden usw.<\/li>\n<li>Material: Polyester: 100%<\/li>\n<\/ul>\n","protected":false},"featured_media":10000055512,"comment_status":"closed","ping_status":"closed","template":"","meta":[],"product_brand":[],"product_cat":[6912,6866,6837,6836],"product_tag":[],"class_list":{"0":"post-55512","1":"product","2":"type-product","3":"status-publish","4":"has-post-thumbnail","6":"product_cat-jagd-schiesssport-tarnnetze","7":"product_cat-jagen-und-schiessen","8":"product_cat-outdoor-aktivitaeten","9":"product_cat-sportartikel","11":"first","12":"instock","13":"taxable","14":"shipping-taxable","15":"purchasable","16":"product-type-simple","17":"add-to-wishlist-after_add_to_cart"},"jetpack_sharing_enabled":true,"_links":{"self":[{"href":"https:\/\/de-prime.com\/index.php\/wp-json\/wp\/v2\/product\/55512","targetHints":{"allow":["GET"]}}],"collection":[{"href":"https:\/\/de-prime.com\/index.php\/wp-json\/wp\/v2\/product"}],"about":[{"href":"https:\/\/de-prime.com\/index.php\/wp-json\/wp\/v2\/types\/product"}],"replies":[{"embeddable":true,"href":"https:\/\/de-prime.com\/index.php\/wp-json\/wp\/v2\/comments?post=55512"}],"wp:featuredmedia":[{"embeddable":true,"href":"https:\/\/de-prime.com\/index.php\/wp-json\/"}],"wp:attachment":[{"href":"https:\/\/de-prime.com\/index.php\/wp-json\/wp\/v2\/media?parent=55512"}],"wp:term":[{"taxonomy":"product_brand","embeddable":true,"href":"https:\/\/de-prime.com\/index.php\/wp-json\/wp\/v2\/product_brand?post=55512"},{"taxonomy":"product_cat","embeddable":true,"href":"https:\/\/de-prime.com\/index.php\/wp-json\/wp\/v2\/product_cat?post=55512"},{"taxonomy":"product_tag","embeddable":true,"href":"https:\/\/de-prime.com\/index.php\/wp-json\/wp\/v2\/product_tag?post=55512"}],"curies":[{"name":"wp","href":"https:\/\/api.w.org\/{rel}","templated":true}]}}