{"id":55496,"date":"2024-10-01T16:11:47","date_gmt":"2024-10-01T16:11:47","guid":{"rendered":"https:\/\/de-prime.com\/?p=55496"},"modified":"2024-10-01T16:44:45","modified_gmt":"2024-10-01T16:44:45","slug":"tarnnetz-mit-aufbewahrungstasche-506x279-cm-weiss","status":"publish","type":"product","link":"https:\/\/de-prime.com\/index.php\/product\/tarnnetz-mit-aufbewahrungstasche-506x279-cm-weiss\/","title":{"rendered":"Tarnnetz mit Aufbewahrungstasche 506&#215;279 cm Wei\u00df"},"content":{"rendered":"<p>Dieses Tarnnetz ist perfekt geeignet, um Fahrzeuge oder andere gro\u00dfe Gegenst\u00e4nde zu verstecken, was es zum besten Begleiter f\u00fcr Outdoor-Aktivit\u00e4ten wie Vogelbeobachtung, Jagd, Paintball-Spiele usw. macht. Langlebiges Material: Oxford-Gewebe ist leicht, wasserabweisend und resistent gegen Sch\u00e4den und Schmutz. Das verwendete Garn macht das Gewebe haltbar und atmungsaktiv. Au\u00dferdem ist es von Natur aus faltenbest\u00e4ndig. Au\u00dferdem ist dieses Campingnetz dank der speziellen Behandlung UV-best\u00e4ndig und trocknet nach dem Waschen schnell.Leicht und tragbar: Das Tarnnetz kann kompakt in der mitgelieferten Tasche verstaut werden und ist leicht, sodass es einfach mitgenommen werden kann.Breiter Anwendungsbereich: Das Netz eignet sich hervorragend f\u00fcr milit\u00e4rische Das Netz eignet sich hervorragend f\u00fcr milit\u00e4rische Zwecke, Themenparks, Filmkulissen, Heimdekoration, Jagd, Vogelbeobachtung, Camping, Sonnenschutz, Autoabdeckung, usw.<\/p>\n<ul>\n<li>Farbe: Wei\u00df<\/li>\n<li>Material: Oxford-Gewebe (100 % Polyester)<\/li>\n<li>Gr\u00f6\u00dfe: 506 x 279 cm (L x B)<\/li>\n<li>Aufbewahrungstasche inbegriffen<\/li>\n<li>Schnell trocknend<\/li>\n<li>Kompakt &amp; leicht<\/li>\n<li>Mit UV-best\u00e4ndiger Beschichtung<\/li>\n<\/ul>\n","protected":false},"excerpt":{"rendered":"<ul>\n<li>Farbe: Wei\u00df<\/li>\n<li>Material: Oxford-Gewebe (100 % Polyester)<\/li>\n<li>Gr\u00f6\u00dfe: 506 x 279 cm (L x B)<\/li>\n<li>Aufbewahrungstasche inbegriffen<\/li>\n<li>Schnell trocknend<\/li>\n<li>Kompakt &amp; leicht<\/li>\n<li>Mit UV-best\u00e4ndiger Beschichtung<\/li>\n<\/ul>\n","protected":false},"featured_media":10000055496,"comment_status":"closed","ping_status":"closed","template":"","meta":[],"product_brand":[],"product_cat":[6912,6866,6837,6836],"product_tag":[],"class_list":{"0":"post-55496","1":"product","2":"type-product","3":"status-publish","4":"has-post-thumbnail","6":"product_cat-jagd-schiesssport-tarnnetze","7":"product_cat-jagen-und-schiessen","8":"product_cat-outdoor-aktivitaeten","9":"product_cat-sportartikel","11":"first","12":"instock","13":"taxable","14":"shipping-taxable","15":"purchasable","16":"product-type-simple","17":"add-to-wishlist-after_add_to_cart"},"jetpack_sharing_enabled":true,"_links":{"self":[{"href":"https:\/\/de-prime.com\/index.php\/wp-json\/wp\/v2\/product\/55496","targetHints":{"allow":["GET"]}}],"collection":[{"href":"https:\/\/de-prime.com\/index.php\/wp-json\/wp\/v2\/product"}],"about":[{"href":"https:\/\/de-prime.com\/index.php\/wp-json\/wp\/v2\/types\/product"}],"replies":[{"embeddable":true,"href":"https:\/\/de-prime.com\/index.php\/wp-json\/wp\/v2\/comments?post=55496"}],"wp:featuredmedia":[{"embeddable":true,"href":"https:\/\/de-prime.com\/index.php\/wp-json\/"}],"wp:attachment":[{"href":"https:\/\/de-prime.com\/index.php\/wp-json\/wp\/v2\/media?parent=55496"}],"wp:term":[{"taxonomy":"product_brand","embeddable":true,"href":"https:\/\/de-prime.com\/index.php\/wp-json\/wp\/v2\/product_brand?post=55496"},{"taxonomy":"product_cat","embeddable":true,"href":"https:\/\/de-prime.com\/index.php\/wp-json\/wp\/v2\/product_cat?post=55496"},{"taxonomy":"product_tag","embeddable":true,"href":"https:\/\/de-prime.com\/index.php\/wp-json\/wp\/v2\/product_tag?post=55496"}],"curies":[{"name":"wp","href":"https:\/\/api.w.org\/{rel}","templated":true}]}}