{"id":55462,"date":"2024-10-01T16:11:44","date_gmt":"2024-10-01T16:11:44","guid":{"rendered":"https:\/\/de-prime.com\/?p=55462"},"modified":"2024-10-01T16:42:15","modified_gmt":"2024-10-01T16:42:15","slug":"tarnnetz-mit-aufbewahrungstasche-3x7-m-gruen","status":"publish","type":"product","link":"https:\/\/de-prime.com\/index.php\/product\/tarnnetz-mit-aufbewahrungstasche-3x7-m-gruen\/","title":{"rendered":"Tarnnetz mit Aufbewahrungstasche 3&#215;7 m Gr\u00fcn"},"content":{"rendered":"<p>Durch seine Tarnfarbe eignet sich dieses Tarnnetz perfekt zum Verstecken Ihres Fahrzeugs oder anderer gro\u00dfer Gegenst\u00e4nde im Freigel\u00e4nde. Dieses Netz besteht aus 100 % Polyester-Oxford-Gewebe, das wasserabweisend, korrosions- und schimmelresistent ist. Es l\u00e4sst sich kompakt in der mitgelieferten Tasche verstauen und ist leicht, sodass es sich einfach \u00fcberall mitnehmen l\u00e4sst. Dar\u00fcber hinaus ist dieses Campingnetz dank der speziellen Behandlung auch UV-best\u00e4ndig und trocknet nach dem Waschen schnell.<\/p>\n<ul>\n<li>Farbe: Gr\u00fcn<\/li>\n<li>Material: Oxford-Gewebe (100 % Polyester)<\/li>\n<li>Gr\u00f6\u00dfe: 3 x 7 m (B x L)<\/li>\n<li>Inkl. Aufbewahrungsbeutel<\/li>\n<li>Wasserfest, korrosionsbest\u00e4ndig, schimmelresistent<\/li>\n<li>Schnelltrocknend<\/li>\n<li>Kompakt und leicht<\/li>\n<li>Mit UV-best\u00e4ndiger Beschichtung<\/li>\n<li>Keine Montage n\u00f6tig<\/li>\n<\/ul>\n","protected":false},"excerpt":{"rendered":"<ul>\n<li>Farbe: Gr\u00fcn<\/li>\n<li>Material: Oxford-Gewebe (100 % Polyester)<\/li>\n<li>Gr\u00f6\u00dfe: 3 x 7 m (B x L)<\/li>\n<li>Inkl. Aufbewahrungsbeutel<\/li>\n<li>Wasserfest, korrosionsbest\u00e4ndig, schimmelresistent<\/li>\n<li>Schnelltrocknend<\/li>\n<li>Kompakt und leicht<\/li>\n<li>Mit UV-best\u00e4ndiger Beschichtung<\/li>\n<li>Keine Montage n\u00f6tig<\/li>\n<\/ul>\n","protected":false},"featured_media":10000055462,"comment_status":"closed","ping_status":"closed","template":"","meta":[],"product_brand":[],"product_cat":[6912,6866,6837,6836],"product_tag":[],"class_list":{"0":"post-55462","1":"product","2":"type-product","3":"status-publish","4":"has-post-thumbnail","6":"product_cat-jagd-schiesssport-tarnnetze","7":"product_cat-jagen-und-schiessen","8":"product_cat-outdoor-aktivitaeten","9":"product_cat-sportartikel","11":"first","12":"instock","13":"taxable","14":"shipping-taxable","15":"purchasable","16":"product-type-simple","17":"add-to-wishlist-after_add_to_cart"},"jetpack_sharing_enabled":true,"_links":{"self":[{"href":"https:\/\/de-prime.com\/index.php\/wp-json\/wp\/v2\/product\/55462","targetHints":{"allow":["GET"]}}],"collection":[{"href":"https:\/\/de-prime.com\/index.php\/wp-json\/wp\/v2\/product"}],"about":[{"href":"https:\/\/de-prime.com\/index.php\/wp-json\/wp\/v2\/types\/product"}],"replies":[{"embeddable":true,"href":"https:\/\/de-prime.com\/index.php\/wp-json\/wp\/v2\/comments?post=55462"}],"wp:featuredmedia":[{"embeddable":true,"href":"https:\/\/de-prime.com\/index.php\/wp-json\/"}],"wp:attachment":[{"href":"https:\/\/de-prime.com\/index.php\/wp-json\/wp\/v2\/media?parent=55462"}],"wp:term":[{"taxonomy":"product_brand","embeddable":true,"href":"https:\/\/de-prime.com\/index.php\/wp-json\/wp\/v2\/product_brand?post=55462"},{"taxonomy":"product_cat","embeddable":true,"href":"https:\/\/de-prime.com\/index.php\/wp-json\/wp\/v2\/product_cat?post=55462"},{"taxonomy":"product_tag","embeddable":true,"href":"https:\/\/de-prime.com\/index.php\/wp-json\/wp\/v2\/product_tag?post=55462"}],"curies":[{"name":"wp","href":"https:\/\/api.w.org\/{rel}","templated":true}]}}