{"id":55456,"date":"2024-10-01T16:11:43","date_gmt":"2024-10-01T16:11:43","guid":{"rendered":"https:\/\/de-prime.com\/?p=55456"},"modified":"2024-10-01T16:42:10","modified_gmt":"2024-10-01T16:42:10","slug":"tarnnetz-mit-aufbewahrungsbeutel-3x4-m","status":"publish","type":"product","link":"https:\/\/de-prime.com\/index.php\/product\/tarnnetz-mit-aufbewahrungsbeutel-3x4-m\/","title":{"rendered":"Tarnnetz mit Aufbewahrungsbeutel 3&#215;4 m"},"content":{"rendered":"<p>Dank seiner Tarnfarbe eignet sich dieses Tarnnetz perfekt zum Tarnen eines Fahrzeugs oder anderen gro\u00dfen Objekts. Hergestellt aus 100% Polyestergewebe Oxford, ist dieses Tarnnetz wasserdicht, verrotungs- und schimmelbest\u00e4ndig. Es ist sehr praktisch zum Mitnehmen, da es leicht ist und in dem mitgelieferten Beutel kompakt aufbewahrt werden kann. Zudem wurde dieses Netz behandelt, um UV-best\u00e4ndig zu werden; nach dem Waschen trocknet es sehr schnell. Dieses Tarnnetz ist ideal auch f\u00fcr die Vogelbeobachtung, Jagd oder Airsoft und Paintball.<\/p>\n<ul>\n<li>Ma\u00dfe: 3 x 4 m<\/li>\n<li>Farbe: Gr\u00fcne Tarnfarbe<\/li>\n<li>Material: 100% Polyester Oxford<\/li>\n<li>Inkl. Aufbewahrungsbeutel<\/li>\n<li>Wasserdicht, verrotungs- und schimmelbest\u00e4ndig<\/li>\n<li>Schnell trocknend<\/li>\n<li>Kompakt und leicht<\/li>\n<li>Mit UV-best\u00e4ndiger Beschichtung<\/li>\n<li>Ideal f\u00fcr den Jagd- und Schie\u00dfsport, Bau von Unterst\u00e4nden usw.<\/li>\n<li>Material: Polyester: 100%<\/li>\n<\/ul>\n","protected":false},"excerpt":{"rendered":"<ul>\n<li>Ma\u00dfe: 3 x 4 m<\/li>\n<li>Farbe: Gr\u00fcne Tarnfarbe<\/li>\n<li>Material: 100% Polyester Oxford<\/li>\n<li>Inkl. Aufbewahrungsbeutel<\/li>\n<li>Wasserdicht, verrotungs- und schimmelbest\u00e4ndig<\/li>\n<li>Schnell trocknend<\/li>\n<li>Kompakt und leicht<\/li>\n<li>Mit UV-best\u00e4ndiger Beschichtung<\/li>\n<li>Ideal f\u00fcr den Jagd- und Schie\u00dfsport, Bau von Unterst\u00e4nden usw.<\/li>\n<li>Material: Polyester: 100%<\/li>\n<\/ul>\n","protected":false},"featured_media":10000055456,"comment_status":"closed","ping_status":"closed","template":"","meta":[],"product_brand":[],"product_cat":[6912,6866,6837,6836],"product_tag":[],"class_list":{"0":"post-55456","1":"product","2":"type-product","3":"status-publish","4":"has-post-thumbnail","6":"product_cat-jagd-schiesssport-tarnnetze","7":"product_cat-jagen-und-schiessen","8":"product_cat-outdoor-aktivitaeten","9":"product_cat-sportartikel","11":"first","12":"outofstock","13":"taxable","14":"shipping-taxable","15":"purchasable","16":"product-type-simple","17":"add-to-wishlist-after_add_to_cart"},"jetpack_sharing_enabled":true,"_links":{"self":[{"href":"https:\/\/de-prime.com\/index.php\/wp-json\/wp\/v2\/product\/55456","targetHints":{"allow":["GET"]}}],"collection":[{"href":"https:\/\/de-prime.com\/index.php\/wp-json\/wp\/v2\/product"}],"about":[{"href":"https:\/\/de-prime.com\/index.php\/wp-json\/wp\/v2\/types\/product"}],"replies":[{"embeddable":true,"href":"https:\/\/de-prime.com\/index.php\/wp-json\/wp\/v2\/comments?post=55456"}],"wp:featuredmedia":[{"embeddable":true,"href":"https:\/\/de-prime.com\/index.php\/wp-json\/"}],"wp:attachment":[{"href":"https:\/\/de-prime.com\/index.php\/wp-json\/wp\/v2\/media?parent=55456"}],"wp:term":[{"taxonomy":"product_brand","embeddable":true,"href":"https:\/\/de-prime.com\/index.php\/wp-json\/wp\/v2\/product_brand?post=55456"},{"taxonomy":"product_cat","embeddable":true,"href":"https:\/\/de-prime.com\/index.php\/wp-json\/wp\/v2\/product_cat?post=55456"},{"taxonomy":"product_tag","embeddable":true,"href":"https:\/\/de-prime.com\/index.php\/wp-json\/wp\/v2\/product_tag?post=55456"}],"curies":[{"name":"wp","href":"https:\/\/api.w.org\/{rel}","templated":true}]}}