{"id":55452,"date":"2024-10-01T16:11:43","date_gmt":"2024-10-01T16:11:43","guid":{"rendered":"https:\/\/de-prime.com\/?p=55452"},"modified":"2024-10-01T16:40:26","modified_gmt":"2024-10-01T16:40:26","slug":"selbstaufblasende-isomatte-mit-kissen-marineblau-6","status":"publish","type":"product","link":"https:\/\/de-prime.com\/index.php\/product\/selbstaufblasende-isomatte-mit-kissen-marineblau-6\/","title":{"rendered":"Selbstaufblasende Isomatte mit Kissen Marineblau"},"content":{"rendered":"<p>Diese praktische und bequeme selbstaufblasende Isomatte eignet sich perfekt f\u00fcr deine Aktivit\u00e4ten im Freien. Langlebig und wasserfest: Die selbstaufblasende Campingmatte besteht aus Schaumstoff und Stoff mit PVC-Beschichtung, wodurch sie langlebig, wasserfest und witterungsbest\u00e4ndig ist und sich leicht mit einem feuchten Tuch reinigen l\u00e4sst.Einfacher Einsatz: Diese selbstaufblasende Schlafmatte ist mit einem gro\u00dfen Ventil ausgestattet und l\u00e4sst sich daher schnell und einfach aufblasen und entleeren. Beim \u00d6ffnen des Ventils f\u00fcllt sich die Matte durch die Ausdehnung des Schaumstoffs mit Luft. Nach dem Gebrauch kannst du die Isomatte zusammenrollen, um sie zu entleeren.Bequem: Die selbstaufblasende Isomatte ist mit einer Polsterung aus Memory-Schaum ausgestattet, die eine hervorragende Unterst\u00fctzung bietet und dich vor dem kalten Boden sch\u00fctzt. Sie besitzt auch ein integriertes Kissen, um Nackenschmerzen zu vermeiden.Erweiterbar: Diese selbstaufblasende Isomatte l\u00e4sst sich mit einer zus\u00e4tzlichen Matte verbinden, um eine Doppelmatratze zu bilden.Tragbar: Die Camping-Luftmatratze ist leicht und l\u00e4sst sich nach dem Zusammenrollen in der kompakten Tragetasche verstauen. Sie nimmt kaum Platz in Anspruch und eignet sich daher ideal f\u00fcr Reisen, Picknicks, Wanderungen und Camping. Gut zu wissen:Bitte wasche die Matte nur von Hand und halte sie von scharfen Gegenst\u00e4nden fern.<\/p>\n<ul>\n<li>Farbe: Marineblau<\/li>\n<li>Material: 19D-Schaum, Stoff mit PVC-Beschichtung<\/li>\n<li>Gesamtabmessungen: 190 x 64 x 7 cm (L x B x T)<\/li>\n<li>Packma\u00df: 60 x 19 cm (L x Durchmesser)<\/li>\n<li>H\u00f6he des integrierten Kissens: 19 cm<\/li>\n<li>Gewicht: 1930 g<\/li>\n<li>Fassungsverm\u00f6gen: 1 Person<\/li>\n<li>Tragf\u00e4higkeit: 200 kg<\/li>\n<li>Innenseite aus Memory-Schaum<\/li>\n<li><strong>Lieferung umfasst:<\/strong><\/li>\n<li>1 x Selbstaufblasende Isomatte<\/li>\n<li>1 x Tragetasche<\/li>\n<li>2 x Reparatur-Aufkleber<\/li>\n<\/ul>\n","protected":false},"excerpt":{"rendered":"<ul>\n<li>Farbe: Marineblau<\/li>\n<li>Material: 19D-Schaum, Stoff mit PVC-Beschichtung<\/li>\n<li>Gesamtabmessungen: 190 x 64 x 7 cm (L x B x T)<\/li>\n<li>Packma\u00df: 60 x 19 cm (L x Durchmesser)<\/li>\n<li>H\u00f6he des integrierten Kissens: 19 cm<\/li>\n<li>Gewicht: 1930 g<\/li>\n<li>Fassungsverm\u00f6gen: 1 Person<\/li>\n<li>Tragf\u00e4higkeit: 200 kg<\/li>\n<li>Innenseite aus Memory-Schaum<\/li>\n<li><strong>Lieferung umfasst:<\/strong><\/li>\n<li>1 x Selbstaufblasende Isomatte<\/li>\n<li>1 x Tragetasche<\/li>\n<li>2 x Reparatur-Aufkleber<\/li>\n<\/ul>\n","protected":false},"featured_media":10000055452,"comment_status":"closed","ping_status":"closed","template":"","meta":[],"product_brand":[],"product_cat":[6859,6911,6837,6836],"product_tag":[],"class_list":{"0":"post-55452","1":"product","2":"type-product","3":"status-publish","4":"has-post-thumbnail","6":"product_cat-camping-wandern","7":"product_cat-isomatten","8":"product_cat-outdoor-aktivitaeten","9":"product_cat-sportartikel","11":"first","12":"instock","13":"taxable","14":"shipping-taxable","15":"purchasable","16":"product-type-simple","17":"add-to-wishlist-after_add_to_cart"},"jetpack_sharing_enabled":true,"_links":{"self":[{"href":"https:\/\/de-prime.com\/index.php\/wp-json\/wp\/v2\/product\/55452","targetHints":{"allow":["GET"]}}],"collection":[{"href":"https:\/\/de-prime.com\/index.php\/wp-json\/wp\/v2\/product"}],"about":[{"href":"https:\/\/de-prime.com\/index.php\/wp-json\/wp\/v2\/types\/product"}],"replies":[{"embeddable":true,"href":"https:\/\/de-prime.com\/index.php\/wp-json\/wp\/v2\/comments?post=55452"}],"wp:featuredmedia":[{"embeddable":true,"href":"https:\/\/de-prime.com\/index.php\/wp-json\/"}],"wp:attachment":[{"href":"https:\/\/de-prime.com\/index.php\/wp-json\/wp\/v2\/media?parent=55452"}],"wp:term":[{"taxonomy":"product_brand","embeddable":true,"href":"https:\/\/de-prime.com\/index.php\/wp-json\/wp\/v2\/product_brand?post=55452"},{"taxonomy":"product_cat","embeddable":true,"href":"https:\/\/de-prime.com\/index.php\/wp-json\/wp\/v2\/product_cat?post=55452"},{"taxonomy":"product_tag","embeddable":true,"href":"https:\/\/de-prime.com\/index.php\/wp-json\/wp\/v2\/product_tag?post=55452"}],"curies":[{"name":"wp","href":"https:\/\/api.w.org\/{rel}","templated":true}]}}