{"id":55432,"date":"2024-10-01T16:11:41","date_gmt":"2024-10-01T16:11:41","guid":{"rendered":"https:\/\/de-prime.com\/?p=55432"},"modified":"2024-10-01T16:40:11","modified_gmt":"2024-10-01T16:40:11","slug":"aufblasbare-isomatte-marineblau-190x58x6-cm","status":"publish","type":"product","link":"https:\/\/de-prime.com\/index.php\/product\/aufblasbare-isomatte-marineblau-190x58x6-cm\/","title":{"rendered":"Aufblasbare Isomatte Marineblau 190x58x6 cm"},"content":{"rendered":"<p>Diese aufblasbare Campingmatratze ist praktisch und bequem und somit perfekt f\u00fcr deine Outdoor-Aktivit\u00e4ten. Langlebig und wasserfest: Die aufblasbare Campingmatte besteht aus 40D-Nylon mit TPU-Beschichtung, wodurch sie langlebig, wasserfest und witterungsbest\u00e4ndig ist.Bequem: Die Campingmatte hat eine Dicke von 6 cm, um dich vor dem kalten, feuchten und unebenen Boden zu sch\u00fctzen. Sie passt sich ergonomisch und angenehm an die Konturen deines K\u00f6rpers an.Leicht aufzublasen: Die Camping-Schlafmatte wird durch 8 bis 12-maliges Aufblasen vollst\u00e4ndig geformt. \u00d6ffne das Ventil, um die Isomatte direkt aufzublasen bzw. sie vollst\u00e4ndig zu entleeren.Tragbar: Die Camping-Luftmatratze ist leicht und l\u00e4sst sich nach dem Zusammenrollen in der kompakten Tragetasche verstauen. Sie nimmt kaum Platz in Anspruch und eignet sich daher ideal f\u00fcr Reisen, Picknicks, Wanderungen und Camping. Gut zu wissen:Bitte wasche die Matte nur von Hand und halte sie von scharfen Gegenst\u00e4nden fern.<\/p>\n<ul>\n<li>Farbe: Marineblau<\/li>\n<li>Material: 40D-Nylon mit TPU-Beschichtung (Thermoplastisches Polyurethan)<\/li>\n<li>Abmessungen (aufgeblasen): 190 x 58 x 6 cm (L x B x H)<\/li>\n<li>Packma\u00df: 20 x 9,5 cm (L x Durchmesser)<\/li>\n<li>Gewicht: 550 g<\/li>\n<li>Fassungsverm\u00f6gen: 1 Person<\/li>\n<li>Tragf\u00e4higkeit: 200 kg<\/li>\n<li><strong>Lieferung umfasst:<\/strong><\/li>\n<li>1 x Campingmatratze, aufblasbar<\/li>\n<li>1 x Tragetasche<\/li>\n<li>2 x Reparatur-Aufkleber<\/li>\n<\/ul>\n","protected":false},"excerpt":{"rendered":"<ul>\n<li>Farbe: Marineblau<\/li>\n<li>Material: 40D-Nylon mit TPU-Beschichtung (Thermoplastisches Polyurethan)<\/li>\n<li>Abmessungen (aufgeblasen): 190 x 58 x 6 cm (L x B x H)<\/li>\n<li>Packma\u00df: 20 x 9,5 cm (L x Durchmesser)<\/li>\n<li>Gewicht: 550 g<\/li>\n<li>Fassungsverm\u00f6gen: 1 Person<\/li>\n<li>Tragf\u00e4higkeit: 200 kg<\/li>\n<li><strong>Lieferung umfasst:<\/strong><\/li>\n<li>1 x Campingmatratze, aufblasbar<\/li>\n<li>1 x Tragetasche<\/li>\n<li>2 x Reparatur-Aufkleber<\/li>\n<\/ul>\n","protected":false},"featured_media":10000055432,"comment_status":"closed","ping_status":"closed","template":"","meta":[],"product_brand":[],"product_cat":[6859,6911,6837,6836],"product_tag":[],"class_list":{"0":"post-55432","1":"product","2":"type-product","3":"status-publish","4":"has-post-thumbnail","6":"product_cat-camping-wandern","7":"product_cat-isomatten","8":"product_cat-outdoor-aktivitaeten","9":"product_cat-sportartikel","11":"first","12":"instock","13":"taxable","14":"shipping-taxable","15":"purchasable","16":"product-type-simple","17":"add-to-wishlist-after_add_to_cart"},"jetpack_sharing_enabled":true,"_links":{"self":[{"href":"https:\/\/de-prime.com\/index.php\/wp-json\/wp\/v2\/product\/55432","targetHints":{"allow":["GET"]}}],"collection":[{"href":"https:\/\/de-prime.com\/index.php\/wp-json\/wp\/v2\/product"}],"about":[{"href":"https:\/\/de-prime.com\/index.php\/wp-json\/wp\/v2\/types\/product"}],"replies":[{"embeddable":true,"href":"https:\/\/de-prime.com\/index.php\/wp-json\/wp\/v2\/comments?post=55432"}],"wp:featuredmedia":[{"embeddable":true,"href":"https:\/\/de-prime.com\/index.php\/wp-json\/"}],"wp:attachment":[{"href":"https:\/\/de-prime.com\/index.php\/wp-json\/wp\/v2\/media?parent=55432"}],"wp:term":[{"taxonomy":"product_brand","embeddable":true,"href":"https:\/\/de-prime.com\/index.php\/wp-json\/wp\/v2\/product_brand?post=55432"},{"taxonomy":"product_cat","embeddable":true,"href":"https:\/\/de-prime.com\/index.php\/wp-json\/wp\/v2\/product_cat?post=55432"},{"taxonomy":"product_tag","embeddable":true,"href":"https:\/\/de-prime.com\/index.php\/wp-json\/wp\/v2\/product_tag?post=55432"}],"curies":[{"name":"wp","href":"https:\/\/api.w.org\/{rel}","templated":true}]}}