{"id":55413,"date":"2024-10-01T16:11:39","date_gmt":"2024-10-01T16:11:39","guid":{"rendered":"https:\/\/de-prime.com\/?p=55413"},"modified":"2024-10-01T16:39:58","modified_gmt":"2024-10-01T16:39:58","slug":"selbstaufblasende-isomatte-mit-kissen-orange","status":"publish","type":"product","link":"https:\/\/de-prime.com\/index.php\/product\/selbstaufblasende-isomatte-mit-kissen-orange\/","title":{"rendered":"Selbstaufblasende Isomatte mit Kissen Orange"},"content":{"rendered":"<p>Diese praktische und bequeme selbstaufblasende Isomatte eignet sich perfekt f\u00fcr deine Aktivit\u00e4ten im Freien. Langlebig und wasserfest: Die selbstaufblasende Campingmatte besteht aus 40D-Nylon mit TPU-Beschichtung, wodurch sie langlebig, wasserfest und witterungsbest\u00e4ndig ist.Schnelles Aufblasen und Entleeren: Diese selbstaufblasende Schlafmatte ist mit einer Fu\u00dfpumpe ausgestattet und l\u00e4sst sich daher in nur 60-90 Sekunden schnell aufblasen. Das Entleeren ist ebenso einfach, da du lediglich den Stopfen entfernen, die Luft herausdr\u00fccken und die Matte zusammenfalten musst, um sie in ihrer Tragetasche zu verstauen.Tragbar: Die Camping-Luftmatratze ist leicht und l\u00e4sst sich nach dem Zusammenrollen in der kompakten Tragetasche verstauen. Sie nimmt kaum Platz in Anspruch und eignet sich daher ideal f\u00fcr Reisen, Picknicks, Wanderungen und Camping.Bequem: Die selbstaufblasende Isomatte hat eine Dicke von 10,5 cm, um dich vor dem kalten, feuchten und unebenen Boden zu sch\u00fctzen. Sie besitzt auch ein integriertes Kissen, um Nackenschmerzen zu vermeiden.Erweiterbar: Diese selbstaufblasende Isomatte l\u00e4sst sich mit einer zus\u00e4tzlichen Matte verbinden, um eine Doppelmatratze zu bilden. Gut zu wissen:Bitte wasche die Matte nur von Hand und halte sie von scharfen Gegenst\u00e4nden fern.<\/p>\n<ul>\n<li>Farbe: Orange<\/li>\n<li>Material: 40D-Nylon mit TPU-Beschichtung (Thermoplastisches Polyurethan)<\/li>\n<li>Abmessungen (aufgeblasen): 200 x 75 x 10,5 cm (L x B x T)<\/li>\n<li>Packma\u00df: 26,5 x 11 cm (L x Durchmesser)<\/li>\n<li>H\u00f6he des integrierten Kissens: 13,5 cm<\/li>\n<li>Gewicht: 960 g<\/li>\n<li>Fassungsverm\u00f6gen: 1 Person<\/li>\n<li>Tragf\u00e4higkeit: 200 kg<\/li>\n<li>Eingebaute Fu\u00dfpumpe<\/li>\n<li><strong>Lieferung umfasst:<\/strong><\/li>\n<li>1 x Selbstaufblasende Isomatte<\/li>\n<li>1 x Tragetasche<\/li>\n<li>2 x Reparatur-Aufkleber<\/li>\n<\/ul>\n","protected":false},"excerpt":{"rendered":"<ul>\n<li>Farbe: Orange<\/li>\n<li>Material: 40D-Nylon mit TPU-Beschichtung (Thermoplastisches Polyurethan)<\/li>\n<li>Abmessungen (aufgeblasen): 200 x 75 x 10,5 cm (L x B x T)<\/li>\n<li>Packma\u00df: 26,5 x 11 cm (L x Durchmesser)<\/li>\n<li>H\u00f6he des integrierten Kissens: 13,5 cm<\/li>\n<li>Gewicht: 960 g<\/li>\n<li>Fassungsverm\u00f6gen: 1 Person<\/li>\n<li>Tragf\u00e4higkeit: 200 kg<\/li>\n<li>Eingebaute Fu\u00dfpumpe<\/li>\n<li><strong>Lieferung umfasst:<\/strong><\/li>\n<li>1 x Selbstaufblasende Isomatte<\/li>\n<li>1 x Tragetasche<\/li>\n<li>2 x Reparatur-Aufkleber<\/li>\n<\/ul>\n","protected":false},"featured_media":10000055413,"comment_status":"closed","ping_status":"closed","template":"","meta":[],"product_brand":[],"product_cat":[6859,6911,6837,6836],"product_tag":[],"class_list":{"0":"post-55413","1":"product","2":"type-product","3":"status-publish","4":"has-post-thumbnail","6":"product_cat-camping-wandern","7":"product_cat-isomatten","8":"product_cat-outdoor-aktivitaeten","9":"product_cat-sportartikel","11":"first","12":"instock","13":"taxable","14":"shipping-taxable","15":"purchasable","16":"product-type-simple","17":"add-to-wishlist-after_add_to_cart"},"jetpack_sharing_enabled":true,"_links":{"self":[{"href":"https:\/\/de-prime.com\/index.php\/wp-json\/wp\/v2\/product\/55413","targetHints":{"allow":["GET"]}}],"collection":[{"href":"https:\/\/de-prime.com\/index.php\/wp-json\/wp\/v2\/product"}],"about":[{"href":"https:\/\/de-prime.com\/index.php\/wp-json\/wp\/v2\/types\/product"}],"replies":[{"embeddable":true,"href":"https:\/\/de-prime.com\/index.php\/wp-json\/wp\/v2\/comments?post=55413"}],"wp:featuredmedia":[{"embeddable":true,"href":"https:\/\/de-prime.com\/index.php\/wp-json\/"}],"wp:attachment":[{"href":"https:\/\/de-prime.com\/index.php\/wp-json\/wp\/v2\/media?parent=55413"}],"wp:term":[{"taxonomy":"product_brand","embeddable":true,"href":"https:\/\/de-prime.com\/index.php\/wp-json\/wp\/v2\/product_brand?post=55413"},{"taxonomy":"product_cat","embeddable":true,"href":"https:\/\/de-prime.com\/index.php\/wp-json\/wp\/v2\/product_cat?post=55413"},{"taxonomy":"product_tag","embeddable":true,"href":"https:\/\/de-prime.com\/index.php\/wp-json\/wp\/v2\/product_tag?post=55413"}],"curies":[{"name":"wp","href":"https:\/\/api.w.org\/{rel}","templated":true}]}}