{"id":55411,"date":"2024-10-01T16:11:39","date_gmt":"2024-10-01T16:11:39","guid":{"rendered":"https:\/\/de-prime.com\/?p=55411"},"modified":"2024-10-01T16:37:34","modified_gmt":"2024-10-01T16:37:34","slug":"step2-spieltisch-ball-buddies-truckin-and-rollin","status":"publish","type":"product","link":"https:\/\/de-prime.com\/index.php\/product\/step2-spieltisch-ball-buddies-truckin-and-rollin\/","title":{"rendered":"Step2 Spieltisch Ball Buddies Truckin and Rollin"},"content":{"rendered":"<p>Rauf und runter, und um die Kurve! Schicken Sie die Ball Buddies mit diesem Ball Buddies Truckin and Rollin Spieltisch von Step2 auf ihr n\u00e4chstes Abenteuer! Halten Sie den Ball Buddies Muldenkipper oben auf dem H\u00fcgel an, um Fracht aufzuladen und sie anschlie\u00dfend eine Runde auf der Strecke sausen zu lassen. Nehmen Sie eine Abk\u00fcrzung durch die Tunnel und setzen Sie sich unter die Schienen, um mit den Ausl\u00f6sehebeln einen Spielball fallen zu lassen. Features wie das Klick-Tor, Ball-Greifzangen und aufklappbare Ball-Fallt\u00fcrme fordern die Feinmotorik der Kleinen spielerisch heraus. Dar\u00fcber hinaus erm\u00f6glicht der Aktivit\u00e4tstisch spannende soziale Spiele. Da mehrere Kinder zugleich Truckin\u00b4 and Rollin\u00b4spielen k\u00f6nnen, \u00fcben sie das Teilen. Wenn der Spielspa\u00df vor\u00fcber ist, k\u00f6nnen Sie die zentralen Ballschienen als integrierte Aufbewahrung f\u00fcr die Spielb\u00e4lle nutzen. Im Lieferumfang sind ein Aktivit\u00e4tstisch-Gestell, zwei Ball Buddies LKWs, Ball-Greifzangen und zehn Spielb\u00e4lle enthalten.<\/p>\n<ul>\n<li>Farbe: Mehrfarbig<\/li>\n<li>Material: Roto-geformter Kunststoff<\/li>\n<li>Abmessungen: 57,8 x 90,2 x 68,6 cm (L x B x H)<\/li>\n<li>Zentrale Ballschiene mit Ausl\u00f6sehebel<\/li>\n<li>Eingebautes Staufach<\/li>\n<li>Empfohlenes Alter: ab 2 Jahren<\/li>\n<li><strong>Lieferung beinhaltet:<\/strong><\/li>\n<li>2 x Ball Buddies LKW<\/li>\n<li>10 x Ball<\/li>\n<li>1 x Ball-Greifzange<\/li>\n<li>WARNHINWEIS: Nur f\u00fcr den Hausgebrauch.<\/li>\n<li>WARNHINWEIS: Benutzung unter unmittelbarer Aufsicht von Erwachsenen.<\/li>\n<\/ul>\n","protected":false},"excerpt":{"rendered":"<ul>\n<li>Farbe: Mehrfarbig<\/li>\n<li>Material: Roto-geformter Kunststoff<\/li>\n<li>Abmessungen: 57,8 x 90,2 x 68,6 cm (L x B x H)<\/li>\n<li>Zentrale Ballschiene mit Ausl\u00f6sehebel<\/li>\n<li>Eingebautes Staufach<\/li>\n<li>Empfohlenes Alter: ab 2 Jahren<\/li>\n<li><strong>Lieferung beinhaltet:<\/strong><\/li>\n<li>2 x Ball Buddies LKW<\/li>\n<li>10 x Ball<\/li>\n<li>1 x Ball-Greifzange<\/li>\n<li>WARNHINWEIS: Nur f\u00fcr den Hausgebrauch.<\/li>\n<li>WARNHINWEIS: Benutzung unter unmittelbarer Aufsicht von Erwachsenen.<\/li>\n<\/ul>\n","protected":false},"featured_media":10000055411,"comment_status":"closed","ping_status":"closed","template":"","meta":[],"product_brand":[],"product_cat":[5557,6853,6852],"product_tag":[],"class_list":{"0":"post-55411","1":"product","2":"type-product","3":"status-publish","4":"has-post-thumbnail","6":"product_cat-interaktives-spielzeug","7":"product_cat-spielzeuge","8":"product_cat-spielzeuge-spiele","10":"first","11":"outofstock","12":"taxable","13":"shipping-taxable","14":"purchasable","15":"product-type-simple","16":"add-to-wishlist-after_add_to_cart"},"jetpack_sharing_enabled":true,"_links":{"self":[{"href":"https:\/\/de-prime.com\/index.php\/wp-json\/wp\/v2\/product\/55411","targetHints":{"allow":["GET"]}}],"collection":[{"href":"https:\/\/de-prime.com\/index.php\/wp-json\/wp\/v2\/product"}],"about":[{"href":"https:\/\/de-prime.com\/index.php\/wp-json\/wp\/v2\/types\/product"}],"replies":[{"embeddable":true,"href":"https:\/\/de-prime.com\/index.php\/wp-json\/wp\/v2\/comments?post=55411"}],"wp:featuredmedia":[{"embeddable":true,"href":"https:\/\/de-prime.com\/index.php\/wp-json\/"}],"wp:attachment":[{"href":"https:\/\/de-prime.com\/index.php\/wp-json\/wp\/v2\/media?parent=55411"}],"wp:term":[{"taxonomy":"product_brand","embeddable":true,"href":"https:\/\/de-prime.com\/index.php\/wp-json\/wp\/v2\/product_brand?post=55411"},{"taxonomy":"product_cat","embeddable":true,"href":"https:\/\/de-prime.com\/index.php\/wp-json\/wp\/v2\/product_cat?post=55411"},{"taxonomy":"product_tag","embeddable":true,"href":"https:\/\/de-prime.com\/index.php\/wp-json\/wp\/v2\/product_tag?post=55411"}],"curies":[{"name":"wp","href":"https:\/\/api.w.org\/{rel}","templated":true}]}}