{"id":55408,"date":"2024-10-01T16:11:39","date_gmt":"2024-10-01T16:11:39","guid":{"rendered":"https:\/\/de-prime.com\/?p=55408"},"modified":"2024-10-01T16:40:41","modified_gmt":"2024-10-01T16:40:41","slug":"3-fuss-mini-billardtisch-92x52x19-cm-braun-und-gruen","status":"publish","type":"product","link":"https:\/\/de-prime.com\/index.php\/product\/3-fuss-mini-billardtisch-92x52x19-cm-braun-und-gruen\/","title":{"rendered":"3-Fu\u00df-Mini-Billardtisch 92\u00d752\u00d719 cm Braun und Gr\u00fcn"},"content":{"rendered":"<p>Dieser Mini-Billardtisch ist ein Muss f\u00fcr jeden Billardfan, der keinen Platz f\u00fcr einen gro\u00dfen Tisch hat. Es kann auf jede herk\u00f6mmliche Tischplatte gelegt werden und schon kann das Spiel beginnen! Der Billardtisch aus hochwertiger MDF-Platte ist \u00fcberaus stabil und f\u00fcr den Langzeitgebrauch gedacht. Dieser Spieltisch eignet sich besonders f\u00fcr Einsteiger, die sich mit den Regeln des Spiels vertraut machen m\u00f6chten. Wenn es nicht gebraucht wird, k\u00f6nnen Sie es einfach in der Ecke platzsparend aufbewahren. Dieses lustige Spiel-Set enth\u00e4lt 1 Billardtisch, 1 Dreieck, 16 Kugeln, 2 Billiardst\u00f6cke sowie 2 Kreiden.<\/p>\n<ul>\n<li>Farbe: Braun und Gr\u00fcn<\/li>\n<li>Material: MDF<\/li>\n<li>Abmessungen: 92 x 52 x 19 cm (L x B x H)<\/li>\n<li>Spielfeldgr\u00f6\u00dfe: 86 x 46 cm (L x B)<\/li>\n<li>Mit 6 Taschen f\u00fcr versenkte Kugeln<\/li>\n<li>Kann auf jede normale Tischplatte gestellt werden<\/li>\n<li>Geeignetes Alter: ab 6 Jahren<\/li>\n<li><strong>Lieferung beinhaltet:<\/strong> <\/li>\n<li>1 x Billardtisch<\/li>\n<li>1 x Dreieck<\/li>\n<li>1 x Billardkugelset<\/li>\n<li>2 x Billiardqueue<\/li>\n<li>2 x Kreide<\/li>\n<\/ul>\n","protected":false},"excerpt":{"rendered":"<ul>\n<li>Farbe: Braun und Gr\u00fcn<\/li>\n<li>Material: MDF<\/li>\n<li>Abmessungen: 92 x 52 x 19 cm (L x B x H)<\/li>\n<li>Spielfeldgr\u00f6\u00dfe: 86 x 46 cm (L x B)<\/li>\n<li>Mit 6 Taschen f\u00fcr versenkte Kugeln<\/li>\n<li>Kann auf jede normale Tischplatte gestellt werden<\/li>\n<li>Geeignetes Alter: ab 6 Jahren<\/li>\n<li><strong>Lieferung beinhaltet:<\/strong> <\/li>\n<li>1 x Billardtisch<\/li>\n<li>1 x Dreieck<\/li>\n<li>1 x Billardkugelset<\/li>\n<li>2 x Billiardqueue<\/li>\n<li>2 x Kreide<\/li>\n<\/ul>\n","protected":false},"featured_media":10000055408,"comment_status":"closed","ping_status":"closed","template":"","meta":[],"product_brand":[],"product_cat":[6909,6870,6910,6836],"product_tag":[],"class_list":{"0":"post-55408","1":"product","2":"type-product","3":"status-publish","4":"has-post-thumbnail","6":"product_cat-billard","7":"product_cat-indoor-aktivitaeten","8":"product_cat-indoor-aktivitaeten-billard","9":"product_cat-sportartikel","11":"first","12":"instock","13":"taxable","14":"shipping-taxable","15":"purchasable","16":"product-type-simple","17":"add-to-wishlist-after_add_to_cart"},"jetpack_sharing_enabled":true,"_links":{"self":[{"href":"https:\/\/de-prime.com\/index.php\/wp-json\/wp\/v2\/product\/55408","targetHints":{"allow":["GET"]}}],"collection":[{"href":"https:\/\/de-prime.com\/index.php\/wp-json\/wp\/v2\/product"}],"about":[{"href":"https:\/\/de-prime.com\/index.php\/wp-json\/wp\/v2\/types\/product"}],"replies":[{"embeddable":true,"href":"https:\/\/de-prime.com\/index.php\/wp-json\/wp\/v2\/comments?post=55408"}],"wp:featuredmedia":[{"embeddable":true,"href":"https:\/\/de-prime.com\/index.php\/wp-json\/"}],"wp:attachment":[{"href":"https:\/\/de-prime.com\/index.php\/wp-json\/wp\/v2\/media?parent=55408"}],"wp:term":[{"taxonomy":"product_brand","embeddable":true,"href":"https:\/\/de-prime.com\/index.php\/wp-json\/wp\/v2\/product_brand?post=55408"},{"taxonomy":"product_cat","embeddable":true,"href":"https:\/\/de-prime.com\/index.php\/wp-json\/wp\/v2\/product_cat?post=55408"},{"taxonomy":"product_tag","embeddable":true,"href":"https:\/\/de-prime.com\/index.php\/wp-json\/wp\/v2\/product_tag?post=55408"}],"curies":[{"name":"wp","href":"https:\/\/api.w.org\/{rel}","templated":true}]}}