{"id":55405,"date":"2024-10-01T16:11:39","date_gmt":"2024-10-01T16:11:39","guid":{"rendered":"https:\/\/de-prime.com\/?p=55405"},"modified":"2024-10-01T16:37:37","modified_gmt":"2024-10-01T16:37:37","slug":"15-in-1-multigame-tisch-121x61x82-cm-schwarz","status":"publish","type":"product","link":"https:\/\/de-prime.com\/index.php\/product\/15-in-1-multigame-tisch-121x61x82-cm-schwarz\/","title":{"rendered":"15-in-1 Multigame-Tisch 121\u00d761\u00d782 cm Schwarz"},"content":{"rendered":"<p>Dieser sehr komplette 15-in-1-Multigame-Tisch bringt definitiv eine Menge Spa\u00df in Ihren Spielraum. Es wird Ihre Kinder sicherlich stundenlang unterhalten! Es gibt 15 Spiele, darunter Schach, Dame, Backgammon, Tischtennis, Mischen, Hockey, Eisstockschie\u00dfen, Bowling, Fu\u00dfball, Billard, Ringwurf, Hufeisen, Tic-Tac-Toe, Spielkarten und Schl\u00e4gerhockey. Au\u00dferdem ist das Spielzubeh\u00f6r wie Billard, Tischtennisb\u00e4lle und Spielkarten mit dabei. Es ist einfach zu bedienen und die Spielfelder lassen sich einfach austauschen. Dank seiner einzigartigen Form und der robusten Beine ist es stabil und langlebig. Spielen Sie Spiele mit Ihren Freunden oder Kindern auf der Hausparty, um grenzenlosen Spa\u00df zu genie\u00dfen. Dieser vielseitige 15-in-1 Spieltisch ist die perfekte Wahl f\u00fcr Spieleliebhaber.<\/p>\n<ul>\n<li>Farbe: Schwarz <\/li>\n<li>Material: MDF<\/li>\n<li>Gesamtma\u00dfe: 121 x 61 x 82 cm (L x B x H)<\/li>\n<li>Gewicht (ungef\u00e4hr): 25 kg<\/li>\n<li>15 Spiele sind enthalten<\/li>\n<li>Alle Spielzubeh\u00f6rteile sind enthalten <\/li>\n<li>Einfach zu bedienen und von einem Spiel zum anderen zu konvertieren<\/li>\n<li>Fu\u00dfballtisch (inkl. 2 B\u00e4lle)<\/li>\n<li>Billardtisch (beinhaltet 2 Queues, Billardkugeln, Kreide, Dreieck und Pinsel)<\/li>\n<li>Tischtennis (beinhaltet 2 Tischtennisschl\u00e4ger, 2 B\u00e4lle, Netz)<\/li>\n<li>Speedhockey (beinhaltet 2 Hockeyschieber und 2 Pucks)<\/li>\n<li>\n<li>Bowling (einschlie\u00dflich Kegel)<\/li>\n<\/li>\n<li>Schach (beinhaltet Schachspiel)<\/li>\n<li>Checker (beinhaltet Checker-Set)<\/li>\n<li>Shuffleboard (beinhaltet Shuffleball)<\/li>\n<li>Curling (einschlie\u00dflich Scheiben)<\/li>\n<li>Poker (beinhaltet Karten)<\/li>\n<li>Tic-Tac-Toe (beinhaltet Tic-Tac-Toe)<\/li>\n<li>Hufeisen (inkl. Hufeisen)<\/li>\n<li>Ringwurf (inkl. Wurfringset)<\/li>\n<li>Backgammon (beinhaltet Backgammon-Set)<\/li>\n<li>Stock-Hocke (inkl. Hockeyschl\u00e4ger)<\/li>\n<li>Erstickungsgefahr: kleine B\u00e4lle<\/li>\n<li>F\u00fcr Kinder ab 6 Jahren geeignet<\/li>\n<li>WARNHINWEIS: Nicht f\u00fcr Kinder unter 36 Monaten geeignet.<\/li>\n<\/ul>\n","protected":false},"excerpt":{"rendered":"<ul>\n<li>Farbe: Schwarz <\/li>\n<li>Material: MDF<\/li>\n<li>Gesamtma\u00dfe: 121 x 61 x 82 cm (L x B x H)<\/li>\n<li>Gewicht (ungef\u00e4hr): 25 kg<\/li>\n<li>15 Spiele sind enthalten<\/li>\n<li>Alle Spielzubeh\u00f6rteile sind enthalten <\/li>\n<li>Einfach zu bedienen und von einem Spiel zum anderen zu konvertieren<\/li>\n<li>Fu\u00dfballtisch (inkl. 2 B\u00e4lle)<\/li>\n<li>Billardtisch (beinhaltet 2 Queues, Billardkugeln, Kreide, Dreieck und Pinsel)<\/li>\n<li>Tischtennis (beinhaltet 2 Tischtennisschl\u00e4ger, 2 B\u00e4lle, Netz)<\/li>\n<li>Speedhockey (beinhaltet 2 Hockeyschieber und 2 Pucks)<\/li>\n<li>\n<li>Bowling (einschlie\u00dflich Kegel)<\/li>\n<\/li>\n<li>Schach (beinhaltet Schachspiel)<\/li>\n<li>Checker (beinhaltet Checker-Set)<\/li>\n<li>Shuffleboard (beinhaltet Shuffleball)<\/li>\n<li>Curling (einschlie\u00dflich Scheiben)<\/li>\n<li>Poker (beinhaltet Karten)<\/li>\n<li>Tic-Tac-Toe (beinhaltet Tic-Tac-Toe)<\/li>\n<li>Hufeisen (inkl. Hufeisen)<\/li>\n<li>Ringwurf (inkl. Wurfringset)<\/li>\n<li>Backgammon (beinhaltet Backgammon-Set)<\/li>\n<li>Stock-Hocke (inkl. Hockeyschl\u00e4ger)<\/li>\n<li>Erstickungsgefahr: kleine B\u00e4lle<\/li>\n<li>F\u00fcr Kinder ab 6 Jahren geeignet<\/li>\n<li>WARNHINWEIS: Nicht f\u00fcr Kinder unter 36 Monaten geeignet.<\/li>\n<\/ul>\n","protected":false},"featured_media":10000055405,"comment_status":"closed","ping_status":"closed","template":"","meta":[],"product_brand":[],"product_cat":[6870,6836],"product_tag":[],"class_list":{"0":"post-55405","1":"product","2":"type-product","3":"status-publish","4":"has-post-thumbnail","6":"product_cat-indoor-aktivitaeten","7":"product_cat-sportartikel","9":"first","10":"outofstock","11":"taxable","12":"shipping-taxable","13":"purchasable","14":"product-type-simple","15":"add-to-wishlist-after_add_to_cart"},"jetpack_sharing_enabled":true,"_links":{"self":[{"href":"https:\/\/de-prime.com\/index.php\/wp-json\/wp\/v2\/product\/55405","targetHints":{"allow":["GET"]}}],"collection":[{"href":"https:\/\/de-prime.com\/index.php\/wp-json\/wp\/v2\/product"}],"about":[{"href":"https:\/\/de-prime.com\/index.php\/wp-json\/wp\/v2\/types\/product"}],"replies":[{"embeddable":true,"href":"https:\/\/de-prime.com\/index.php\/wp-json\/wp\/v2\/comments?post=55405"}],"wp:featuredmedia":[{"embeddable":true,"href":"https:\/\/de-prime.com\/index.php\/wp-json\/"}],"wp:attachment":[{"href":"https:\/\/de-prime.com\/index.php\/wp-json\/wp\/v2\/media?parent=55405"}],"wp:term":[{"taxonomy":"product_brand","embeddable":true,"href":"https:\/\/de-prime.com\/index.php\/wp-json\/wp\/v2\/product_brand?post=55405"},{"taxonomy":"product_cat","embeddable":true,"href":"https:\/\/de-prime.com\/index.php\/wp-json\/wp\/v2\/product_cat?post=55405"},{"taxonomy":"product_tag","embeddable":true,"href":"https:\/\/de-prime.com\/index.php\/wp-json\/wp\/v2\/product_tag?post=55405"}],"curies":[{"name":"wp","href":"https:\/\/api.w.org\/{rel}","templated":true}]}}