{"id":55402,"date":"2024-10-01T16:11:38","date_gmt":"2024-10-01T16:11:38","guid":{"rendered":"https:\/\/de-prime.com\/?p=55402"},"modified":"2024-10-01T16:40:32","modified_gmt":"2024-10-01T16:40:32","slug":"avenue-mandarine-3d-landschaftspuzzle-school","status":"publish","type":"product","link":"https:\/\/de-prime.com\/index.php\/product\/avenue-mandarine-3d-landschaftspuzzle-school\/","title":{"rendered":"Avenue Mandarine 3D Landschaftspuzzle School"},"content":{"rendered":"<p>Mit dem 3D-Landschaftspuzzle School von Avenue Mandarine k\u00f6nnen deine Kleinen ihre F\u00e4higkeiten unter Beweis stellen! Es zeigt eine Schulszene in bezaubernden Farben und niedlichen Figuren. Einfach zusammenzubauen: Die Schuldeko aus Pappe l\u00e4sst sich ganz einfach aufstellen; sie ist der fabelhafte Ort, an dem die ganze Magie passiert. Genie\u00dfe diese sch\u00f6ne Schul-Atmosph\u00e4re!Leicht zu transportierendes Kofferformat: Dieses Kinderpuzzle wird in einem Koffer geliefert und ist sehr leicht zu transportieren. Du kannst auch unterwegs mit dem Puzzle spielen.Enth\u00e4lt ein Dekor und mehrere Figuren: Dieses 3D-Puzzle enth\u00e4lt eine Szene zum Bauen und ein paar niedliche Figuren.Ideal f\u00fcr die Entwicklung von Fantasie und Kreativit\u00e4t: Das 3D-Kinderpuzzle sorgt daf\u00fcr, dass deine Kleinen ihre Fantasie und Kreativit\u00e4t entwickeln und dabei jede Menge Spa\u00df haben.<\/p>\n<ul>\n<li>Farbe: Mehrfarbig<\/li>\n<li>Material: Karton<\/li>\n<li>Ma\u00dfe: 40 x 6,2 x 30 cm (B x T x H)<\/li>\n<li>Unterhaltsames 3D-Puzzle f\u00fcr Kinder mit Schule und 5 Spielfiguren<\/li>\n<li>Leicht zu tragendes Kofferformat<\/li>\n<li>Empfohlenes Alter: 4 Jahre und \u00e4lter<\/li>\n<p><strong>Lieferung umfasst<\/strong>:<\/p>\n<li>1 x Landschaftspuzzle<\/li>\n<li>5 x Charakter (zum Basteln)<\/li>\n<li>1 x Accessoire<\/li>\n<li>WARNHINWEIS: Nicht f\u00fcr Kinder unter 36 Monaten geeignet.<\/li>\n<\/ul>\n","protected":false},"excerpt":{"rendered":"<ul>\n<li>Farbe: Mehrfarbig<\/li>\n<li>Material: Karton<\/li>\n<li>Ma\u00dfe: 40 x 6,2 x 30 cm (B x T x H)<\/li>\n<li>Unterhaltsames 3D-Puzzle f\u00fcr Kinder mit Schule und 5 Spielfiguren<\/li>\n<li>Leicht zu tragendes Kofferformat<\/li>\n<li>Empfohlenes Alter: 4 Jahre und \u00e4lter<\/li>\n<p><strong>Lieferung umfasst<\/strong>:<\/p>\n<li>1 x Landschaftspuzzle<\/li>\n<li>5 x Charakter (zum Basteln)<\/li>\n<li>1 x Accessoire<\/li>\n<li>WARNHINWEIS: Nicht f\u00fcr Kinder unter 36 Monaten geeignet.<\/li>\n<\/ul>\n","protected":false},"featured_media":10000055402,"comment_status":"closed","ping_status":"closed","template":"","meta":[],"product_brand":[],"product_cat":[6147,6908,6852],"product_tag":[],"class_list":{"0":"post-55402","1":"product","2":"type-product","3":"status-publish","4":"has-post-thumbnail","6":"product_cat-holzsteckpuzzle","7":"product_cat-puzzles-geduldspiele","8":"product_cat-spielzeuge-spiele","10":"first","11":"outofstock","12":"taxable","13":"shipping-taxable","14":"purchasable","15":"product-type-simple","16":"add-to-wishlist-after_add_to_cart"},"jetpack_sharing_enabled":true,"_links":{"self":[{"href":"https:\/\/de-prime.com\/index.php\/wp-json\/wp\/v2\/product\/55402","targetHints":{"allow":["GET"]}}],"collection":[{"href":"https:\/\/de-prime.com\/index.php\/wp-json\/wp\/v2\/product"}],"about":[{"href":"https:\/\/de-prime.com\/index.php\/wp-json\/wp\/v2\/types\/product"}],"replies":[{"embeddable":true,"href":"https:\/\/de-prime.com\/index.php\/wp-json\/wp\/v2\/comments?post=55402"}],"wp:featuredmedia":[{"embeddable":true,"href":"https:\/\/de-prime.com\/index.php\/wp-json\/"}],"wp:attachment":[{"href":"https:\/\/de-prime.com\/index.php\/wp-json\/wp\/v2\/media?parent=55402"}],"wp:term":[{"taxonomy":"product_brand","embeddable":true,"href":"https:\/\/de-prime.com\/index.php\/wp-json\/wp\/v2\/product_brand?post=55402"},{"taxonomy":"product_cat","embeddable":true,"href":"https:\/\/de-prime.com\/index.php\/wp-json\/wp\/v2\/product_cat?post=55402"},{"taxonomy":"product_tag","embeddable":true,"href":"https:\/\/de-prime.com\/index.php\/wp-json\/wp\/v2\/product_tag?post=55402"}],"curies":[{"name":"wp","href":"https:\/\/api.w.org\/{rel}","templated":true}]}}