{"id":55401,"date":"2024-10-01T16:11:38","date_gmt":"2024-10-01T16:11:38","guid":{"rendered":"https:\/\/de-prime.com\/?p=55401"},"modified":"2024-10-01T16:39:47","modified_gmt":"2024-10-01T16:39:47","slug":"150-tlg-holzbausteine-set-kiefer-massivholz","status":"publish","type":"product","link":"https:\/\/de-prime.com\/index.php\/product\/150-tlg-holzbausteine-set-kiefer-massivholz\/","title":{"rendered":"150-tlg. Holzbausteine-Set Kiefer Massivholz"},"content":{"rendered":"<p>Dieses Baukl\u00f6tze-Set aus Holz hilft Kindern, ihre motorischen F\u00e4higkeiten und ihre Hand-Augen-Koordination zu entwickeln sowie Geduld, logisches Denken und Probleml\u00f6sungsf\u00e4higkeiten zu erlernen. Die Baukl\u00f6tze sind aus Kiefer-Massivholz gefertigt, haben abgerundete Kanten und eine glatte Oberfl\u00e4che, was sie f\u00fcr Kinder absolut sicher macht. Im Lieferumfang sind 78 naturfarbene und 72 bunte Holzbausteine enthalten, die den Kleinen endlosen Spa\u00df am Bauen, Z\u00e4hlen und Rechnen bieten. Die Holzbaukl\u00f6tze k\u00f6nnen nach der Spielzeit in der mitgelieferten Aufbewahrungsbox aufbewahrt werden. Dieses kreative Bauspielzeug-Set f\u00fcr fantasievolles Spielen ist ideal f\u00fcr die Einf\u00fchrung fr\u00fcher mathematischer Konzepte, einschlie\u00dflich Formen, Teile-zu-Ganzem und Sortieren.<\/p>\n<ul>\n<li>Farbe: Mehrfarbig<\/li>\n<li>Material: Massives Kiefernholz<\/li>\n<li>Jeder Bauklotz: 10 x 2 cm (L x B)<\/li>\n<li><strong>Lieferung enth\u00e4lt:<\/strong><\/li>\n<li>78 x Baustein aus nat\u00fcrlichem Material<\/li>\n<li>12 x Baustein, wei\u00df<\/li>\n<li>12 x Baustein, rot<\/li>\n<li>12 x Baustein, rosa<\/li>\n<li>12 x Baustein, blau<\/li>\n<li>12 x Baustein, gelb<\/li>\n<li>12 x Baustein, gr\u00fcn<\/li>\n<li>WARNHINWEIS: Nicht f\u00fcr Kinder unter 36 Monaten geeignet.<\/li>\n<\/ul>\n","protected":false},"excerpt":{"rendered":"<ul>\n<li>Farbe: Mehrfarbig<\/li>\n<li>Material: Massives Kiefernholz<\/li>\n<li>Jeder Bauklotz: 10 x 2 cm (L x B)<\/li>\n<li><strong>Lieferung enth\u00e4lt:<\/strong><\/li>\n<li>78 x Baustein aus nat\u00fcrlichem Material<\/li>\n<li>12 x Baustein, wei\u00df<\/li>\n<li>12 x Baustein, rot<\/li>\n<li>12 x Baustein, rosa<\/li>\n<li>12 x Baustein, blau<\/li>\n<li>12 x Baustein, gelb<\/li>\n<li>12 x Baustein, gr\u00fcn<\/li>\n<li>WARNHINWEIS: Nicht f\u00fcr Kinder unter 36 Monaten geeignet.<\/li>\n<\/ul>\n","protected":false},"featured_media":10000055401,"comment_status":"closed","ping_status":"closed","template":"","meta":[],"product_brand":[],"product_cat":[6145,6907,6853,6852],"product_tag":[],"class_list":{"0":"post-55401","1":"product","2":"type-product","3":"status-publish","4":"has-post-thumbnail","6":"product_cat-holzbausteine","7":"product_cat-konstruktions-bau-spielzeuge","8":"product_cat-spielzeuge","9":"product_cat-spielzeuge-spiele","11":"first","12":"outofstock","13":"taxable","14":"shipping-taxable","15":"purchasable","16":"product-type-simple","17":"add-to-wishlist-after_add_to_cart"},"jetpack_sharing_enabled":true,"_links":{"self":[{"href":"https:\/\/de-prime.com\/index.php\/wp-json\/wp\/v2\/product\/55401","targetHints":{"allow":["GET"]}}],"collection":[{"href":"https:\/\/de-prime.com\/index.php\/wp-json\/wp\/v2\/product"}],"about":[{"href":"https:\/\/de-prime.com\/index.php\/wp-json\/wp\/v2\/types\/product"}],"replies":[{"embeddable":true,"href":"https:\/\/de-prime.com\/index.php\/wp-json\/wp\/v2\/comments?post=55401"}],"wp:featuredmedia":[{"embeddable":true,"href":"https:\/\/de-prime.com\/index.php\/wp-json\/"}],"wp:attachment":[{"href":"https:\/\/de-prime.com\/index.php\/wp-json\/wp\/v2\/media?parent=55401"}],"wp:term":[{"taxonomy":"product_brand","embeddable":true,"href":"https:\/\/de-prime.com\/index.php\/wp-json\/wp\/v2\/product_brand?post=55401"},{"taxonomy":"product_cat","embeddable":true,"href":"https:\/\/de-prime.com\/index.php\/wp-json\/wp\/v2\/product_cat?post=55401"},{"taxonomy":"product_tag","embeddable":true,"href":"https:\/\/de-prime.com\/index.php\/wp-json\/wp\/v2\/product_tag?post=55401"}],"curies":[{"name":"wp","href":"https:\/\/api.w.org\/{rel}","templated":true}]}}