{"id":55400,"date":"2024-10-01T16:11:38","date_gmt":"2024-10-01T16:11:38","guid":{"rendered":"https:\/\/de-prime.com\/?p=55400"},"modified":"2024-10-01T16:39:51","modified_gmt":"2024-10-01T16:39:51","slug":"hockeytor-mit-netz-rot-schwarz-68x32x47-cm-stahl-polyester","status":"publish","type":"product","link":"https:\/\/de-prime.com\/index.php\/product\/hockeytor-mit-netz-rot-schwarz-68x32x47-cm-stahl-polyester\/","title":{"rendered":"Hockeytor mit Netz Rot &#038; Schwarz 68x32x47 cm Stahl &#038; Polyester"},"content":{"rendered":"<p>Dieses Hockeytor mit Netz, das Stil und Funktionalit\u00e4t vereint, ist die ideale Trainingshilfe f\u00fcr Spieler aller Spielst\u00e4rken, um ihre F\u00e4higkeiten zu trainieren. Langlebiges Material: Das Netz ist aus Polyester gefertigt. Polyester ist ein synthetisches Material, das f\u00fcr seinen hohen UV-Schutz und seine Rei\u00dffestigkeit bekannt ist. Polyester ist wasserfest, was es zur perfekten Wahl f\u00fcr feuchte oder regnerische Umgebungen macht. Es l\u00e4sst sich auch einfach reinigen.Robuste Struktur: Der pulverbeschichtete Stahlrahmen verleiht dem Hockeytor Stabilit\u00e4t und Robustheit und gew\u00e4hrleistet eine lange Lebensdauer.Breite Anwendungen: Das Trainingsger\u00e4t ist f\u00fcr Erwachsene konzipiert, um Spiele zu spielen oder Wettbewerbe zu veranstalten. Es kann im Hinterhof, auf dem Rasen, im Garten, am Sandstrand oder auf jedem Feld verwendet werden. Gut zu wissen:Um die Montage so einfach wie m\u00f6glich zu machen, wird jedes Produkt mit einer Anleitung geliefert.<\/p>\n<ul>\n<li>Farbe: Rot und Schwarz<\/li>\n<li>Rahmenmaterial: Pulverbeschichteter Stahl<\/li>\n<li>Netzmaterial: Polyester<\/li>\n<li>Abmessungen: 68 x 32 x 47 cm (L x B x H)<\/li>\n<\/ul>\n","protected":false},"excerpt":{"rendered":"<ul>\n<li>Farbe: Rot und Schwarz<\/li>\n<li>Rahmenmaterial: Pulverbeschichteter Stahl<\/li>\n<li>Netzmaterial: Polyester<\/li>\n<li>Abmessungen: 68 x 32 x 47 cm (L x B x H)<\/li>\n<\/ul>\n","protected":false},"featured_media":10000055400,"comment_status":"closed","ping_status":"closed","template":"","meta":[],"product_brand":[],"product_cat":[6848,6905,6906,6836],"product_tag":[],"class_list":{"0":"post-55400","1":"product","2":"type-product","3":"status-publish","4":"has-post-thumbnail","6":"product_cat-athletik","7":"product_cat-eiskunstlauf-hockey","8":"product_cat-hockeytore","9":"product_cat-sportartikel","11":"first","12":"outofstock","13":"taxable","14":"shipping-taxable","15":"purchasable","16":"product-type-simple","17":"add-to-wishlist-after_add_to_cart"},"jetpack_sharing_enabled":true,"_links":{"self":[{"href":"https:\/\/de-prime.com\/index.php\/wp-json\/wp\/v2\/product\/55400","targetHints":{"allow":["GET"]}}],"collection":[{"href":"https:\/\/de-prime.com\/index.php\/wp-json\/wp\/v2\/product"}],"about":[{"href":"https:\/\/de-prime.com\/index.php\/wp-json\/wp\/v2\/types\/product"}],"replies":[{"embeddable":true,"href":"https:\/\/de-prime.com\/index.php\/wp-json\/wp\/v2\/comments?post=55400"}],"wp:featuredmedia":[{"embeddable":true,"href":"https:\/\/de-prime.com\/index.php\/wp-json\/"}],"wp:attachment":[{"href":"https:\/\/de-prime.com\/index.php\/wp-json\/wp\/v2\/media?parent=55400"}],"wp:term":[{"taxonomy":"product_brand","embeddable":true,"href":"https:\/\/de-prime.com\/index.php\/wp-json\/wp\/v2\/product_brand?post=55400"},{"taxonomy":"product_cat","embeddable":true,"href":"https:\/\/de-prime.com\/index.php\/wp-json\/wp\/v2\/product_cat?post=55400"},{"taxonomy":"product_tag","embeddable":true,"href":"https:\/\/de-prime.com\/index.php\/wp-json\/wp\/v2\/product_tag?post=55400"}],"curies":[{"name":"wp","href":"https:\/\/api.w.org\/{rel}","templated":true}]}}