{"id":55384,"date":"2024-10-01T16:11:37","date_gmt":"2024-10-01T16:11:37","guid":{"rendered":"https:\/\/de-prime.com\/?p=55384"},"modified":"2024-10-01T16:42:26","modified_gmt":"2024-10-01T16:42:26","slug":"pedaltrainer-fuer-beine-und-arme-mit-lcd-display","status":"publish","type":"product","link":"https:\/\/de-prime.com\/index.php\/product\/pedaltrainer-fuer-beine-und-arme-mit-lcd-display\/","title":{"rendered":"Pedaltrainer f\u00fcr Beine und Arme mit LCD-Display"},"content":{"rendered":"<p>Bringe diesen Pedaltrainer in dein Zuhause, um jederzeit und \u00fcberall nach Herzenslust zu trainieren! Robust und stabil: Stahl \u00fcberzeugt durch seine Festigkeit, Haltbarkeit und Korrosionsbest\u00e4ndigkeit, was ihn zur idealen Wahl f\u00fcr verschiedene Anwendungen macht, einschlie\u00dflich der M\u00f6belherstellung und des M\u00f6belbaus.Multifunktionales LCD-Display: Dieser Pedaltrainer ist mit einem gro\u00dfen und \u00fcbersichtlichen multifunktionalen digitalen LCD-Display ausgestattet, das Zeit, Z\u00e4hldaten, Geschwindigkeit und Kalorienverbrauch anzeigt. Alle Daten k\u00f6nnen mithilfe der Scanfunktion automatisch abwechselnd angezeigt werden. Einstellbarer Widerstand: \u00dcber den Spannknopf kannst du die Intensit\u00e4t des Trainings an all deine Bed\u00fcrfnisse anpassen. Klappdesign: Der Pedaltrainer l\u00e4sst sich einfach zusammenklappen und daher bequem verstauen und transportieren.<\/p>\n<ul>\n<li>Farbe: Schwarz und Grau<\/li>\n<li>Material: Stahl, Kunststoff<\/li>\n<li>Abmessung: 49 x 37 x 36 cm (L x B x H)<\/li>\n<li>Maximales Benutzergewicht: 100 kg<\/li>\n<li>Gewicht: 2,5 kg<\/li>\n<li>Widerstandsstufe l\u00e4sst sich \u00fcber Knopf einstellen<\/li>\n<li>LCD-Display: Zeit, Anzahl, Kalorienverbrauch, Geschwindigkeit, Scan<\/li>\n<li>Faltbar: Ja<\/li>\n<li>Zusammenbau erforderlich: Ja<\/li>\n<\/ul>\n","protected":false},"excerpt":{"rendered":"<ul>\n<li>Farbe: Schwarz und Grau<\/li>\n<li>Material: Stahl, Kunststoff<\/li>\n<li>Abmessung: 49 x 37 x 36 cm (L x B x H)<\/li>\n<li>Maximales Benutzergewicht: 100 kg<\/li>\n<li>Gewicht: 2,5 kg<\/li>\n<li>Widerstandsstufe l\u00e4sst sich \u00fcber Knopf einstellen<\/li>\n<li>LCD-Display: Zeit, Anzahl, Kalorienverbrauch, Geschwindigkeit, Scan<\/li>\n<li>Faltbar: Ja<\/li>\n<li>Zusammenbau erforderlich: Ja<\/li>\n<\/ul>\n","protected":false},"featured_media":10000055384,"comment_status":"closed","ping_status":"closed","template":"","meta":[],"product_brand":[],"product_cat":[6901,6902,6846,6903,6836],"product_tag":[],"class_list":{"0":"post-55384","1":"product","2":"type-product","3":"status-publish","4":"has-post-thumbnail","6":"product_cat-cardio","7":"product_cat-cardiogeraete","8":"product_cat-fitness","9":"product_cat-heimtrainer","10":"product_cat-sportartikel","12":"first","13":"instock","14":"taxable","15":"shipping-taxable","16":"purchasable","17":"product-type-simple","18":"add-to-wishlist-after_add_to_cart"},"jetpack_sharing_enabled":true,"_links":{"self":[{"href":"https:\/\/de-prime.com\/index.php\/wp-json\/wp\/v2\/product\/55384","targetHints":{"allow":["GET"]}}],"collection":[{"href":"https:\/\/de-prime.com\/index.php\/wp-json\/wp\/v2\/product"}],"about":[{"href":"https:\/\/de-prime.com\/index.php\/wp-json\/wp\/v2\/types\/product"}],"replies":[{"embeddable":true,"href":"https:\/\/de-prime.com\/index.php\/wp-json\/wp\/v2\/comments?post=55384"}],"wp:featuredmedia":[{"embeddable":true,"href":"https:\/\/de-prime.com\/index.php\/wp-json\/"}],"wp:attachment":[{"href":"https:\/\/de-prime.com\/index.php\/wp-json\/wp\/v2\/media?parent=55384"}],"wp:term":[{"taxonomy":"product_brand","embeddable":true,"href":"https:\/\/de-prime.com\/index.php\/wp-json\/wp\/v2\/product_brand?post=55384"},{"taxonomy":"product_cat","embeddable":true,"href":"https:\/\/de-prime.com\/index.php\/wp-json\/wp\/v2\/product_cat?post=55384"},{"taxonomy":"product_tag","embeddable":true,"href":"https:\/\/de-prime.com\/index.php\/wp-json\/wp\/v2\/product_tag?post=55384"}],"curies":[{"name":"wp","href":"https:\/\/api.w.org\/{rel}","templated":true}]}}