{"id":55376,"date":"2024-10-01T16:11:36","date_gmt":"2024-10-01T16:11:36","guid":{"rendered":"https:\/\/de-prime.com\/?p=55376"},"modified":"2024-10-01T16:42:22","modified_gmt":"2024-10-01T16:42:22","slug":"heimtrainer-mit-pulsmesser-schwarz-und-rot","status":"publish","type":"product","link":"https:\/\/de-prime.com\/index.php\/product\/heimtrainer-mit-pulsmesser-schwarz-und-rot\/","title":{"rendered":"Heimtrainer mit Pulsmesser Schwarz und Rot"},"content":{"rendered":"<p>Dieses kompakte und robuste Heimtrainer-Fahrrad eignet sich hervorragend zum Trainieren zu Hause. Es verf\u00fcgt \u00fcber einen verstellbaren Sitz, mehrstufige Widerstandsreglern und eine Vielzahl von Computerfunktionen f\u00fcr ein effektives Training. Das LCD-Display liefert alle relevanten Informationen, einschlie\u00dflich Zeit, Geschwindigkeit, Entfernung, Kalorienverbrauch, Kilometerz\u00e4hler und Puls. Sowohl der Sitz als auch der Lenker sind verstellbar, so dass Sie die f\u00fcr Sie bequemste Trainingsposition einstellen k\u00f6nnen. Der Heimtrainer ist mit einem leicht zu erreichenden Flaschenhalter am Rahmen ausgestattet, so dass Sie w\u00e4hrend des Trainings ausreichend Fl\u00fcssigkeit zu sich nehmen k\u00f6nnen. Zus\u00e4tzlich sorgen rutschfeste Pedale mit Pedalriemen f\u00fcr ein sicheres Training. Das Ergometer hat einen Gummiriemenantrieb, der Ihr Training bequemer und leiser macht.<\/p>\n<ul>\n<li>Farbe: Schwarz und Rot<\/li>\n<li>Material: Stahlrahmen + Schwungrad aus Stahl und Kunststoff<\/li>\n<li>Ma\u00dfe: 97 x 46 x 108 cm (L x B x H)<\/li>\n<li>Schwungradgewicht: 15 kg<\/li>\n<li>Maximales Benutzergewicht: 100 kg<\/li>\n<li>Computerfunktionen: Scan, Zeit, Geschwindigkeit, Entfernung, Kalorien, Kilometerz\u00e4hler, Puls<\/li>\n<li>Mit einem Flaschenhalter<\/li>\n<li>Mit Gummiriemenantrieb<\/li>\n<li>Sattel kann vertikal und horizontal eingestellt werden<\/li>\n<li>Lenker k\u00f6nnen vertikal eingestellt werden<\/li>\n<li>Mehrstufiges Reibungswiderstandssystem<\/li>\n<\/ul>\n","protected":false},"excerpt":{"rendered":"<ul>\n<li>Farbe: Schwarz und Rot<\/li>\n<li>Material: Stahlrahmen + Schwungrad aus Stahl und Kunststoff<\/li>\n<li>Ma\u00dfe: 97 x 46 x 108 cm (L x B x H)<\/li>\n<li>Schwungradgewicht: 15 kg<\/li>\n<li>Maximales Benutzergewicht: 100 kg<\/li>\n<li>Computerfunktionen: Scan, Zeit, Geschwindigkeit, Entfernung, Kalorien, Kilometerz\u00e4hler, Puls<\/li>\n<li>Mit einem Flaschenhalter<\/li>\n<li>Mit Gummiriemenantrieb<\/li>\n<li>Sattel kann vertikal und horizontal eingestellt werden<\/li>\n<li>Lenker k\u00f6nnen vertikal eingestellt werden<\/li>\n<li>Mehrstufiges Reibungswiderstandssystem<\/li>\n<\/ul>\n","protected":false},"featured_media":10000055376,"comment_status":"closed","ping_status":"closed","template":"","meta":[],"product_brand":[],"product_cat":[6901,6902,6846,6903,6836],"product_tag":[],"class_list":{"0":"post-55376","1":"product","2":"type-product","3":"status-publish","4":"has-post-thumbnail","6":"product_cat-cardio","7":"product_cat-cardiogeraete","8":"product_cat-fitness","9":"product_cat-heimtrainer","10":"product_cat-sportartikel","12":"first","13":"instock","14":"taxable","15":"shipping-taxable","16":"purchasable","17":"product-type-simple","18":"add-to-wishlist-after_add_to_cart"},"jetpack_sharing_enabled":true,"_links":{"self":[{"href":"https:\/\/de-prime.com\/index.php\/wp-json\/wp\/v2\/product\/55376","targetHints":{"allow":["GET"]}}],"collection":[{"href":"https:\/\/de-prime.com\/index.php\/wp-json\/wp\/v2\/product"}],"about":[{"href":"https:\/\/de-prime.com\/index.php\/wp-json\/wp\/v2\/types\/product"}],"replies":[{"embeddable":true,"href":"https:\/\/de-prime.com\/index.php\/wp-json\/wp\/v2\/comments?post=55376"}],"wp:featuredmedia":[{"embeddable":true,"href":"https:\/\/de-prime.com\/index.php\/wp-json\/"}],"wp:attachment":[{"href":"https:\/\/de-prime.com\/index.php\/wp-json\/wp\/v2\/media?parent=55376"}],"wp:term":[{"taxonomy":"product_brand","embeddable":true,"href":"https:\/\/de-prime.com\/index.php\/wp-json\/wp\/v2\/product_brand?post=55376"},{"taxonomy":"product_cat","embeddable":true,"href":"https:\/\/de-prime.com\/index.php\/wp-json\/wp\/v2\/product_cat?post=55376"},{"taxonomy":"product_tag","embeddable":true,"href":"https:\/\/de-prime.com\/index.php\/wp-json\/wp\/v2\/product_tag?post=55376"}],"curies":[{"name":"wp","href":"https:\/\/api.w.org\/{rel}","templated":true}]}}