{"id":55370,"date":"2024-10-01T16:11:35","date_gmt":"2024-10-01T16:11:35","guid":{"rendered":"https:\/\/de-prime.com\/?p=55370"},"modified":"2024-10-01T16:40:27","modified_gmt":"2024-10-01T16:40:27","slug":"pure2improve-power-bag-5-kg","status":"publish","type":"product","link":"https:\/\/de-prime.com\/index.php\/product\/pure2improve-power-bag-5-kg\/","title":{"rendered":"Pure2Improve Power Bag 5 kg"},"content":{"rendered":"<p>Der Power Bag von Pure2Improve mit auff\u00e4lligen Farben wiegt 5 kg und ist das perfekte Fitness-Accessoire f\u00fcr ein Ganzk\u00f6rpertraining! Ausgestattet mit 4 ergonomischen Griffen f\u00fcr einen flexiblen Halt eignet sich dieser 5 kg Gewichtssack nicht nur zum St\u00e4rken verschiedener Muskelgruppen in den eigenen vier W\u00e4nden, sondern ist auch sehr gut f\u00fcr Aerobic-, Gymnastik- oder Fitness\u00fcbungen. Au\u00dferdem bietet er einen festen und komfortablen Griff und sorgt f\u00fcr einen effektiven Muskelaufbau, Kalorienverbrennung und gr\u00f6\u00dftm\u00f6gliche Beweglichkeit.<\/p>\n<ul>\n<li>Farbe: Schwarz und Gelb<\/li>\n<li>Material: PVC, PE<\/li>\n<li>Abmessungen: 53 x 22 cm (L x Durchmesser)<\/li>\n<li>Mit ergonomischen Griffen<\/li>\n<li>Gewicht: 5 kg<\/li>\n<\/ul>\n","protected":false},"excerpt":{"rendered":"<ul>\n<li>Farbe: Schwarz und Gelb<\/li>\n<li>Material: PVC, PE<\/li>\n<li>Abmessungen: 53 x 22 cm (L x Durchmesser)<\/li>\n<li>Mit ergonomischen Griffen<\/li>\n<li>Gewicht: 5 kg<\/li>\n<\/ul>\n","protected":false},"featured_media":10000055370,"comment_status":"closed","ping_status":"closed","template":"","meta":[],"product_brand":[],"product_cat":[6846,6899,6900,6836],"product_tag":[],"class_list":{"0":"post-55370","1":"product","2":"type-product","3":"status-publish","4":"has-post-thumbnail","6":"product_cat-fitness","7":"product_cat-gewichtheben","8":"product_cat-hanteln-gewichte","9":"product_cat-sportartikel","11":"first","12":"outofstock","13":"taxable","14":"shipping-taxable","15":"purchasable","16":"product-type-simple","17":"add-to-wishlist-after_add_to_cart"},"jetpack_sharing_enabled":true,"_links":{"self":[{"href":"https:\/\/de-prime.com\/index.php\/wp-json\/wp\/v2\/product\/55370","targetHints":{"allow":["GET"]}}],"collection":[{"href":"https:\/\/de-prime.com\/index.php\/wp-json\/wp\/v2\/product"}],"about":[{"href":"https:\/\/de-prime.com\/index.php\/wp-json\/wp\/v2\/types\/product"}],"replies":[{"embeddable":true,"href":"https:\/\/de-prime.com\/index.php\/wp-json\/wp\/v2\/comments?post=55370"}],"wp:featuredmedia":[{"embeddable":true,"href":"https:\/\/de-prime.com\/index.php\/wp-json\/"}],"wp:attachment":[{"href":"https:\/\/de-prime.com\/index.php\/wp-json\/wp\/v2\/media?parent=55370"}],"wp:term":[{"taxonomy":"product_brand","embeddable":true,"href":"https:\/\/de-prime.com\/index.php\/wp-json\/wp\/v2\/product_brand?post=55370"},{"taxonomy":"product_cat","embeddable":true,"href":"https:\/\/de-prime.com\/index.php\/wp-json\/wp\/v2\/product_cat?post=55370"},{"taxonomy":"product_tag","embeddable":true,"href":"https:\/\/de-prime.com\/index.php\/wp-json\/wp\/v2\/product_tag?post=55370"}],"curies":[{"name":"wp","href":"https:\/\/api.w.org\/{rel}","templated":true}]}}