{"id":55368,"date":"2024-10-01T16:11:35","date_gmt":"2024-10-01T16:11:35","guid":{"rendered":"https:\/\/de-prime.com\/?p=55368"},"modified":"2024-10-01T16:40:25","modified_gmt":"2024-10-01T16:40:25","slug":"hantelscheibe-40-kg-gusseisen","status":"publish","type":"product","link":"https:\/\/de-prime.com\/index.php\/product\/hantelscheibe-40-kg-gusseisen\/","title":{"rendered":"Hantelscheibe 40 kg Gusseisen"},"content":{"rendered":"<p>Diese 40 kg Hantelscheibe eignet sich ideal f\u00fcr die Kr\u00e4ftigung und Formung deiner Muskulatur, wenn sie zusammen mit einer Langhantel-, Kurzhantel- oder Curlstange mit einem Durchmesser von 3 cm verwendet wird. Strapazierf\u00e4higes Material: Diese Langhantelscheibe verf\u00fcgt \u00fcber eine kratzfeste Einbrennlack-Pulverbeschichtung, die sich f\u00fcr den langfristigen Gebrauch eignet.Deutlich gestanztes Gewicht: Das Gewicht ist auf jeder Gewichtsscheibe deutlich gestanzt, um eine schnelle und einfache Identifizierung zu erm\u00f6glichen.Multifunktionale Scheibe: Die multifunktionale Langhantelscheibe eignet sich f\u00fcr das Trainieren der Brust-, Bizeps-, Arm-, Trizeps- und R\u00fcckenmuskulatur.<\/p>\n<ul>\n<li>Farbe: Schwarz<\/li>\n<li>Material: Gusseisen mit Einbrennlack-Pulverbeschichtung<\/li>\n<li>Durchmesser: 34 cm<\/li>\n<li>Lochdurchmesser: 3 cm<\/li>\n<li>Gesamtgewicht: 40 kg<\/li>\n<li>Passender Langhantel-Durchmesser: 3 cm (Langhantel ist nicht im Lieferumfang enthalten)<\/li>\n<li><strong>Lieferung umfasst:<\/strong><\/li>\n<li>2 x Hantelscheibe<\/li>\n<\/ul>\n","protected":false},"excerpt":{"rendered":"<ul>\n<li>Farbe: Schwarz<\/li>\n<li>Material: Gusseisen mit Einbrennlack-Pulverbeschichtung<\/li>\n<li>Durchmesser: 34 cm<\/li>\n<li>Lochdurchmesser: 3 cm<\/li>\n<li>Gesamtgewicht: 40 kg<\/li>\n<li>Passender Langhantel-Durchmesser: 3 cm (Langhantel ist nicht im Lieferumfang enthalten)<\/li>\n<li><strong>Lieferung umfasst:<\/strong><\/li>\n<li>2 x Hantelscheibe<\/li>\n<\/ul>\n","protected":false},"featured_media":10000055368,"comment_status":"closed","ping_status":"closed","template":"","meta":[],"product_brand":[],"product_cat":[6846,6899,6900,6836],"product_tag":[],"class_list":{"0":"post-55368","1":"product","2":"type-product","3":"status-publish","4":"has-post-thumbnail","6":"product_cat-fitness","7":"product_cat-gewichtheben","8":"product_cat-hanteln-gewichte","9":"product_cat-sportartikel","11":"first","12":"outofstock","13":"taxable","14":"shipping-taxable","15":"purchasable","16":"product-type-simple","17":"add-to-wishlist-after_add_to_cart"},"jetpack_sharing_enabled":true,"_links":{"self":[{"href":"https:\/\/de-prime.com\/index.php\/wp-json\/wp\/v2\/product\/55368","targetHints":{"allow":["GET"]}}],"collection":[{"href":"https:\/\/de-prime.com\/index.php\/wp-json\/wp\/v2\/product"}],"about":[{"href":"https:\/\/de-prime.com\/index.php\/wp-json\/wp\/v2\/types\/product"}],"replies":[{"embeddable":true,"href":"https:\/\/de-prime.com\/index.php\/wp-json\/wp\/v2\/comments?post=55368"}],"wp:featuredmedia":[{"embeddable":true,"href":"https:\/\/de-prime.com\/index.php\/wp-json\/"}],"wp:attachment":[{"href":"https:\/\/de-prime.com\/index.php\/wp-json\/wp\/v2\/media?parent=55368"}],"wp:term":[{"taxonomy":"product_brand","embeddable":true,"href":"https:\/\/de-prime.com\/index.php\/wp-json\/wp\/v2\/product_brand?post=55368"},{"taxonomy":"product_cat","embeddable":true,"href":"https:\/\/de-prime.com\/index.php\/wp-json\/wp\/v2\/product_cat?post=55368"},{"taxonomy":"product_tag","embeddable":true,"href":"https:\/\/de-prime.com\/index.php\/wp-json\/wp\/v2\/product_tag?post=55368"}],"curies":[{"name":"wp","href":"https:\/\/api.w.org\/{rel}","templated":true}]}}