{"id":55365,"date":"2024-10-01T16:11:35","date_gmt":"2024-10-01T16:11:35","guid":{"rendered":"https:\/\/de-prime.com\/?p=55365"},"modified":"2024-10-01T16:40:23","modified_gmt":"2024-10-01T16:40:23","slug":"langhantel-mit-hantelscheiben-90-kg-gusseisen","status":"publish","type":"product","link":"https:\/\/de-prime.com\/index.php\/product\/langhantel-mit-hantelscheiben-90-kg-gusseisen\/","title":{"rendered":"Langhantel mit Hantelscheiben 90 kg Gusseisen"},"content":{"rendered":"<p>Dieses vielseitige Hantelset aus Hantelstange und Gewichtsscheiben ist die perfekte Wahl f\u00fcr alle, die nach verschiedenen Workout-Optionen suchen. Strapazierf\u00e4higes Material: Aus verchromtem Stahl gefertigt, ist diese Langhantel sicherlich robust und stabil. Hantelscheiben: Mit den 7 verschiedenen Gewichten \u2013 2 x 7,5 kg, 2 x 2 kg, 2 x 1 kg, 4 x 0,5 kg, 2 x 10 kg, 2 x 5 kg, 2 x 15 kg \u2013 kannst du dein Krafttraining ganz nach Belieben gestalten. Die verschiedenen Hantelscheiben erf\u00fcllen immer deine unterschiedlichen Trainingsbed\u00fcrfnisse.Deutlich gestanzte Gewichtsangabe: Das Gewicht ist auf jeder Gewichtsscheibe deutlich gestanzt, um eine schnelle und einfache Identifizierung zu erm\u00f6glichen.Multifunktionale Hantel: Das multifunktionale Hantelset eignet sich f\u00fcr das Trainieren der Brust-, Bizeps-, Arm-, Trizeps- und R\u00fcckenmuskulatur.Praktischer Sternverschluss: Die sternf\u00f6rmigen Verschl\u00fcsse sorgen daf\u00fcr, dass die Hantelscheiben sicher an ihrem Platz bleiben. Hinweis:Jedes Produkt wird mit einer Montageanleitung in der Verpackung f\u00fcr einen einfachen Zusammenbau geliefert.<\/p>\n<ul>\n<li>Farbe: Schwarz<\/li>\n<li>Material: Verchromter Stahl, Gusseisen mit Gummibeschichtung, Gusseisen mit Einbrennlack-Pulverbeschichtung<\/li>\n<li>Langhantel-Gr\u00f6\u00dfe: 3 x 120 cm (Durchmesser x L)<\/li>\n<li>Durchmesser der 7,5-kg-Gewichtsscheiben: 25 cm<\/li>\n<li>Durchmesser der 2-kg-Gewichtsscheiben: 16 cm<\/li>\n<li>Durchmesser der 1-kg-Gewichtsscheiben: 12 cm<\/li>\n<li>Durchmesser der 0,5-kg-Gewichtsscheiben: 10 cm<\/li>\n<li>Durchmesser der 10-kg-Hantelscheiben: 27,5 cm<\/li>\n<li>Durchmesser der 5-kg-Hantelscheiben: 21 cm<\/li>\n<li>Dicke der 10-kg-Hantelscheiben: 3,4 cm<\/li>\n<li>Dicke der 5-kg-Hantelscheiben: 2,9 cm<\/li>\n<li>Durchmesser der 15-kg-Hantelscheiben: 30,7 cm<\/li>\n<li>Dicke der 15-kg-Hantelscheiben: 3,8 cm<\/li>\n<li>Loch-Durchmesser: 30 mm<\/li>\n<li>Gesamtgewicht: 90 kg<\/li>\n<li>Gewicht der Langhantel: 7 kg<\/li>\n<li>Maximale Tragf\u00e4higkeit der Hantelstange (120 cm): 100 kg<\/li>\n<li><strong>Lieferung umfasst:<\/strong><\/li>\n<li>1 x Langhantelstange<\/li>\n<li>2 x Scheibe (7,5 kg)<\/li>\n<li>2 x Hantelscheibe (2 kg)<\/li>\n<li>2 x Hantelscheibe (1 kg)<\/li>\n<li>4 x Hantelscheibe (0,5 kg)<\/li>\n<li>2 x Hantelscheibe (10 kg)<\/li>\n<li>2 x Scheibe (5 kg)<\/li>\n<li>2 x Scheibe (15 kg)<\/li>\n<li>2 x Metall-Sternvschluss (f\u00fcr Hanteln)<\/li>\n<\/ul>\n","protected":false},"excerpt":{"rendered":"<ul>\n<li>Farbe: Schwarz<\/li>\n<li>Material: Verchromter Stahl, Gusseisen mit Gummibeschichtung, Gusseisen mit Einbrennlack-Pulverbeschichtung<\/li>\n<li>Langhantel-Gr\u00f6\u00dfe: 3 x 120 cm (Durchmesser x L)<\/li>\n<li>Durchmesser der 7,5-kg-Gewichtsscheiben: 25 cm<\/li>\n<li>Durchmesser der 2-kg-Gewichtsscheiben: 16 cm<\/li>\n<li>Durchmesser der 1-kg-Gewichtsscheiben: 12 cm<\/li>\n<li>Durchmesser der 0,5-kg-Gewichtsscheiben: 10 cm<\/li>\n<li>Durchmesser der 10-kg-Hantelscheiben: 27,5 cm<\/li>\n<li>Durchmesser der 5-kg-Hantelscheiben: 21 cm<\/li>\n<li>Dicke der 10-kg-Hantelscheiben: 3,4 cm<\/li>\n<li>Dicke der 5-kg-Hantelscheiben: 2,9 cm<\/li>\n<li>Durchmesser der 15-kg-Hantelscheiben: 30,7 cm<\/li>\n<li>Dicke der 15-kg-Hantelscheiben: 3,8 cm<\/li>\n<li>Loch-Durchmesser: 30 mm<\/li>\n<li>Gesamtgewicht: 90 kg<\/li>\n<li>Gewicht der Langhantel: 7 kg<\/li>\n<li>Maximale Tragf\u00e4higkeit der Hantelstange (120 cm): 100 kg<\/li>\n<li><strong>Lieferung umfasst:<\/strong><\/li>\n<li>1 x Langhantelstange<\/li>\n<li>2 x Scheibe (7,5 kg)<\/li>\n<li>2 x Hantelscheibe (2 kg)<\/li>\n<li>2 x Hantelscheibe (1 kg)<\/li>\n<li>4 x Hantelscheibe (0,5 kg)<\/li>\n<li>2 x Hantelscheibe (10 kg)<\/li>\n<li>2 x Scheibe (5 kg)<\/li>\n<li>2 x Scheibe (15 kg)<\/li>\n<li>2 x Metall-Sternvschluss (f\u00fcr Hanteln)<\/li>\n<\/ul>\n","protected":false},"featured_media":10000055365,"comment_status":"closed","ping_status":"closed","template":"","meta":[],"product_brand":[],"product_cat":[6846,6899,6900,6836],"product_tag":[],"class_list":{"0":"post-55365","1":"product","2":"type-product","3":"status-publish","4":"has-post-thumbnail","6":"product_cat-fitness","7":"product_cat-gewichtheben","8":"product_cat-hanteln-gewichte","9":"product_cat-sportartikel","11":"first","12":"instock","13":"taxable","14":"shipping-taxable","15":"purchasable","16":"product-type-simple","17":"add-to-wishlist-after_add_to_cart"},"jetpack_sharing_enabled":true,"_links":{"self":[{"href":"https:\/\/de-prime.com\/index.php\/wp-json\/wp\/v2\/product\/55365","targetHints":{"allow":["GET"]}}],"collection":[{"href":"https:\/\/de-prime.com\/index.php\/wp-json\/wp\/v2\/product"}],"about":[{"href":"https:\/\/de-prime.com\/index.php\/wp-json\/wp\/v2\/types\/product"}],"replies":[{"embeddable":true,"href":"https:\/\/de-prime.com\/index.php\/wp-json\/wp\/v2\/comments?post=55365"}],"wp:featuredmedia":[{"embeddable":true,"href":"https:\/\/de-prime.com\/index.php\/wp-json\/"}],"wp:attachment":[{"href":"https:\/\/de-prime.com\/index.php\/wp-json\/wp\/v2\/media?parent=55365"}],"wp:term":[{"taxonomy":"product_brand","embeddable":true,"href":"https:\/\/de-prime.com\/index.php\/wp-json\/wp\/v2\/product_brand?post=55365"},{"taxonomy":"product_cat","embeddable":true,"href":"https:\/\/de-prime.com\/index.php\/wp-json\/wp\/v2\/product_cat?post=55365"},{"taxonomy":"product_tag","embeddable":true,"href":"https:\/\/de-prime.com\/index.php\/wp-json\/wp\/v2\/product_tag?post=55365"}],"curies":[{"name":"wp","href":"https:\/\/api.w.org\/{rel}","templated":true}]}}